{"id":6349,"date":"2023-06-01T07:12:21","date_gmt":"2023-06-01T06:12:21","guid":{"rendered":"https:\/\/imgw.designbees.ch\/?page_id=6349"},"modified":"2023-11-11T20:10:27","modified_gmt":"2023-11-11T19:10:27","slug":"records-management-cantonal-data-center","status":"publish","type":"page","link":"https:\/\/imageware.ch\/de\/records-management-cantonal-data-center\/","title":{"rendered":"Records management &#8211; cantonal data center."},"content":{"rendered":"\t\t<div data-elementor-type=\"wp-page\" data-elementor-id=\"6349\" class=\"elementor elementor-6349 elementor-3598\">\n\t\t\t\t\t\t<section class=\"elementor-section elementor-top-section elementor-element elementor-element-507fb2f elementor-section-items-stretch elementor-section-content-top elementor-section-height-min-height imgw_header elementor-section-boxed elementor-section-height-default\" data-id=\"507fb2f\" data-element_type=\"section\" data-settings=\"{&quot;background_background&quot;:&quot;classic&quot;}\">\n\t\t\t\t\t\t<div class=\"elementor-container elementor-column-gap-default\">\n\t\t\t\t\t<div class=\"elementor-column elementor-col-100 elementor-top-column elementor-element elementor-element-054bac0\" data-id=\"054bac0\" data-element_type=\"column\">\n\t\t\t<div class=\"elementor-widget-wrap elementor-element-populated\">\n\t\t\t\t\t\t<div class=\"elementor-element elementor-element-3f9066d elementor-widget elementor-widget-heading\" data-id=\"3f9066d\" data-element_type=\"widget\" data-widget_type=\"heading.default\">\n\t\t\t\t<div class=\"elementor-widget-container\">\n\t\t\t<h1 class=\"elementor-heading-title elementor-size-default\">RECORDS<\/h1>\t\t<\/div>\n\t\t\t\t<\/div>\n\t\t\t\t<div class=\"elementor-element elementor-element-2a98102 elementor-widget elementor-widget-heading\" data-id=\"2a98102\" data-element_type=\"widget\" data-widget_type=\"heading.default\">\n\t\t\t\t<div class=\"elementor-widget-container\">\n\t\t\t<h1 class=\"elementor-heading-title elementor-size-default\">MANAGEMENT<\/h1>\t\t<\/div>\n\t\t\t\t<\/div>\n\t\t\t\t\t<\/div>\n\t\t<\/div>\n\t\t\t\t\t<\/div>\n\t\t<\/section>\n\t\t\t\t<section class=\"elementor-section elementor-top-section elementor-element elementor-element-1e78965 imgw_sticky_header elementor-section-boxed elementor-section-height-default elementor-section-height-default\" data-id=\"1e78965\" data-element_type=\"section\">\n\t\t\t\t\t\t<div class=\"elementor-container elementor-column-gap-default\">\n\t\t\t\t\t<div class=\"elementor-column elementor-col-100 elementor-top-column elementor-element elementor-element-5f47eaf\" data-id=\"5f47eaf\" data-element_type=\"column\">\n\t\t\t<div class=\"elementor-widget-wrap elementor-element-populated\">\n\t\t\t\t\t\t<div class=\"elementor-element elementor-element-bdff470 elementor-widget elementor-widget-ucaddon_back_button\" data-id=\"bdff470\" data-element_type=\"widget\" data-widget_type=\"ucaddon_back_button.default\">\n\t\t\t\t<div class=\"elementor-widget-container\">\n\t\t\t\n<!-- start back-button -->\n<style>\/* widget: back-button *\/\n\n.back-button  i {\n    color: #990001 !important;\n    font-size: 1.5em; \n}\n\n.back-button{\n  border: 0px;\n  outline: 0px;\n  position: absolute;\n  right: -50px;\n}\n\n.imgw_sticky_header\n{\n\tpadding: 0;\n\tcursor: pointer;\n    position: -webkit-sticky !important;\n  \tposition: sticky !important;\n  \ttop: 94vh;\n    z-index: 1000\n}\n\n.is-pinned{\n\tbackground: red !important\n}\n\n\/*Media tablet - landscape*\/\n@media (min-width: 768px) and (max-width: 1024px) {\n  .back-button{\n    border: 0px;\n    outline: 0px;\n    margin-left: 0px;\n    background: #fff;\n  }\n}\n\n.back-button:hover, .back-button:active, .back-button:focus{\n  background:none;\n}\n\n<\/style>\n\n<button type=\"button\" class=\"back-button\"><i aria-hidden=\"true\" class=\"fas fa-arrow-circle-up\"><\/i><\/button>\n<!-- end back-button -->\t\t<\/div>\n\t\t\t\t<\/div>\n\t\t\t\t\t<\/div>\n\t\t<\/div>\n\t\t\t\t\t<\/div>\n\t\t<\/section>\n\t\t\t\t<section class=\"elementor-section elementor-top-section elementor-element elementor-element-ba72359 elementor-section-boxed elementor-section-height-default elementor-section-height-default\" data-id=\"ba72359\" data-element_type=\"section\">\n\t\t\t\t\t\t<div class=\"elementor-container elementor-column-gap-default\">\n\t\t\t\t\t<div class=\"elementor-column elementor-col-100 elementor-top-column elementor-element elementor-element-fa7407b\" data-id=\"fa7407b\" data-element_type=\"column\">\n\t\t\t<div class=\"elementor-widget-wrap elementor-element-populated\">\n\t\t\t\t\t\t<div class=\"elementor-element elementor-element-a3a5d87 elementor-widget elementor-widget-heading\" data-id=\"a3a5d87\" data-element_type=\"widget\" data-widget_type=\"heading.default\">\n\t\t\t\t<div class=\"elementor-widget-container\">\n\t\t\t<h2 class=\"elementor-heading-title elementor-size-default\">In einem\nkantonalen Rechenzentrum<\/h2>\t\t<\/div>\n\t\t\t\t<\/div>\n\t\t\t\t\t<\/div>\n\t\t<\/div>\n\t\t\t\t\t<\/div>\n\t\t<\/section>\n\t\t\t\t<section class=\"elementor-section elementor-top-section elementor-element elementor-element-381e3ef elementor-section-height-min-height elementor-section-items-top elementor-section-boxed elementor-section-height-default\" data-id=\"381e3ef\" data-element_type=\"section\">\n\t\t\t\t\t\t<div class=\"elementor-container elementor-column-gap-default\">\n\t\t\t\t\t<div class=\"elementor-column elementor-col-100 elementor-top-column elementor-element elementor-element-70c5ccf\" data-id=\"70c5ccf\" data-element_type=\"column\">\n\t\t\t<div class=\"elementor-widget-wrap elementor-element-populated\">\n\t\t\t\t\t\t<div class=\"elementor-element elementor-element-5501626 imgw_p_summit elementor-widget elementor-widget-heading\" data-id=\"5501626\" data-element_type=\"widget\" data-widget_type=\"heading.default\">\n\t\t\t\t<div class=\"elementor-widget-container\">\n\t\t\t<p class=\"elementor-heading-title elementor-size-default\">In einem kantonalen Rechenzentrum liefern verschiedene Fachapplikationen grosse Dokumentenmengen aus Rechnungsl\u00e4ufen und Massenversendungen zur Verwaltung und Archivierung.<\/p>\t\t<\/div>\n\t\t\t\t<\/div>\n\t\t\t\t\t<\/div>\n\t\t<\/div>\n\t\t\t\t\t<\/div>\n\t\t<\/section>\n\t\t\t\t<section class=\"elementor-section elementor-top-section elementor-element elementor-element-d1c58dc elementor-section-boxed elementor-section-height-default elementor-section-height-default\" data-id=\"d1c58dc\" data-element_type=\"section\">\n\t\t\t\t\t\t<div class=\"elementor-container elementor-column-gap-default\">\n\t\t\t\t\t<div class=\"elementor-column elementor-col-100 elementor-top-column elementor-element elementor-element-5c01fe1\" data-id=\"5c01fe1\" data-element_type=\"column\">\n\t\t\t<div class=\"elementor-widget-wrap elementor-element-populated\">\n\t\t\t\t\t\t<div class=\"elementor-element elementor-element-dce7bc1 elementor-widget elementor-widget-heading\" data-id=\"dce7bc1\" data-element_type=\"widget\" data-widget_type=\"heading.default\">\n\t\t\t\t<div class=\"elementor-widget-container\">\n\t\t\t<p class=\"elementor-heading-title elementor-size-default\">Hinzu kommen Einzel- und Individual\u2013Dokumente, die ebenfalls zum jeweiligen Gesch\u00e4ftsfall zugeordnet und aufbewahrt werden m\u00fcssen. Die konventionelle Handhabung dieser Dokumente stellte die Organisation vor schier unl\u00f6sbare Probleme. Der Einsatz einer Records Management L\u00f6sung erm\u00f6glicht eine komfortable Aktenf\u00fchrung (Abbildung eines Aktenplans mit Dossiers und Subdossier etc.) unter Einhaltung gesetzlicher und organisatorischer Vorgaben sowie des Datenschutzes. Die L\u00f6sung fungiert dabei im Hintergrund, d.h. registerf\u00fchrend bleiben stets die im Einsatz stehenden Fachanwendungen. Die Records Management L\u00f6sung bietet eine rechtskonforme, l\u00fcckenlose Dokumentenbewirtschaftung von der Erstspeicherung bis zur \u00dcbergabe an das Staatsarchiv respektive bis zur L\u00f6schung. Durch die flexible Integration k\u00f6nnen die verschiedensten Quellen einfach angebunden werden. Der Schulungsaufwand ist gering, da die Informationsbewirtschaftung weiterhin \u00fcber die vertrauten Fachanwendungen erfolgt.<\/p>\t\t<\/div>\n\t\t\t\t<\/div>\n\t\t\t\t\t<\/div>\n\t\t<\/div>\n\t\t\t\t\t<\/div>\n\t\t<\/section>\n\t\t\t\t<\/div>\n\t\t","protected":false},"excerpt":{"rendered":"<p>RECORDS MANAGEMENT In einem kantonalen Rechenzentrum In einem kantonalen Rechenzentrum liefern verschiedene Fachapplikationen grosse Dokumentenmengen aus Rechnungsl\u00e4ufen und Massenversendungen zur Verwaltung und Archivierung. Hinzu kommen Einzel- und Individual\u2013Dokumente, die ebenfalls zum jeweiligen Gesch\u00e4ftsfall zugeordnet und aufbewahrt werden m\u00fcssen. Die konventionelle Handhabung dieser Dokumente stellte die Organisation vor schier unl\u00f6sbare Probleme. Der Einsatz einer Records Management [&hellip;]<\/p>\n","protected":false},"author":2,"featured_media":0,"parent":0,"menu_order":0,"comment_status":"closed","ping_status":"closed","template":"","meta":{"footnotes":""},"class_list":["post-6349","page","type-page","status-publish","hentry"],"yoast_head":"<!-- This site is optimized with the Yoast SEO plugin v27.4 - https:\/\/yoast.com\/product\/yoast-seo-wordpress\/ -->\n<title>Records management - cantonal data center. - Imageware AG<\/title>\n<meta name=\"robots\" content=\"index, follow, max-snippet:-1, max-image-preview:large, max-video-preview:-1\" \/>\n<link rel=\"canonical\" href=\"https:\/\/imageware.ch\/de\/records-management-cantonal-data-center\/\" \/>\n<meta property=\"og:locale\" content=\"de_DE\" \/>\n<meta property=\"og:type\" content=\"article\" \/>\n<meta property=\"og:title\" content=\"Records management - cantonal data center. - Imageware AG\" \/>\n<meta property=\"og:description\" content=\"RECORDS MANAGEMENT In einem kantonalen Rechenzentrum In einem kantonalen Rechenzentrum liefern verschiedene Fachapplikationen grosse Dokumentenmengen aus Rechnungsl\u00e4ufen und Massenversendungen zur Verwaltung und Archivierung. Hinzu kommen Einzel- und Individual\u2013Dokumente, die ebenfalls zum jeweiligen Gesch\u00e4ftsfall zugeordnet und aufbewahrt werden m\u00fcssen. Die konventionelle Handhabung dieser Dokumente stellte die Organisation vor schier unl\u00f6sbare Probleme. Der Einsatz einer Records Management [&hellip;]\" \/>\n<meta property=\"og:url\" content=\"https:\/\/imageware.ch\/de\/records-management-cantonal-data-center\/\" \/>\n<meta property=\"og:site_name\" content=\"Imageware AG\" \/>\n<meta property=\"article:modified_time\" content=\"2023-11-11T19:10:27+00:00\" \/>\n<meta property=\"og:image\" content=\"https:\/\/imageware.ch\/wp-content\/uploads\/2023\/02\/Image.png\" \/>\n\t<meta property=\"og:image:width\" content=\"532\" \/>\n\t<meta property=\"og:image:height\" content=\"610\" \/>\n\t<meta property=\"og:image:type\" content=\"image\/png\" \/>\n<meta name=\"twitter:card\" content=\"summary_large_image\" \/>\n<meta name=\"twitter:label1\" content=\"Gesch\u00e4tzte Lesezeit\" \/>\n\t<meta name=\"twitter:data1\" content=\"1\u00a0Minute\" \/>\n<script type=\"application\/ld+json\" class=\"yoast-schema-graph\">{\"@context\":\"https:\\\/\\\/schema.org\",\"@graph\":[{\"@type\":\"WebPage\",\"@id\":\"https:\\\/\\\/imageware.ch\\\/de\\\/records-management-cantonal-data-center\\\/\",\"url\":\"https:\\\/\\\/imageware.ch\\\/de\\\/records-management-cantonal-data-center\\\/\",\"name\":\"Records management - cantonal data center. - Imageware AG\",\"isPartOf\":{\"@id\":\"https:\\\/\\\/imageware.ch\\\/de\\\/#website\"},\"datePublished\":\"2023-06-01T06:12:21+00:00\",\"dateModified\":\"2023-11-11T19:10:27+00:00\",\"breadcrumb\":{\"@id\":\"https:\\\/\\\/imageware.ch\\\/de\\\/records-management-cantonal-data-center\\\/#breadcrumb\"},\"inLanguage\":\"de\",\"potentialAction\":[{\"@type\":\"ReadAction\",\"target\":[\"https:\\\/\\\/imageware.ch\\\/de\\\/records-management-cantonal-data-center\\\/\"]}]},{\"@type\":\"BreadcrumbList\",\"@id\":\"https:\\\/\\\/imageware.ch\\\/de\\\/records-management-cantonal-data-center\\\/#breadcrumb\",\"itemListElement\":[{\"@type\":\"ListItem\",\"position\":1,\"name\":\"Home\",\"item\":\"https:\\\/\\\/imageware.ch\\\/de\\\/\"},{\"@type\":\"ListItem\",\"position\":2,\"name\":\"Records management &#8211; cantonal data center.\"}]},{\"@type\":\"WebSite\",\"@id\":\"https:\\\/\\\/imageware.ch\\\/de\\\/#website\",\"url\":\"https:\\\/\\\/imageware.ch\\\/de\\\/\",\"name\":\"Imageware AG - Intelligent Information Management Solutions\",\"description\":\"We turn information into knowledge!\",\"publisher\":{\"@id\":\"https:\\\/\\\/imageware.ch\\\/de\\\/#organization\"},\"potentialAction\":[{\"@type\":\"SearchAction\",\"target\":{\"@type\":\"EntryPoint\",\"urlTemplate\":\"https:\\\/\\\/imageware.ch\\\/de\\\/?s={search_term_string}\"},\"query-input\":{\"@type\":\"PropertyValueSpecification\",\"valueRequired\":true,\"valueName\":\"search_term_string\"}}],\"inLanguage\":\"de\"},{\"@type\":\"Organization\",\"@id\":\"https:\\\/\\\/imageware.ch\\\/de\\\/#organization\",\"name\":\"Imageware AG - Intelligent Information Management Solutions\",\"url\":\"https:\\\/\\\/imageware.ch\\\/de\\\/\",\"logo\":{\"@type\":\"ImageObject\",\"inLanguage\":\"de\",\"@id\":\"https:\\\/\\\/imageware.ch\\\/de\\\/#\\\/schema\\\/logo\\\/image\\\/\",\"url\":\"https:\\\/\\\/imageware.ch\\\/wp-content\\\/uploads\\\/2023\\\/02\\\/logo1.png\",\"contentUrl\":\"https:\\\/\\\/imageware.ch\\\/wp-content\\\/uploads\\\/2023\\\/02\\\/logo1.png\",\"width\":384,\"height\":110,\"caption\":\"Imageware AG - Intelligent Information Management Solutions\"},\"image\":{\"@id\":\"https:\\\/\\\/imageware.ch\\\/de\\\/#\\\/schema\\\/logo\\\/image\\\/\"}}]}<\/script>\n<!-- \/ Yoast SEO plugin. -->","yoast_head_json":{"title":"Records management - cantonal data center. - Imageware AG","robots":{"index":"index","follow":"follow","max-snippet":"max-snippet:-1","max-image-preview":"max-image-preview:large","max-video-preview":"max-video-preview:-1"},"canonical":"https:\/\/imageware.ch\/de\/records-management-cantonal-data-center\/","og_locale":"de_DE","og_type":"article","og_title":"Records management - cantonal data center. - Imageware AG","og_description":"RECORDS MANAGEMENT In einem kantonalen Rechenzentrum In einem kantonalen Rechenzentrum liefern verschiedene Fachapplikationen grosse Dokumentenmengen aus Rechnungsl\u00e4ufen und Massenversendungen zur Verwaltung und Archivierung. Hinzu kommen Einzel- und Individual\u2013Dokumente, die ebenfalls zum jeweiligen Gesch\u00e4ftsfall zugeordnet und aufbewahrt werden m\u00fcssen. Die konventionelle Handhabung dieser Dokumente stellte die Organisation vor schier unl\u00f6sbare Probleme. Der Einsatz einer Records Management [&hellip;]","og_url":"https:\/\/imageware.ch\/de\/records-management-cantonal-data-center\/","og_site_name":"Imageware AG","article_modified_time":"2023-11-11T19:10:27+00:00","og_image":[{"width":532,"height":610,"url":"https:\/\/imageware.ch\/wp-content\/uploads\/2023\/02\/Image.png","type":"image\/png"}],"twitter_card":"summary_large_image","twitter_misc":{"Gesch\u00e4tzte Lesezeit":"1\u00a0Minute"},"schema":{"@context":"https:\/\/schema.org","@graph":[{"@type":"WebPage","@id":"https:\/\/imageware.ch\/de\/records-management-cantonal-data-center\/","url":"https:\/\/imageware.ch\/de\/records-management-cantonal-data-center\/","name":"Records management - cantonal data center. - Imageware AG","isPartOf":{"@id":"https:\/\/imageware.ch\/de\/#website"},"datePublished":"2023-06-01T06:12:21+00:00","dateModified":"2023-11-11T19:10:27+00:00","breadcrumb":{"@id":"https:\/\/imageware.ch\/de\/records-management-cantonal-data-center\/#breadcrumb"},"inLanguage":"de","potentialAction":[{"@type":"ReadAction","target":["https:\/\/imageware.ch\/de\/records-management-cantonal-data-center\/"]}]},{"@type":"BreadcrumbList","@id":"https:\/\/imageware.ch\/de\/records-management-cantonal-data-center\/#breadcrumb","itemListElement":[{"@type":"ListItem","position":1,"name":"Home","item":"https:\/\/imageware.ch\/de\/"},{"@type":"ListItem","position":2,"name":"Records management &#8211; cantonal data center."}]},{"@type":"WebSite","@id":"https:\/\/imageware.ch\/de\/#website","url":"https:\/\/imageware.ch\/de\/","name":"Imageware AG - Intelligent Information Management Solutions","description":"We turn information into knowledge!","publisher":{"@id":"https:\/\/imageware.ch\/de\/#organization"},"potentialAction":[{"@type":"SearchAction","target":{"@type":"EntryPoint","urlTemplate":"https:\/\/imageware.ch\/de\/?s={search_term_string}"},"query-input":{"@type":"PropertyValueSpecification","valueRequired":true,"valueName":"search_term_string"}}],"inLanguage":"de"},{"@type":"Organization","@id":"https:\/\/imageware.ch\/de\/#organization","name":"Imageware AG - Intelligent Information Management Solutions","url":"https:\/\/imageware.ch\/de\/","logo":{"@type":"ImageObject","inLanguage":"de","@id":"https:\/\/imageware.ch\/de\/#\/schema\/logo\/image\/","url":"https:\/\/imageware.ch\/wp-content\/uploads\/2023\/02\/logo1.png","contentUrl":"https:\/\/imageware.ch\/wp-content\/uploads\/2023\/02\/logo1.png","width":384,"height":110,"caption":"Imageware AG - Intelligent Information Management Solutions"},"image":{"@id":"https:\/\/imageware.ch\/de\/#\/schema\/logo\/image\/"}}]}},"_links":{"self":[{"href":"https:\/\/imageware.ch\/de\/wp-json\/wp\/v2\/pages\/6349","targetHints":{"allow":["GET"]}}],"collection":[{"href":"https:\/\/imageware.ch\/de\/wp-json\/wp\/v2\/pages"}],"about":[{"href":"https:\/\/imageware.ch\/de\/wp-json\/wp\/v2\/types\/page"}],"author":[{"embeddable":true,"href":"https:\/\/imageware.ch\/de\/wp-json\/wp\/v2\/users\/2"}],"replies":[{"embeddable":true,"href":"https:\/\/imageware.ch\/de\/wp-json\/wp\/v2\/comments?post=6349"}],"version-history":[{"count":55,"href":"https:\/\/imageware.ch\/de\/wp-json\/wp\/v2\/pages\/6349\/revisions"}],"predecessor-version":[{"id":23266,"href":"https:\/\/imageware.ch\/de\/wp-json\/wp\/v2\/pages\/6349\/revisions\/23266"}],"wp:attachment":[{"href":"https:\/\/imageware.ch\/de\/wp-json\/wp\/v2\/media?parent=6349"}],"curies":[{"name":"wp","href":"https:\/\/api.w.org\/{rel}","templated":true}]}}