{"id":6324,"date":"2023-06-01T07:14:35","date_gmt":"2023-06-01T06:14:35","guid":{"rendered":"https:\/\/imgw.designbees.ch\/?page_id=6324"},"modified":"2023-11-11T20:08:08","modified_gmt":"2023-11-11T19:08:08","slug":"office-automation-transport-company","status":"publish","type":"page","link":"https:\/\/imageware.ch\/de\/office-automation-transport-company\/","title":{"rendered":"Office Automation- transport company."},"content":{"rendered":"\t\t<div data-elementor-type=\"wp-page\" data-elementor-id=\"6324\" class=\"elementor elementor-6324 elementor-3602\">\n\t\t\t\t\t\t<section class=\"elementor-section elementor-top-section elementor-element elementor-element-f8e175c elementor-section-items-stretch elementor-section-content-top elementor-section-height-min-height imgw_header elementor-section-boxed elementor-section-height-default\" data-id=\"f8e175c\" data-element_type=\"section\" data-settings=\"{&quot;background_background&quot;:&quot;classic&quot;}\">\n\t\t\t\t\t\t<div class=\"elementor-container elementor-column-gap-default\">\n\t\t\t\t\t<div class=\"elementor-column elementor-col-100 elementor-top-column elementor-element elementor-element-0498c83\" data-id=\"0498c83\" data-element_type=\"column\">\n\t\t\t<div class=\"elementor-widget-wrap elementor-element-populated\">\n\t\t\t\t\t\t<div class=\"elementor-element elementor-element-43b0721 elementor-widget elementor-widget-heading\" data-id=\"43b0721\" data-element_type=\"widget\" data-widget_type=\"heading.default\">\n\t\t\t\t<div class=\"elementor-widget-container\">\n\t\t\t<h1 class=\"elementor-heading-title elementor-size-default\">MS-OFFICE<\/h1>\t\t<\/div>\n\t\t\t\t<\/div>\n\t\t\t\t<div class=\"elementor-element elementor-element-5a38e63 elementor-widget elementor-widget-heading\" data-id=\"5a38e63\" data-element_type=\"widget\" data-widget_type=\"heading.default\">\n\t\t\t\t<div class=\"elementor-widget-container\">\n\t\t\t<h1 class=\"elementor-heading-title elementor-size-default\">AUTOMATION<\/h1>\t\t<\/div>\n\t\t\t\t<\/div>\n\t\t\t\t\t<\/div>\n\t\t<\/div>\n\t\t\t\t\t<\/div>\n\t\t<\/section>\n\t\t\t\t<section class=\"elementor-section elementor-top-section elementor-element elementor-element-ce43ef3 elementor-section-boxed elementor-section-height-default elementor-section-height-default\" data-id=\"ce43ef3\" data-element_type=\"section\">\n\t\t\t\t\t\t<div class=\"elementor-container elementor-column-gap-default\">\n\t\t\t\t\t<div class=\"elementor-column elementor-col-100 elementor-top-column elementor-element elementor-element-ccbd1fb\" data-id=\"ccbd1fb\" data-element_type=\"column\">\n\t\t\t<div class=\"elementor-widget-wrap elementor-element-populated\">\n\t\t\t\t\t\t<div class=\"elementor-element elementor-element-ccf25d0 elementor-widget elementor-widget-ucaddon_back_button\" data-id=\"ccf25d0\" data-element_type=\"widget\" data-widget_type=\"ucaddon_back_button.default\">\n\t\t\t\t<div class=\"elementor-widget-container\">\n\t\t\t\n<!-- start back-button -->\n<style>\/* widget: back-button *\/\n\n.back-button  i {\n    color: #990001 !important;\n    font-size: 1.5em; \n}\n\n.back-button{\n  border: 0px;\n  outline: 0px;\n  position: absolute;\n  right: -50px;\n}\n\n.imgw_sticky_header\n{\n\tpadding: 0;\n\tcursor: pointer;\n    position: -webkit-sticky !important;\n  \tposition: sticky !important;\n  \ttop: 94vh;\n    z-index: 1000\n}\n\n.is-pinned{\n\tbackground: red !important\n}\n\n\/*Media tablet - landscape*\/\n@media (min-width: 768px) and (max-width: 1024px) {\n  .back-button{\n    border: 0px;\n    outline: 0px;\n    margin-left: 0px;\n    background: #fff;\n  }\n}\n\n.back-button:hover, .back-button:active, .back-button:focus{\n  background:none;\n}\n\n<\/style>\n\n<button type=\"button\" class=\"back-button\"><i aria-hidden=\"true\" class=\"fas fa-arrow-circle-up\"><\/i><\/button>\n<!-- end back-button -->\t\t<\/div>\n\t\t\t\t<\/div>\n\t\t\t\t\t<\/div>\n\t\t<\/div>\n\t\t\t\t\t<\/div>\n\t\t<\/section>\n\t\t\t\t<section class=\"elementor-section elementor-top-section elementor-element elementor-element-5231b96 elementor-section-boxed elementor-section-height-default elementor-section-height-default\" data-id=\"5231b96\" data-element_type=\"section\">\n\t\t\t\t\t\t<div class=\"elementor-container elementor-column-gap-default\">\n\t\t\t\t\t<div class=\"elementor-column elementor-col-100 elementor-top-column elementor-element elementor-element-52c0c90\" data-id=\"52c0c90\" data-element_type=\"column\">\n\t\t\t<div class=\"elementor-widget-wrap elementor-element-populated\">\n\t\t\t\t\t\t<div class=\"elementor-element elementor-element-d2481dc elementor-widget elementor-widget-heading\" data-id=\"d2481dc\" data-element_type=\"widget\" data-widget_type=\"heading.default\">\n\t\t\t\t<div class=\"elementor-widget-container\">\n\t\t\t<h2 class=\"elementor-heading-title elementor-size-default\">In einer\ngrossen Transportunternehmung<\/h2>\t\t<\/div>\n\t\t\t\t<\/div>\n\t\t\t\t\t<\/div>\n\t\t<\/div>\n\t\t\t\t\t<\/div>\n\t\t<\/section>\n\t\t\t\t<section class=\"elementor-section elementor-top-section elementor-element elementor-element-86a971c elementor-section-height-min-height elementor-section-items-top elementor-section-boxed elementor-section-height-default\" data-id=\"86a971c\" data-element_type=\"section\">\n\t\t\t\t\t\t<div class=\"elementor-container elementor-column-gap-default\">\n\t\t\t\t\t<div class=\"elementor-column elementor-col-100 elementor-top-column elementor-element elementor-element-e7a2d6d\" data-id=\"e7a2d6d\" data-element_type=\"column\">\n\t\t\t<div class=\"elementor-widget-wrap elementor-element-populated\">\n\t\t\t\t\t\t<div class=\"elementor-element elementor-element-3cfae02 imgw_p_summit elementor-widget elementor-widget-heading\" data-id=\"3cfae02\" data-element_type=\"widget\" data-widget_type=\"heading.default\">\n\t\t\t\t<div class=\"elementor-widget-container\">\n\t\t\t<p class=\"elementor-heading-title elementor-size-default\">In der Rechtsabteilung einer der gr\u00f6ssten Transportunternehmen der Schweiz werden anspruchsvolle, umfangreiche Vertr\u00e4ge mit sehr individuellem Inhalt erstellt.<\/p>\t\t<\/div>\n\t\t\t\t<\/div>\n\t\t\t\t\t<\/div>\n\t\t<\/div>\n\t\t\t\t\t<\/div>\n\t\t<\/section>\n\t\t\t\t<section class=\"elementor-section elementor-top-section elementor-element elementor-element-593d94b elementor-section-boxed elementor-section-height-default elementor-section-height-default\" data-id=\"593d94b\" data-element_type=\"section\">\n\t\t\t\t\t\t<div class=\"elementor-container elementor-column-gap-default\">\n\t\t\t\t\t<div class=\"elementor-column elementor-col-100 elementor-top-column elementor-element elementor-element-5f6f9db\" data-id=\"5f6f9db\" data-element_type=\"column\">\n\t\t\t<div class=\"elementor-widget-wrap elementor-element-populated\">\n\t\t\t\t\t\t<div class=\"elementor-element elementor-element-22f2ad5 elementor-widget elementor-widget-heading\" data-id=\"22f2ad5\" data-element_type=\"widget\" data-widget_type=\"heading.default\">\n\t\t\t\t<div class=\"elementor-widget-container\">\n\t\t\t<p class=\"elementor-heading-title elementor-size-default\">Die Verwendung von aktuellen Artikeln und Vertragsklauseln innerhalb der Vertr\u00e4ge sowie die einheitliche Darstellung der Vertragsdokumente erweist sich als stetige Herausforderung, die im \u00fcblichen MS-Office Umfeld nicht zu bew\u00e4ltigen ist. Mit einer MS-Office Automatisationsl\u00f6sung k\u00f6nnen sowohl Dokumentlayouts wie auch Dokumentinhalte jederzeit einfach, zentral und korrekt verwaltet werden. Dank den in der MS-Office Automatisationsl\u00f6sung zur Verf\u00fcgung gestellten Vorlagen und Contents wird die Vertragserstellung automatisiert und optimiert. Die aktuellen Artikel und Vertragsklauseln k\u00f6nnen komfortabel in den Vertragsvorlagen eingef\u00fcgt werden und Corporate Identity sowie Corporate Design werden in der L\u00f6sung einmal definiert. Die Vertr\u00e4ge entsprechen dadurch jederzeit den aktuellen Richtlinien.<\/p>\t\t<\/div>\n\t\t\t\t<\/div>\n\t\t\t\t\t<\/div>\n\t\t<\/div>\n\t\t\t\t\t<\/div>\n\t\t<\/section>\n\t\t\t\t<\/div>\n\t\t","protected":false},"excerpt":{"rendered":"<p>MS-OFFICE AUTOMATION In einer grossen Transportunternehmung In der Rechtsabteilung einer der gr\u00f6ssten Transportunternehmen der Schweiz werden anspruchsvolle, umfangreiche Vertr\u00e4ge mit sehr individuellem Inhalt erstellt. Die Verwendung von aktuellen Artikeln und Vertragsklauseln innerhalb der Vertr\u00e4ge sowie die einheitliche Darstellung der Vertragsdokumente erweist sich als stetige Herausforderung, die im \u00fcblichen MS-Office Umfeld nicht zu bew\u00e4ltigen ist. Mit [&hellip;]<\/p>\n","protected":false},"author":3,"featured_media":0,"parent":0,"menu_order":0,"comment_status":"closed","ping_status":"closed","template":"","meta":{"footnotes":""},"class_list":["post-6324","page","type-page","status-publish","hentry"],"yoast_head":"<!-- This site is optimized with the Yoast SEO plugin v27.4 - https:\/\/yoast.com\/product\/yoast-seo-wordpress\/ -->\n<title>Office Automation- transport company. - Imageware AG<\/title>\n<meta name=\"robots\" content=\"index, follow, max-snippet:-1, max-image-preview:large, max-video-preview:-1\" \/>\n<link rel=\"canonical\" href=\"https:\/\/imageware.ch\/de\/office-automation-transport-company\/\" \/>\n<meta property=\"og:locale\" content=\"de_DE\" \/>\n<meta property=\"og:type\" content=\"article\" \/>\n<meta property=\"og:title\" content=\"Office Automation- transport company. - Imageware AG\" \/>\n<meta property=\"og:description\" content=\"MS-OFFICE AUTOMATION In einer grossen Transportunternehmung In der Rechtsabteilung einer der gr\u00f6ssten Transportunternehmen der Schweiz werden anspruchsvolle, umfangreiche Vertr\u00e4ge mit sehr individuellem Inhalt erstellt. Die Verwendung von aktuellen Artikeln und Vertragsklauseln innerhalb der Vertr\u00e4ge sowie die einheitliche Darstellung der Vertragsdokumente erweist sich als stetige Herausforderung, die im \u00fcblichen MS-Office Umfeld nicht zu bew\u00e4ltigen ist. Mit [&hellip;]\" \/>\n<meta property=\"og:url\" content=\"https:\/\/imageware.ch\/de\/office-automation-transport-company\/\" \/>\n<meta property=\"og:site_name\" content=\"Imageware AG\" \/>\n<meta property=\"article:modified_time\" content=\"2023-11-11T19:08:08+00:00\" \/>\n<meta property=\"og:image\" content=\"https:\/\/imageware.ch\/wp-content\/uploads\/2023\/02\/Image.png\" \/>\n\t<meta property=\"og:image:width\" content=\"532\" \/>\n\t<meta property=\"og:image:height\" content=\"610\" \/>\n\t<meta property=\"og:image:type\" content=\"image\/png\" \/>\n<meta name=\"twitter:card\" content=\"summary_large_image\" \/>\n<meta name=\"twitter:label1\" content=\"Gesch\u00e4tzte Lesezeit\" \/>\n\t<meta name=\"twitter:data1\" content=\"1\u00a0Minute\" \/>\n<script type=\"application\/ld+json\" class=\"yoast-schema-graph\">{\"@context\":\"https:\\\/\\\/schema.org\",\"@graph\":[{\"@type\":\"WebPage\",\"@id\":\"https:\\\/\\\/imageware.ch\\\/de\\\/office-automation-transport-company\\\/\",\"url\":\"https:\\\/\\\/imageware.ch\\\/de\\\/office-automation-transport-company\\\/\",\"name\":\"Office Automation- transport company. - Imageware AG\",\"isPartOf\":{\"@id\":\"https:\\\/\\\/imageware.ch\\\/de\\\/#website\"},\"datePublished\":\"2023-06-01T06:14:35+00:00\",\"dateModified\":\"2023-11-11T19:08:08+00:00\",\"breadcrumb\":{\"@id\":\"https:\\\/\\\/imageware.ch\\\/de\\\/office-automation-transport-company\\\/#breadcrumb\"},\"inLanguage\":\"de\",\"potentialAction\":[{\"@type\":\"ReadAction\",\"target\":[\"https:\\\/\\\/imageware.ch\\\/de\\\/office-automation-transport-company\\\/\"]}]},{\"@type\":\"BreadcrumbList\",\"@id\":\"https:\\\/\\\/imageware.ch\\\/de\\\/office-automation-transport-company\\\/#breadcrumb\",\"itemListElement\":[{\"@type\":\"ListItem\",\"position\":1,\"name\":\"Home\",\"item\":\"https:\\\/\\\/imageware.ch\\\/de\\\/\"},{\"@type\":\"ListItem\",\"position\":2,\"name\":\"Office Automation- transport company.\"}]},{\"@type\":\"WebSite\",\"@id\":\"https:\\\/\\\/imageware.ch\\\/de\\\/#website\",\"url\":\"https:\\\/\\\/imageware.ch\\\/de\\\/\",\"name\":\"Imageware AG - Intelligent Information Management Solutions\",\"description\":\"We turn information into knowledge!\",\"publisher\":{\"@id\":\"https:\\\/\\\/imageware.ch\\\/de\\\/#organization\"},\"potentialAction\":[{\"@type\":\"SearchAction\",\"target\":{\"@type\":\"EntryPoint\",\"urlTemplate\":\"https:\\\/\\\/imageware.ch\\\/de\\\/?s={search_term_string}\"},\"query-input\":{\"@type\":\"PropertyValueSpecification\",\"valueRequired\":true,\"valueName\":\"search_term_string\"}}],\"inLanguage\":\"de\"},{\"@type\":\"Organization\",\"@id\":\"https:\\\/\\\/imageware.ch\\\/de\\\/#organization\",\"name\":\"Imageware AG - Intelligent Information Management Solutions\",\"url\":\"https:\\\/\\\/imageware.ch\\\/de\\\/\",\"logo\":{\"@type\":\"ImageObject\",\"inLanguage\":\"de\",\"@id\":\"https:\\\/\\\/imageware.ch\\\/de\\\/#\\\/schema\\\/logo\\\/image\\\/\",\"url\":\"https:\\\/\\\/imageware.ch\\\/wp-content\\\/uploads\\\/2023\\\/02\\\/logo1.png\",\"contentUrl\":\"https:\\\/\\\/imageware.ch\\\/wp-content\\\/uploads\\\/2023\\\/02\\\/logo1.png\",\"width\":384,\"height\":110,\"caption\":\"Imageware AG - Intelligent Information Management Solutions\"},\"image\":{\"@id\":\"https:\\\/\\\/imageware.ch\\\/de\\\/#\\\/schema\\\/logo\\\/image\\\/\"}}]}<\/script>\n<!-- \/ Yoast SEO plugin. -->","yoast_head_json":{"title":"Office Automation- transport company. - Imageware AG","robots":{"index":"index","follow":"follow","max-snippet":"max-snippet:-1","max-image-preview":"max-image-preview:large","max-video-preview":"max-video-preview:-1"},"canonical":"https:\/\/imageware.ch\/de\/office-automation-transport-company\/","og_locale":"de_DE","og_type":"article","og_title":"Office Automation- transport company. - Imageware AG","og_description":"MS-OFFICE AUTOMATION In einer grossen Transportunternehmung In der Rechtsabteilung einer der gr\u00f6ssten Transportunternehmen der Schweiz werden anspruchsvolle, umfangreiche Vertr\u00e4ge mit sehr individuellem Inhalt erstellt. Die Verwendung von aktuellen Artikeln und Vertragsklauseln innerhalb der Vertr\u00e4ge sowie die einheitliche Darstellung der Vertragsdokumente erweist sich als stetige Herausforderung, die im \u00fcblichen MS-Office Umfeld nicht zu bew\u00e4ltigen ist. Mit [&hellip;]","og_url":"https:\/\/imageware.ch\/de\/office-automation-transport-company\/","og_site_name":"Imageware AG","article_modified_time":"2023-11-11T19:08:08+00:00","og_image":[{"width":532,"height":610,"url":"https:\/\/imageware.ch\/wp-content\/uploads\/2023\/02\/Image.png","type":"image\/png"}],"twitter_card":"summary_large_image","twitter_misc":{"Gesch\u00e4tzte Lesezeit":"1\u00a0Minute"},"schema":{"@context":"https:\/\/schema.org","@graph":[{"@type":"WebPage","@id":"https:\/\/imageware.ch\/de\/office-automation-transport-company\/","url":"https:\/\/imageware.ch\/de\/office-automation-transport-company\/","name":"Office Automation- transport company. - Imageware AG","isPartOf":{"@id":"https:\/\/imageware.ch\/de\/#website"},"datePublished":"2023-06-01T06:14:35+00:00","dateModified":"2023-11-11T19:08:08+00:00","breadcrumb":{"@id":"https:\/\/imageware.ch\/de\/office-automation-transport-company\/#breadcrumb"},"inLanguage":"de","potentialAction":[{"@type":"ReadAction","target":["https:\/\/imageware.ch\/de\/office-automation-transport-company\/"]}]},{"@type":"BreadcrumbList","@id":"https:\/\/imageware.ch\/de\/office-automation-transport-company\/#breadcrumb","itemListElement":[{"@type":"ListItem","position":1,"name":"Home","item":"https:\/\/imageware.ch\/de\/"},{"@type":"ListItem","position":2,"name":"Office Automation- transport company."}]},{"@type":"WebSite","@id":"https:\/\/imageware.ch\/de\/#website","url":"https:\/\/imageware.ch\/de\/","name":"Imageware AG - Intelligent Information Management Solutions","description":"We turn information into knowledge!","publisher":{"@id":"https:\/\/imageware.ch\/de\/#organization"},"potentialAction":[{"@type":"SearchAction","target":{"@type":"EntryPoint","urlTemplate":"https:\/\/imageware.ch\/de\/?s={search_term_string}"},"query-input":{"@type":"PropertyValueSpecification","valueRequired":true,"valueName":"search_term_string"}}],"inLanguage":"de"},{"@type":"Organization","@id":"https:\/\/imageware.ch\/de\/#organization","name":"Imageware AG - Intelligent Information Management Solutions","url":"https:\/\/imageware.ch\/de\/","logo":{"@type":"ImageObject","inLanguage":"de","@id":"https:\/\/imageware.ch\/de\/#\/schema\/logo\/image\/","url":"https:\/\/imageware.ch\/wp-content\/uploads\/2023\/02\/logo1.png","contentUrl":"https:\/\/imageware.ch\/wp-content\/uploads\/2023\/02\/logo1.png","width":384,"height":110,"caption":"Imageware AG - Intelligent Information Management Solutions"},"image":{"@id":"https:\/\/imageware.ch\/de\/#\/schema\/logo\/image\/"}}]}},"_links":{"self":[{"href":"https:\/\/imageware.ch\/de\/wp-json\/wp\/v2\/pages\/6324","targetHints":{"allow":["GET"]}}],"collection":[{"href":"https:\/\/imageware.ch\/de\/wp-json\/wp\/v2\/pages"}],"about":[{"href":"https:\/\/imageware.ch\/de\/wp-json\/wp\/v2\/types\/page"}],"author":[{"embeddable":true,"href":"https:\/\/imageware.ch\/de\/wp-json\/wp\/v2\/users\/3"}],"replies":[{"embeddable":true,"href":"https:\/\/imageware.ch\/de\/wp-json\/wp\/v2\/comments?post=6324"}],"version-history":[{"count":37,"href":"https:\/\/imageware.ch\/de\/wp-json\/wp\/v2\/pages\/6324\/revisions"}],"predecessor-version":[{"id":23257,"href":"https:\/\/imageware.ch\/de\/wp-json\/wp\/v2\/pages\/6324\/revisions\/23257"}],"wp:attachment":[{"href":"https:\/\/imageware.ch\/de\/wp-json\/wp\/v2\/media?parent=6324"}],"curies":[{"name":"wp","href":"https:\/\/api.w.org\/{rel}","templated":true}]}}