{"id":6272,"date":"2023-06-01T06:57:13","date_gmt":"2023-06-01T05:57:13","guid":{"rendered":"https:\/\/imgw.designbees.ch\/?page_id=6272"},"modified":"2023-11-11T20:09:46","modified_gmt":"2023-11-11T19:09:46","slug":"dokumentenverwaltung-fuer-oeffentliche-bauprojekte","status":"publish","type":"page","link":"https:\/\/imageware.ch\/de\/dokumentenverwaltung-fuer-oeffentliche-bauprojekte\/","title":{"rendered":"Dokumentenverwaltung f\u00fcr \u00f6ffentliche Bauprojekte."},"content":{"rendered":"\t\t<div data-elementor-type=\"wp-page\" data-elementor-id=\"6272\" class=\"elementor elementor-6272 elementor-3553\">\n\t\t\t\t\t\t<section class=\"elementor-section elementor-top-section elementor-element elementor-element-933833d elementor-section-items-stretch elementor-section-content-top elementor-section-height-min-height imgw_header elementor-section-boxed elementor-section-height-default\" data-id=\"933833d\" data-element_type=\"section\" data-settings=\"{&quot;background_background&quot;:&quot;classic&quot;}\">\n\t\t\t\t\t\t<div class=\"elementor-container elementor-column-gap-default\">\n\t\t\t\t\t<div class=\"elementor-column elementor-col-100 elementor-top-column elementor-element elementor-element-f28fa80\" data-id=\"f28fa80\" data-element_type=\"column\">\n\t\t\t<div class=\"elementor-widget-wrap elementor-element-populated\">\n\t\t\t\t\t\t<div class=\"elementor-element elementor-element-72c6de9 elementor-widget elementor-widget-heading\" data-id=\"72c6de9\" data-element_type=\"widget\" data-widget_type=\"heading.default\">\n\t\t\t\t<div class=\"elementor-widget-container\">\n\t\t\t<h1 class=\"elementor-heading-title elementor-size-default\">DOKUMENTEN<\/h1>\t\t<\/div>\n\t\t\t\t<\/div>\n\t\t\t\t<div class=\"elementor-element elementor-element-034e4cf elementor-widget elementor-widget-heading\" data-id=\"034e4cf\" data-element_type=\"widget\" data-widget_type=\"heading.default\">\n\t\t\t\t<div class=\"elementor-widget-container\">\n\t\t\t<h1 class=\"elementor-heading-title elementor-size-default\">VERWALTUNG<\/h1>\t\t<\/div>\n\t\t\t\t<\/div>\n\t\t\t\t\t<\/div>\n\t\t<\/div>\n\t\t\t\t\t<\/div>\n\t\t<\/section>\n\t\t\t\t<section class=\"elementor-section elementor-top-section elementor-element elementor-element-54a4ad2 imgw_sticky_header elementor-section-boxed elementor-section-height-default elementor-section-height-default\" data-id=\"54a4ad2\" data-element_type=\"section\">\n\t\t\t\t\t\t<div class=\"elementor-container elementor-column-gap-default\">\n\t\t\t\t\t<div class=\"elementor-column elementor-col-100 elementor-top-column elementor-element elementor-element-68fbf5d\" data-id=\"68fbf5d\" data-element_type=\"column\">\n\t\t\t<div class=\"elementor-widget-wrap elementor-element-populated\">\n\t\t\t\t\t\t<div class=\"elementor-element elementor-element-cd6b073 elementor-widget elementor-widget-ucaddon_back_button\" data-id=\"cd6b073\" data-element_type=\"widget\" data-widget_type=\"ucaddon_back_button.default\">\n\t\t\t\t<div class=\"elementor-widget-container\">\n\t\t\t\n<!-- start back-button -->\n<style>\/* widget: back-button *\/\n\n.back-button  i {\n    color: #990001 !important;\n    font-size: 1.5em; \n}\n\n.back-button{\n  border: 0px;\n  outline: 0px;\n  position: absolute;\n  right: -50px;\n}\n\n.imgw_sticky_header\n{\n\tpadding: 0;\n\tcursor: pointer;\n    position: -webkit-sticky !important;\n  \tposition: sticky !important;\n  \ttop: 94vh;\n    z-index: 1000\n}\n\n.is-pinned{\n\tbackground: red !important\n}\n\n\/*Media tablet - landscape*\/\n@media (min-width: 768px) and (max-width: 1024px) {\n  .back-button{\n    border: 0px;\n    outline: 0px;\n    margin-left: 0px;\n    background: #fff;\n  }\n}\n\n.back-button:hover, .back-button:active, .back-button:focus{\n  background:none;\n}\n\n<\/style>\n\n<button type=\"button\" class=\"back-button\"><i aria-hidden=\"true\" class=\"fas fa-arrow-circle-up\"><\/i><\/button>\n<!-- end back-button -->\t\t<\/div>\n\t\t\t\t<\/div>\n\t\t\t\t\t<\/div>\n\t\t<\/div>\n\t\t\t\t\t<\/div>\n\t\t<\/section>\n\t\t\t\t<section class=\"elementor-section elementor-top-section elementor-element elementor-element-094bace elementor-section-boxed elementor-section-height-default elementor-section-height-default\" data-id=\"094bace\" data-element_type=\"section\">\n\t\t\t\t\t\t<div class=\"elementor-container elementor-column-gap-default\">\n\t\t\t\t\t<div class=\"elementor-column elementor-col-100 elementor-top-column elementor-element elementor-element-c7484d6\" data-id=\"c7484d6\" data-element_type=\"column\">\n\t\t\t<div class=\"elementor-widget-wrap elementor-element-populated\">\n\t\t\t\t\t\t<div class=\"elementor-element elementor-element-3ba2b2a elementor-widget elementor-widget-heading\" data-id=\"3ba2b2a\" data-element_type=\"widget\" data-widget_type=\"heading.default\">\n\t\t\t\t<div class=\"elementor-widget-container\">\n\t\t\t<h2 class=\"elementor-heading-title elementor-size-default\">F\u00fcr \u00f6ffentliche\nBauprojekte<\/h2>\t\t<\/div>\n\t\t\t\t<\/div>\n\t\t\t\t\t<\/div>\n\t\t<\/div>\n\t\t\t\t\t<\/div>\n\t\t<\/section>\n\t\t\t\t<section class=\"elementor-section elementor-top-section elementor-element elementor-element-e7d7d14 elementor-section-height-min-height elementor-section-items-top elementor-section-boxed elementor-section-height-default\" data-id=\"e7d7d14\" data-element_type=\"section\">\n\t\t\t\t\t\t<div class=\"elementor-container elementor-column-gap-default\">\n\t\t\t\t\t<div class=\"elementor-column elementor-col-100 elementor-top-column elementor-element elementor-element-44e237b\" data-id=\"44e237b\" data-element_type=\"column\">\n\t\t\t<div class=\"elementor-widget-wrap elementor-element-populated\">\n\t\t\t\t\t\t<div class=\"elementor-element elementor-element-a507ef3 imgw_p_summit elementor-widget elementor-widget-heading\" data-id=\"a507ef3\" data-element_type=\"widget\" data-widget_type=\"heading.default\">\n\t\t\t\t<div class=\"elementor-widget-container\">\n\t\t\t<p class=\"elementor-heading-title elementor-size-default\">In \u00f6ffentlichen Bauprojekten werden viele Dokumente (Konzepte, Pl\u00e4ne etc.) und Bilder generiert. Deren Verwaltung und Archivierung sowie die sp\u00e4tere rasche Auffindbarkeit unter Einhaltung der gesetzlichen Vorgaben gestalten sich schwierig\n<\/p>\t\t<\/div>\n\t\t\t\t<\/div>\n\t\t\t\t\t<\/div>\n\t\t<\/div>\n\t\t\t\t\t<\/div>\n\t\t<\/section>\n\t\t\t\t<section class=\"elementor-section elementor-top-section elementor-element elementor-element-68d2f5c elementor-section-boxed elementor-section-height-default elementor-section-height-default\" data-id=\"68d2f5c\" data-element_type=\"section\">\n\t\t\t\t\t\t<div class=\"elementor-container elementor-column-gap-default\">\n\t\t\t\t\t<div class=\"elementor-column elementor-col-100 elementor-top-column elementor-element elementor-element-16cf5cd\" data-id=\"16cf5cd\" data-element_type=\"column\">\n\t\t\t<div class=\"elementor-widget-wrap elementor-element-populated\">\n\t\t\t\t\t\t<div class=\"elementor-element elementor-element-6358887 elementor-widget elementor-widget-heading\" data-id=\"6358887\" data-element_type=\"widget\" data-widget_type=\"heading.default\">\n\t\t\t\t<div class=\"elementor-widget-container\">\n\t\t\t<p class=\"elementor-heading-title elementor-size-default\">Dank einer Document Management L\u00f6sung mit integrierter Archivierung k\u00f6nnen Dokumente und Bilder f\u00fcr die sp\u00e4tere \u00dcbergabe an die Beh\u00f6rden effizient und rechtskonform abgelegt, verwaltet und archiviert werden. Die L\u00f6sung kann \u00fcber mehrere Standorte, eigenst\u00e4ndig wie auch \u00fcbergreifend genutzt werden. Der schnelle und sichere Zugriff auf Dokumente und Informationen beschleunigt wesentliche Arbeits- und \u00dcbergabeprozesse.  <\/p>\t\t<\/div>\n\t\t\t\t<\/div>\n\t\t\t\t\t<\/div>\n\t\t<\/div>\n\t\t\t\t\t<\/div>\n\t\t<\/section>\n\t\t\t\t<section class=\"elementor-section elementor-top-section elementor-element elementor-element-e1005a4 elementor-section-boxed elementor-section-height-default elementor-section-height-default\" data-id=\"e1005a4\" data-element_type=\"section\">\n\t\t\t\t\t\t<div class=\"elementor-container elementor-column-gap-default\">\n\t\t\t\t\t<div class=\"elementor-column elementor-col-100 elementor-top-column elementor-element elementor-element-6f9cf03\" data-id=\"6f9cf03\" data-element_type=\"column\">\n\t\t\t<div class=\"elementor-widget-wrap elementor-element-populated\">\n\t\t\t\t\t\t<div class=\"elementor-element elementor-element-7ec9efe elementor-widget elementor-widget-spacer\" data-id=\"7ec9efe\" data-element_type=\"widget\" data-widget_type=\"spacer.default\">\n\t\t\t\t<div class=\"elementor-widget-container\">\n\t\t\t\t\t<div class=\"elementor-spacer\">\n\t\t\t<div class=\"elementor-spacer-inner\"><\/div>\n\t\t<\/div>\n\t\t\t\t<\/div>\n\t\t\t\t<\/div>\n\t\t\t\t\t<\/div>\n\t\t<\/div>\n\t\t\t\t\t<\/div>\n\t\t<\/section>\n\t\t\t\t<\/div>\n\t\t","protected":false},"excerpt":{"rendered":"<p>DOKUMENTEN VERWALTUNG F\u00fcr \u00f6ffentliche Bauprojekte In \u00f6ffentlichen Bauprojekten werden viele Dokumente (Konzepte, Pl\u00e4ne etc.) und Bilder generiert. Deren Verwaltung und Archivierung sowie die sp\u00e4tere rasche Auffindbarkeit unter Einhaltung der gesetzlichen Vorgaben gestalten sich schwierig Dank einer Document Management L\u00f6sung mit integrierter Archivierung k\u00f6nnen Dokumente und Bilder f\u00fcr die sp\u00e4tere \u00dcbergabe an die Beh\u00f6rden effizient und [&hellip;]<\/p>\n","protected":false},"author":4,"featured_media":0,"parent":0,"menu_order":0,"comment_status":"closed","ping_status":"closed","template":"","meta":{"footnotes":""},"class_list":["post-6272","page","type-page","status-publish","hentry"],"yoast_head":"<!-- This site is optimized with the Yoast SEO plugin v27.4 - https:\/\/yoast.com\/product\/yoast-seo-wordpress\/ -->\n<title>Dokumentenverwaltung f\u00fcr \u00f6ffentliche Bauprojekte. - Imageware AG<\/title>\n<meta name=\"robots\" content=\"index, follow, max-snippet:-1, max-image-preview:large, max-video-preview:-1\" \/>\n<link rel=\"canonical\" href=\"https:\/\/imageware.ch\/de\/dokumentenverwaltung-fuer-oeffentliche-bauprojekte\/\" \/>\n<meta property=\"og:locale\" content=\"de_DE\" \/>\n<meta property=\"og:type\" content=\"article\" \/>\n<meta property=\"og:title\" content=\"Dokumentenverwaltung f\u00fcr \u00f6ffentliche Bauprojekte. - Imageware AG\" \/>\n<meta property=\"og:description\" content=\"DOKUMENTEN VERWALTUNG F\u00fcr \u00f6ffentliche Bauprojekte In \u00f6ffentlichen Bauprojekten werden viele Dokumente (Konzepte, Pl\u00e4ne etc.) und Bilder generiert. Deren Verwaltung und Archivierung sowie die sp\u00e4tere rasche Auffindbarkeit unter Einhaltung der gesetzlichen Vorgaben gestalten sich schwierig Dank einer Document Management L\u00f6sung mit integrierter Archivierung k\u00f6nnen Dokumente und Bilder f\u00fcr die sp\u00e4tere \u00dcbergabe an die Beh\u00f6rden effizient und [&hellip;]\" \/>\n<meta property=\"og:url\" content=\"https:\/\/imageware.ch\/de\/dokumentenverwaltung-fuer-oeffentliche-bauprojekte\/\" \/>\n<meta property=\"og:site_name\" content=\"Imageware AG\" \/>\n<meta property=\"article:modified_time\" content=\"2023-11-11T19:09:46+00:00\" \/>\n<meta property=\"og:image\" content=\"https:\/\/imageware.ch\/wp-content\/uploads\/2023\/02\/Image.png\" \/>\n\t<meta property=\"og:image:width\" content=\"532\" \/>\n\t<meta property=\"og:image:height\" content=\"610\" \/>\n\t<meta property=\"og:image:type\" content=\"image\/png\" \/>\n<meta name=\"twitter:card\" content=\"summary_large_image\" \/>\n<meta name=\"twitter:label1\" content=\"Gesch\u00e4tzte Lesezeit\" \/>\n\t<meta name=\"twitter:data1\" content=\"1\u00a0Minute\" \/>\n<script type=\"application\/ld+json\" class=\"yoast-schema-graph\">{\"@context\":\"https:\\\/\\\/schema.org\",\"@graph\":[{\"@type\":\"WebPage\",\"@id\":\"https:\\\/\\\/imageware.ch\\\/de\\\/dokumentenverwaltung-fuer-oeffentliche-bauprojekte\\\/\",\"url\":\"https:\\\/\\\/imageware.ch\\\/de\\\/dokumentenverwaltung-fuer-oeffentliche-bauprojekte\\\/\",\"name\":\"Dokumentenverwaltung f\u00fcr \u00f6ffentliche Bauprojekte. - Imageware AG\",\"isPartOf\":{\"@id\":\"https:\\\/\\\/imageware.ch\\\/de\\\/#website\"},\"datePublished\":\"2023-06-01T05:57:13+00:00\",\"dateModified\":\"2023-11-11T19:09:46+00:00\",\"breadcrumb\":{\"@id\":\"https:\\\/\\\/imageware.ch\\\/de\\\/dokumentenverwaltung-fuer-oeffentliche-bauprojekte\\\/#breadcrumb\"},\"inLanguage\":\"de\",\"potentialAction\":[{\"@type\":\"ReadAction\",\"target\":[\"https:\\\/\\\/imageware.ch\\\/de\\\/dokumentenverwaltung-fuer-oeffentliche-bauprojekte\\\/\"]}]},{\"@type\":\"BreadcrumbList\",\"@id\":\"https:\\\/\\\/imageware.ch\\\/de\\\/dokumentenverwaltung-fuer-oeffentliche-bauprojekte\\\/#breadcrumb\",\"itemListElement\":[{\"@type\":\"ListItem\",\"position\":1,\"name\":\"Home\",\"item\":\"https:\\\/\\\/imageware.ch\\\/de\\\/\"},{\"@type\":\"ListItem\",\"position\":2,\"name\":\"Dokumentenverwaltung f\u00fcr \u00f6ffentliche Bauprojekte.\"}]},{\"@type\":\"WebSite\",\"@id\":\"https:\\\/\\\/imageware.ch\\\/de\\\/#website\",\"url\":\"https:\\\/\\\/imageware.ch\\\/de\\\/\",\"name\":\"Imageware AG - Intelligent Information Management Solutions\",\"description\":\"We turn information into knowledge!\",\"publisher\":{\"@id\":\"https:\\\/\\\/imageware.ch\\\/de\\\/#organization\"},\"potentialAction\":[{\"@type\":\"SearchAction\",\"target\":{\"@type\":\"EntryPoint\",\"urlTemplate\":\"https:\\\/\\\/imageware.ch\\\/de\\\/?s={search_term_string}\"},\"query-input\":{\"@type\":\"PropertyValueSpecification\",\"valueRequired\":true,\"valueName\":\"search_term_string\"}}],\"inLanguage\":\"de\"},{\"@type\":\"Organization\",\"@id\":\"https:\\\/\\\/imageware.ch\\\/de\\\/#organization\",\"name\":\"Imageware AG - Intelligent Information Management Solutions\",\"url\":\"https:\\\/\\\/imageware.ch\\\/de\\\/\",\"logo\":{\"@type\":\"ImageObject\",\"inLanguage\":\"de\",\"@id\":\"https:\\\/\\\/imageware.ch\\\/de\\\/#\\\/schema\\\/logo\\\/image\\\/\",\"url\":\"https:\\\/\\\/imageware.ch\\\/wp-content\\\/uploads\\\/2023\\\/02\\\/logo1.png\",\"contentUrl\":\"https:\\\/\\\/imageware.ch\\\/wp-content\\\/uploads\\\/2023\\\/02\\\/logo1.png\",\"width\":384,\"height\":110,\"caption\":\"Imageware AG - Intelligent Information Management Solutions\"},\"image\":{\"@id\":\"https:\\\/\\\/imageware.ch\\\/de\\\/#\\\/schema\\\/logo\\\/image\\\/\"}}]}<\/script>\n<!-- \/ Yoast SEO plugin. -->","yoast_head_json":{"title":"Dokumentenverwaltung f\u00fcr \u00f6ffentliche Bauprojekte. - Imageware AG","robots":{"index":"index","follow":"follow","max-snippet":"max-snippet:-1","max-image-preview":"max-image-preview:large","max-video-preview":"max-video-preview:-1"},"canonical":"https:\/\/imageware.ch\/de\/dokumentenverwaltung-fuer-oeffentliche-bauprojekte\/","og_locale":"de_DE","og_type":"article","og_title":"Dokumentenverwaltung f\u00fcr \u00f6ffentliche Bauprojekte. - Imageware AG","og_description":"DOKUMENTEN VERWALTUNG F\u00fcr \u00f6ffentliche Bauprojekte In \u00f6ffentlichen Bauprojekten werden viele Dokumente (Konzepte, Pl\u00e4ne etc.) und Bilder generiert. Deren Verwaltung und Archivierung sowie die sp\u00e4tere rasche Auffindbarkeit unter Einhaltung der gesetzlichen Vorgaben gestalten sich schwierig Dank einer Document Management L\u00f6sung mit integrierter Archivierung k\u00f6nnen Dokumente und Bilder f\u00fcr die sp\u00e4tere \u00dcbergabe an die Beh\u00f6rden effizient und [&hellip;]","og_url":"https:\/\/imageware.ch\/de\/dokumentenverwaltung-fuer-oeffentliche-bauprojekte\/","og_site_name":"Imageware AG","article_modified_time":"2023-11-11T19:09:46+00:00","og_image":[{"width":532,"height":610,"url":"https:\/\/imageware.ch\/wp-content\/uploads\/2023\/02\/Image.png","type":"image\/png"}],"twitter_card":"summary_large_image","twitter_misc":{"Gesch\u00e4tzte Lesezeit":"1\u00a0Minute"},"schema":{"@context":"https:\/\/schema.org","@graph":[{"@type":"WebPage","@id":"https:\/\/imageware.ch\/de\/dokumentenverwaltung-fuer-oeffentliche-bauprojekte\/","url":"https:\/\/imageware.ch\/de\/dokumentenverwaltung-fuer-oeffentliche-bauprojekte\/","name":"Dokumentenverwaltung f\u00fcr \u00f6ffentliche Bauprojekte. - Imageware AG","isPartOf":{"@id":"https:\/\/imageware.ch\/de\/#website"},"datePublished":"2023-06-01T05:57:13+00:00","dateModified":"2023-11-11T19:09:46+00:00","breadcrumb":{"@id":"https:\/\/imageware.ch\/de\/dokumentenverwaltung-fuer-oeffentliche-bauprojekte\/#breadcrumb"},"inLanguage":"de","potentialAction":[{"@type":"ReadAction","target":["https:\/\/imageware.ch\/de\/dokumentenverwaltung-fuer-oeffentliche-bauprojekte\/"]}]},{"@type":"BreadcrumbList","@id":"https:\/\/imageware.ch\/de\/dokumentenverwaltung-fuer-oeffentliche-bauprojekte\/#breadcrumb","itemListElement":[{"@type":"ListItem","position":1,"name":"Home","item":"https:\/\/imageware.ch\/de\/"},{"@type":"ListItem","position":2,"name":"Dokumentenverwaltung f\u00fcr \u00f6ffentliche Bauprojekte."}]},{"@type":"WebSite","@id":"https:\/\/imageware.ch\/de\/#website","url":"https:\/\/imageware.ch\/de\/","name":"Imageware AG - Intelligent Information Management Solutions","description":"We turn information into knowledge!","publisher":{"@id":"https:\/\/imageware.ch\/de\/#organization"},"potentialAction":[{"@type":"SearchAction","target":{"@type":"EntryPoint","urlTemplate":"https:\/\/imageware.ch\/de\/?s={search_term_string}"},"query-input":{"@type":"PropertyValueSpecification","valueRequired":true,"valueName":"search_term_string"}}],"inLanguage":"de"},{"@type":"Organization","@id":"https:\/\/imageware.ch\/de\/#organization","name":"Imageware AG - Intelligent Information Management Solutions","url":"https:\/\/imageware.ch\/de\/","logo":{"@type":"ImageObject","inLanguage":"de","@id":"https:\/\/imageware.ch\/de\/#\/schema\/logo\/image\/","url":"https:\/\/imageware.ch\/wp-content\/uploads\/2023\/02\/logo1.png","contentUrl":"https:\/\/imageware.ch\/wp-content\/uploads\/2023\/02\/logo1.png","width":384,"height":110,"caption":"Imageware AG - Intelligent Information Management Solutions"},"image":{"@id":"https:\/\/imageware.ch\/de\/#\/schema\/logo\/image\/"}}]}},"_links":{"self":[{"href":"https:\/\/imageware.ch\/de\/wp-json\/wp\/v2\/pages\/6272","targetHints":{"allow":["GET"]}}],"collection":[{"href":"https:\/\/imageware.ch\/de\/wp-json\/wp\/v2\/pages"}],"about":[{"href":"https:\/\/imageware.ch\/de\/wp-json\/wp\/v2\/types\/page"}],"author":[{"embeddable":true,"href":"https:\/\/imageware.ch\/de\/wp-json\/wp\/v2\/users\/4"}],"replies":[{"embeddable":true,"href":"https:\/\/imageware.ch\/de\/wp-json\/wp\/v2\/comments?post=6272"}],"version-history":[{"count":52,"href":"https:\/\/imageware.ch\/de\/wp-json\/wp\/v2\/pages\/6272\/revisions"}],"predecessor-version":[{"id":23263,"href":"https:\/\/imageware.ch\/de\/wp-json\/wp\/v2\/pages\/6272\/revisions\/23263"}],"wp:attachment":[{"href":"https:\/\/imageware.ch\/de\/wp-json\/wp\/v2\/media?parent=6272"}],"curies":[{"name":"wp","href":"https:\/\/api.w.org\/{rel}","templated":true}]}}