{"id":6223,"date":"2023-06-01T07:23:22","date_gmt":"2023-06-01T06:23:22","guid":{"rendered":"https:\/\/imgw.designbees.ch\/?page_id=6223"},"modified":"2023-11-11T20:11:44","modified_gmt":"2023-11-11T19:11:44","slug":"records-management-cantonal-administrative-office","status":"publish","type":"page","link":"https:\/\/imageware.ch\/de\/records-management-cantonal-administrative-office\/","title":{"rendered":"Records management &#8211; cantonal administrative office."},"content":{"rendered":"\t\t<div data-elementor-type=\"wp-page\" data-elementor-id=\"6223\" class=\"elementor elementor-6223 elementor-3660\">\n\t\t\t\t\t\t<section class=\"elementor-section elementor-top-section elementor-element elementor-element-2b36cba elementor-section-items-stretch elementor-section-content-top elementor-section-height-min-height imgw_header elementor-section-boxed elementor-section-height-default\" data-id=\"2b36cba\" data-element_type=\"section\" data-settings=\"{&quot;background_background&quot;:&quot;classic&quot;}\">\n\t\t\t\t\t\t<div class=\"elementor-container elementor-column-gap-default\">\n\t\t\t\t\t<div class=\"elementor-column elementor-col-100 elementor-top-column elementor-element elementor-element-3db7d28\" data-id=\"3db7d28\" data-element_type=\"column\">\n\t\t\t<div class=\"elementor-widget-wrap elementor-element-populated\">\n\t\t\t\t\t\t<div class=\"elementor-element elementor-element-d7aa352 elementor-widget elementor-widget-heading\" data-id=\"d7aa352\" data-element_type=\"widget\" data-widget_type=\"heading.default\">\n\t\t\t\t<div class=\"elementor-widget-container\">\n\t\t\t<h1 class=\"elementor-heading-title elementor-size-default\">RECORD<\/h1>\t\t<\/div>\n\t\t\t\t<\/div>\n\t\t\t\t<div class=\"elementor-element elementor-element-b09688b elementor-widget elementor-widget-heading\" data-id=\"b09688b\" data-element_type=\"widget\" data-widget_type=\"heading.default\">\n\t\t\t\t<div class=\"elementor-widget-container\">\n\t\t\t<h1 class=\"elementor-heading-title elementor-size-default\">MANAGEMENT<\/h1>\t\t<\/div>\n\t\t\t\t<\/div>\n\t\t\t\t\t<\/div>\n\t\t<\/div>\n\t\t\t\t\t<\/div>\n\t\t<\/section>\n\t\t\t\t<section class=\"elementor-section elementor-top-section elementor-element elementor-element-9f6acca imgw_sticky_header elementor-section-boxed elementor-section-height-default elementor-section-height-default\" data-id=\"9f6acca\" data-element_type=\"section\">\n\t\t\t\t\t\t<div class=\"elementor-container elementor-column-gap-default\">\n\t\t\t\t\t<div class=\"elementor-column elementor-col-100 elementor-top-column elementor-element elementor-element-69392f9\" data-id=\"69392f9\" data-element_type=\"column\">\n\t\t\t<div class=\"elementor-widget-wrap elementor-element-populated\">\n\t\t\t\t\t\t<div class=\"elementor-element elementor-element-ee86ce1 elementor-widget elementor-widget-ucaddon_back_button\" data-id=\"ee86ce1\" data-element_type=\"widget\" data-widget_type=\"ucaddon_back_button.default\">\n\t\t\t\t<div class=\"elementor-widget-container\">\n\t\t\t\n<!-- start back-button -->\n<style>\/* widget: back-button *\/\n\n.back-button  i {\n    color: #990001 !important;\n    font-size: 1.5em; \n}\n\n.back-button{\n  border: 0px;\n  outline: 0px;\n  position: absolute;\n  right: -50px;\n}\n\n.imgw_sticky_header\n{\n\tpadding: 0;\n\tcursor: pointer;\n    position: -webkit-sticky !important;\n  \tposition: sticky !important;\n  \ttop: 94vh;\n    z-index: 1000\n}\n\n.is-pinned{\n\tbackground: red !important\n}\n\n\/*Media tablet - landscape*\/\n@media (min-width: 768px) and (max-width: 1024px) {\n  .back-button{\n    border: 0px;\n    outline: 0px;\n    margin-left: 0px;\n    background: #fff;\n  }\n}\n\n.back-button:hover, .back-button:active, .back-button:focus{\n  background:none;\n}\n\n<\/style>\n\n<button type=\"button\" class=\"back-button\"><i aria-hidden=\"true\" class=\"fas fa-arrow-circle-up\"><\/i><\/button>\n<!-- end back-button -->\t\t<\/div>\n\t\t\t\t<\/div>\n\t\t\t\t\t<\/div>\n\t\t<\/div>\n\t\t\t\t\t<\/div>\n\t\t<\/section>\n\t\t\t\t<section class=\"elementor-section elementor-top-section elementor-element elementor-element-7f9d3ca elementor-section-boxed elementor-section-height-default elementor-section-height-default\" data-id=\"7f9d3ca\" data-element_type=\"section\">\n\t\t\t\t\t\t<div class=\"elementor-container elementor-column-gap-default\">\n\t\t\t\t\t<div class=\"elementor-column elementor-col-100 elementor-top-column elementor-element elementor-element-bdcb27c\" data-id=\"bdcb27c\" data-element_type=\"column\">\n\t\t\t<div class=\"elementor-widget-wrap elementor-element-populated\">\n\t\t\t\t\t\t<div class=\"elementor-element elementor-element-3e320ad elementor-widget elementor-widget-heading\" data-id=\"3e320ad\" data-element_type=\"widget\" data-widget_type=\"heading.default\">\n\t\t\t\t<div class=\"elementor-widget-container\">\n\t\t\t<h2 class=\"elementor-heading-title elementor-size-default\">In einer kantonalen\nVerwaltung<\/h2>\t\t<\/div>\n\t\t\t\t<\/div>\n\t\t\t\t\t<\/div>\n\t\t<\/div>\n\t\t\t\t\t<\/div>\n\t\t<\/section>\n\t\t\t\t<section class=\"elementor-section elementor-top-section elementor-element elementor-element-da5b03d elementor-section-height-min-height elementor-section-items-top elementor-section-boxed elementor-section-height-default\" data-id=\"da5b03d\" data-element_type=\"section\">\n\t\t\t\t\t\t<div class=\"elementor-container elementor-column-gap-default\">\n\t\t\t\t\t<div class=\"elementor-column elementor-col-100 elementor-top-column elementor-element elementor-element-dd2f47d\" data-id=\"dd2f47d\" data-element_type=\"column\">\n\t\t\t<div class=\"elementor-widget-wrap elementor-element-populated\">\n\t\t\t\t\t\t<div class=\"elementor-element elementor-element-b3272c2 imgw_p_summit elementor-widget elementor-widget-heading\" data-id=\"b3272c2\" data-element_type=\"widget\" data-widget_type=\"heading.default\">\n\t\t\t\t<div class=\"elementor-widget-container\">\n\t\t\t<p class=\"elementor-heading-title elementor-size-default\">Die zunehmende elektronische Informationsflut in kantonalen Verwaltungen erschwert bisherige Arbeitsweisen und die effiziente Verwaltung der Gesch\u00e4ftsunterlagen.<\/p>\t\t<\/div>\n\t\t\t\t<\/div>\n\t\t\t\t\t<\/div>\n\t\t<\/div>\n\t\t\t\t\t<\/div>\n\t\t<\/section>\n\t\t\t\t<section class=\"elementor-section elementor-top-section elementor-element elementor-element-6800af9 elementor-section-boxed elementor-section-height-default elementor-section-height-default\" data-id=\"6800af9\" data-element_type=\"section\">\n\t\t\t\t\t\t<div class=\"elementor-container elementor-column-gap-default\">\n\t\t\t\t\t<div class=\"elementor-column elementor-col-100 elementor-top-column elementor-element elementor-element-0ff50b0\" data-id=\"0ff50b0\" data-element_type=\"column\">\n\t\t\t<div class=\"elementor-widget-wrap elementor-element-populated\">\n\t\t\t\t\t\t<div class=\"elementor-element elementor-element-61593c5 elementor-widget elementor-widget-heading\" data-id=\"61593c5\" data-element_type=\"widget\" data-widget_type=\"heading.default\">\n\t\t\t\t<div class=\"elementor-widget-container\">\n\t\t\t<p class=\"elementor-heading-title elementor-size-default\">Die Arbeitsqualit\u00e4t und Mitarbeiterzufriedenheit leiden dadurch massiv. Die Einf\u00fchrung eines Records Management Systems inkl. Aktenplan und Abbildung der Aufbewahrung im Office-Umfeld erm\u00f6glicht eine hierf\u00fcr einheitliche, zentrale und konforme L\u00f6sung \u2013 inkl. Anbindung von Core-Business Applikationen. Die Qualit\u00e4t und Quantit\u00e4t der Gesch\u00e4ftsabwicklung kann gesteigert werden. Aufwendungen in der IT und Administration reduzieren sich enorm.<\/p>\t\t<\/div>\n\t\t\t\t<\/div>\n\t\t\t\t\t<\/div>\n\t\t<\/div>\n\t\t\t\t\t<\/div>\n\t\t<\/section>\n\t\t\t\t<\/div>\n\t\t","protected":false},"excerpt":{"rendered":"<p>RECORD MANAGEMENT In einer kantonalen Verwaltung Die zunehmende elektronische Informationsflut in kantonalen Verwaltungen erschwert bisherige Arbeitsweisen und die effiziente Verwaltung der Gesch\u00e4ftsunterlagen. Die Arbeitsqualit\u00e4t und Mitarbeiterzufriedenheit leiden dadurch massiv. Die Einf\u00fchrung eines Records Management Systems inkl. Aktenplan und Abbildung der Aufbewahrung im Office-Umfeld erm\u00f6glicht eine hierf\u00fcr einheitliche, zentrale und konforme L\u00f6sung \u2013 inkl. Anbindung von [&hellip;]<\/p>\n","protected":false},"author":2,"featured_media":0,"parent":0,"menu_order":0,"comment_status":"closed","ping_status":"closed","template":"","meta":{"footnotes":""},"class_list":["post-6223","page","type-page","status-publish","hentry"],"yoast_head":"<!-- This site is optimized with the Yoast SEO plugin v27.5 - https:\/\/yoast.com\/product\/yoast-seo-wordpress\/ -->\n<title>Records management - cantonal administrative office. - Imageware AG<\/title>\n<meta name=\"robots\" content=\"index, follow, max-snippet:-1, max-image-preview:large, max-video-preview:-1\" \/>\n<link rel=\"canonical\" href=\"https:\/\/imageware.ch\/de\/records-management-cantonal-administrative-office\/\" \/>\n<meta property=\"og:locale\" content=\"de_DE\" \/>\n<meta property=\"og:type\" content=\"article\" \/>\n<meta property=\"og:title\" content=\"Records management - cantonal administrative office. - Imageware AG\" \/>\n<meta property=\"og:description\" content=\"RECORD MANAGEMENT In einer kantonalen Verwaltung Die zunehmende elektronische Informationsflut in kantonalen Verwaltungen erschwert bisherige Arbeitsweisen und die effiziente Verwaltung der Gesch\u00e4ftsunterlagen. Die Arbeitsqualit\u00e4t und Mitarbeiterzufriedenheit leiden dadurch massiv. Die Einf\u00fchrung eines Records Management Systems inkl. Aktenplan und Abbildung der Aufbewahrung im Office-Umfeld erm\u00f6glicht eine hierf\u00fcr einheitliche, zentrale und konforme L\u00f6sung \u2013 inkl. Anbindung von [&hellip;]\" \/>\n<meta property=\"og:url\" content=\"https:\/\/imageware.ch\/de\/records-management-cantonal-administrative-office\/\" \/>\n<meta property=\"og:site_name\" content=\"Imageware AG\" \/>\n<meta property=\"article:modified_time\" content=\"2023-11-11T19:11:44+00:00\" \/>\n<meta property=\"og:image\" content=\"https:\/\/imageware.ch\/wp-content\/uploads\/2023\/02\/Image.png\" \/>\n\t<meta property=\"og:image:width\" content=\"532\" \/>\n\t<meta property=\"og:image:height\" content=\"610\" \/>\n\t<meta property=\"og:image:type\" content=\"image\/png\" \/>\n<meta name=\"twitter:card\" content=\"summary_large_image\" \/>\n<meta name=\"twitter:label1\" content=\"Gesch\u00e4tzte Lesezeit\" \/>\n\t<meta name=\"twitter:data1\" content=\"1\u00a0Minute\" \/>\n<script type=\"application\/ld+json\" class=\"yoast-schema-graph\">{\"@context\":\"https:\\\/\\\/schema.org\",\"@graph\":[{\"@type\":\"WebPage\",\"@id\":\"https:\\\/\\\/imageware.ch\\\/de\\\/records-management-cantonal-administrative-office\\\/\",\"url\":\"https:\\\/\\\/imageware.ch\\\/de\\\/records-management-cantonal-administrative-office\\\/\",\"name\":\"Records management - cantonal administrative office. - Imageware AG\",\"isPartOf\":{\"@id\":\"https:\\\/\\\/imageware.ch\\\/de\\\/#website\"},\"datePublished\":\"2023-06-01T06:23:22+00:00\",\"dateModified\":\"2023-11-11T19:11:44+00:00\",\"breadcrumb\":{\"@id\":\"https:\\\/\\\/imageware.ch\\\/de\\\/records-management-cantonal-administrative-office\\\/#breadcrumb\"},\"inLanguage\":\"de\",\"potentialAction\":[{\"@type\":\"ReadAction\",\"target\":[\"https:\\\/\\\/imageware.ch\\\/de\\\/records-management-cantonal-administrative-office\\\/\"]}]},{\"@type\":\"BreadcrumbList\",\"@id\":\"https:\\\/\\\/imageware.ch\\\/de\\\/records-management-cantonal-administrative-office\\\/#breadcrumb\",\"itemListElement\":[{\"@type\":\"ListItem\",\"position\":1,\"name\":\"Home\",\"item\":\"https:\\\/\\\/imageware.ch\\\/de\\\/\"},{\"@type\":\"ListItem\",\"position\":2,\"name\":\"Records management &#8211; cantonal administrative office.\"}]},{\"@type\":\"WebSite\",\"@id\":\"https:\\\/\\\/imageware.ch\\\/de\\\/#website\",\"url\":\"https:\\\/\\\/imageware.ch\\\/de\\\/\",\"name\":\"Imageware AG - Intelligent Information Management Solutions\",\"description\":\"We turn information into knowledge!\",\"publisher\":{\"@id\":\"https:\\\/\\\/imageware.ch\\\/de\\\/#organization\"},\"potentialAction\":[{\"@type\":\"SearchAction\",\"target\":{\"@type\":\"EntryPoint\",\"urlTemplate\":\"https:\\\/\\\/imageware.ch\\\/de\\\/?s={search_term_string}\"},\"query-input\":{\"@type\":\"PropertyValueSpecification\",\"valueRequired\":true,\"valueName\":\"search_term_string\"}}],\"inLanguage\":\"de\"},{\"@type\":\"Organization\",\"@id\":\"https:\\\/\\\/imageware.ch\\\/de\\\/#organization\",\"name\":\"Imageware AG - Intelligent Information Management Solutions\",\"url\":\"https:\\\/\\\/imageware.ch\\\/de\\\/\",\"logo\":{\"@type\":\"ImageObject\",\"inLanguage\":\"de\",\"@id\":\"https:\\\/\\\/imageware.ch\\\/de\\\/#\\\/schema\\\/logo\\\/image\\\/\",\"url\":\"https:\\\/\\\/imageware.ch\\\/wp-content\\\/uploads\\\/2023\\\/02\\\/logo1.png\",\"contentUrl\":\"https:\\\/\\\/imageware.ch\\\/wp-content\\\/uploads\\\/2023\\\/02\\\/logo1.png\",\"width\":384,\"height\":110,\"caption\":\"Imageware AG - Intelligent Information Management Solutions\"},\"image\":{\"@id\":\"https:\\\/\\\/imageware.ch\\\/de\\\/#\\\/schema\\\/logo\\\/image\\\/\"}}]}<\/script>\n<!-- \/ Yoast SEO plugin. -->","yoast_head_json":{"title":"Records management - cantonal administrative office. - Imageware AG","robots":{"index":"index","follow":"follow","max-snippet":"max-snippet:-1","max-image-preview":"max-image-preview:large","max-video-preview":"max-video-preview:-1"},"canonical":"https:\/\/imageware.ch\/de\/records-management-cantonal-administrative-office\/","og_locale":"de_DE","og_type":"article","og_title":"Records management - cantonal administrative office. - Imageware AG","og_description":"RECORD MANAGEMENT In einer kantonalen Verwaltung Die zunehmende elektronische Informationsflut in kantonalen Verwaltungen erschwert bisherige Arbeitsweisen und die effiziente Verwaltung der Gesch\u00e4ftsunterlagen. Die Arbeitsqualit\u00e4t und Mitarbeiterzufriedenheit leiden dadurch massiv. Die Einf\u00fchrung eines Records Management Systems inkl. Aktenplan und Abbildung der Aufbewahrung im Office-Umfeld erm\u00f6glicht eine hierf\u00fcr einheitliche, zentrale und konforme L\u00f6sung \u2013 inkl. Anbindung von [&hellip;]","og_url":"https:\/\/imageware.ch\/de\/records-management-cantonal-administrative-office\/","og_site_name":"Imageware AG","article_modified_time":"2023-11-11T19:11:44+00:00","og_image":[{"width":532,"height":610,"url":"https:\/\/imageware.ch\/wp-content\/uploads\/2023\/02\/Image.png","type":"image\/png"}],"twitter_card":"summary_large_image","twitter_misc":{"Gesch\u00e4tzte Lesezeit":"1\u00a0Minute"},"schema":{"@context":"https:\/\/schema.org","@graph":[{"@type":"WebPage","@id":"https:\/\/imageware.ch\/de\/records-management-cantonal-administrative-office\/","url":"https:\/\/imageware.ch\/de\/records-management-cantonal-administrative-office\/","name":"Records management - cantonal administrative office. - Imageware AG","isPartOf":{"@id":"https:\/\/imageware.ch\/de\/#website"},"datePublished":"2023-06-01T06:23:22+00:00","dateModified":"2023-11-11T19:11:44+00:00","breadcrumb":{"@id":"https:\/\/imageware.ch\/de\/records-management-cantonal-administrative-office\/#breadcrumb"},"inLanguage":"de","potentialAction":[{"@type":"ReadAction","target":["https:\/\/imageware.ch\/de\/records-management-cantonal-administrative-office\/"]}]},{"@type":"BreadcrumbList","@id":"https:\/\/imageware.ch\/de\/records-management-cantonal-administrative-office\/#breadcrumb","itemListElement":[{"@type":"ListItem","position":1,"name":"Home","item":"https:\/\/imageware.ch\/de\/"},{"@type":"ListItem","position":2,"name":"Records management &#8211; cantonal administrative office."}]},{"@type":"WebSite","@id":"https:\/\/imageware.ch\/de\/#website","url":"https:\/\/imageware.ch\/de\/","name":"Imageware AG - Intelligent Information Management Solutions","description":"We turn information into knowledge!","publisher":{"@id":"https:\/\/imageware.ch\/de\/#organization"},"potentialAction":[{"@type":"SearchAction","target":{"@type":"EntryPoint","urlTemplate":"https:\/\/imageware.ch\/de\/?s={search_term_string}"},"query-input":{"@type":"PropertyValueSpecification","valueRequired":true,"valueName":"search_term_string"}}],"inLanguage":"de"},{"@type":"Organization","@id":"https:\/\/imageware.ch\/de\/#organization","name":"Imageware AG - Intelligent Information Management Solutions","url":"https:\/\/imageware.ch\/de\/","logo":{"@type":"ImageObject","inLanguage":"de","@id":"https:\/\/imageware.ch\/de\/#\/schema\/logo\/image\/","url":"https:\/\/imageware.ch\/wp-content\/uploads\/2023\/02\/logo1.png","contentUrl":"https:\/\/imageware.ch\/wp-content\/uploads\/2023\/02\/logo1.png","width":384,"height":110,"caption":"Imageware AG - Intelligent Information Management Solutions"},"image":{"@id":"https:\/\/imageware.ch\/de\/#\/schema\/logo\/image\/"}}]}},"_links":{"self":[{"href":"https:\/\/imageware.ch\/de\/wp-json\/wp\/v2\/pages\/6223","targetHints":{"allow":["GET"]}}],"collection":[{"href":"https:\/\/imageware.ch\/de\/wp-json\/wp\/v2\/pages"}],"about":[{"href":"https:\/\/imageware.ch\/de\/wp-json\/wp\/v2\/types\/page"}],"author":[{"embeddable":true,"href":"https:\/\/imageware.ch\/de\/wp-json\/wp\/v2\/users\/2"}],"replies":[{"embeddable":true,"href":"https:\/\/imageware.ch\/de\/wp-json\/wp\/v2\/comments?post=6223"}],"version-history":[{"count":46,"href":"https:\/\/imageware.ch\/de\/wp-json\/wp\/v2\/pages\/6223\/revisions"}],"predecessor-version":[{"id":23272,"href":"https:\/\/imageware.ch\/de\/wp-json\/wp\/v2\/pages\/6223\/revisions\/23272"}],"wp:attachment":[{"href":"https:\/\/imageware.ch\/de\/wp-json\/wp\/v2\/media?parent=6223"}],"curies":[{"name":"wp","href":"https:\/\/api.w.org\/{rel}","templated":true}]}}