{"id":18583,"date":"2023-10-02T10:29:03","date_gmt":"2023-10-02T09:29:03","guid":{"rendered":"https:\/\/imgw.designbees.ch\/thumbnail-generator-de\/"},"modified":"2024-02-14T14:19:58","modified_gmt":"2024-02-14T13:19:58","slug":"thumbnail-generator-de","status":"publish","type":"page","link":"https:\/\/imageware.ch\/de\/thumbnail-generator-de\/","title":{"rendered":"Thumbnail Generator-DE"},"content":{"rendered":"\t\t<div data-elementor-type=\"wp-page\" data-elementor-id=\"18583\" class=\"elementor elementor-18583 elementor-15431\">\n\t\t\t\t\t\t<section class=\"elementor-section elementor-top-section elementor-element elementor-element-629f5e5 elementor-section-items-stretch elementor-section-content-top elementor-section-height-min-height imgw_header elementor-section-boxed elementor-section-height-default\" data-id=\"629f5e5\" data-element_type=\"section\" data-settings=\"{&quot;background_background&quot;:&quot;classic&quot;}\">\n\t\t\t\t\t\t<div class=\"elementor-container elementor-column-gap-default\">\n\t\t\t\t\t<div class=\"elementor-column elementor-col-100 elementor-top-column elementor-element elementor-element-1849ce2\" data-id=\"1849ce2\" data-element_type=\"column\">\n\t\t\t<div class=\"elementor-widget-wrap elementor-element-populated\">\n\t\t\t\t\t\t<div class=\"elementor-element elementor-element-3687961 elementor-widget elementor-widget-heading\" data-id=\"3687961\" data-element_type=\"widget\" data-widget_type=\"heading.default\">\n\t\t\t\t<div class=\"elementor-widget-container\">\n\t\t\t<h1 class=\"elementor-heading-title elementor-size-default\">THUMBNAIL GENERATOR<\/h1>\t\t<\/div>\n\t\t\t\t<\/div>\n\t\t\t\t\t<\/div>\n\t\t<\/div>\n\t\t\t\t\t<\/div>\n\t\t<\/section>\n\t\t\t\t<section class=\"elementor-section elementor-top-section elementor-element elementor-element-99930a4 imgw_sticky_header elementor-section-boxed elementor-section-height-default elementor-section-height-default\" data-id=\"99930a4\" data-element_type=\"section\">\n\t\t\t\t\t\t<div class=\"elementor-container elementor-column-gap-default\">\n\t\t\t\t\t<div class=\"elementor-column elementor-col-100 elementor-top-column elementor-element elementor-element-90c60f2\" data-id=\"90c60f2\" data-element_type=\"column\">\n\t\t\t<div class=\"elementor-widget-wrap elementor-element-populated\">\n\t\t\t\t\t\t<div class=\"elementor-element elementor-element-e3d899d elementor-widget elementor-widget-spacer\" data-id=\"e3d899d\" data-element_type=\"widget\" data-widget_type=\"spacer.default\">\n\t\t\t\t<div class=\"elementor-widget-container\">\n\t\t\t\t\t<div class=\"elementor-spacer\">\n\t\t\t<div class=\"elementor-spacer-inner\"><\/div>\n\t\t<\/div>\n\t\t\t\t<\/div>\n\t\t\t\t<\/div>\n\t\t\t\t<div class=\"elementor-element elementor-element-819a3c4 back-button elementor-widget elementor-widget-ucaddon_back_button\" data-id=\"819a3c4\" data-element_type=\"widget\" data-widget_type=\"ucaddon_back_button.default\">\n\t\t\t\t<div class=\"elementor-widget-container\">\n\t\t\t\n<!-- start back-button -->\n<style>\/* widget: back-button *\/\n\n.back-button  i {\n    color: #990001 !important;\n    font-size: 1.5em; \n}\n\n.back-button{\n  border: 0px;\n  outline: 0px;\n  position: absolute;\n  right: -50px;\n}\n\n.imgw_sticky_header\n{\n\tpadding: 0;\n\tcursor: pointer;\n    position: -webkit-sticky !important;\n  \tposition: sticky !important;\n  \ttop: 94vh;\n    z-index: 1000\n}\n\n.is-pinned{\n\tbackground: red !important\n}\n\n\/*Media tablet - landscape*\/\n@media (min-width: 768px) and (max-width: 1024px) {\n  .back-button{\n    border: 0px;\n    outline: 0px;\n    margin-left: 0px;\n    background: #fff;\n  }\n}\n\n.back-button:hover, .back-button:active, .back-button:focus{\n  background:none;\n}\n\n<\/style>\n\n<button type=\"button\" class=\"back-button\"><i aria-hidden=\"true\" class=\"fas fa-arrow-circle-up\"><\/i><\/button>\n<!-- end back-button -->\t\t<\/div>\n\t\t\t\t<\/div>\n\t\t\t\t\t<\/div>\n\t\t<\/div>\n\t\t\t\t\t<\/div>\n\t\t<\/section>\n\t\t\t\t<section class=\"elementor-section elementor-top-section elementor-element elementor-element-1cbf8fa elementor-section-height-min-height elementor-section-items-top elementor-section-boxed elementor-section-height-default\" data-id=\"1cbf8fa\" data-element_type=\"section\">\n\t\t\t\t\t\t<div class=\"elementor-container elementor-column-gap-default\">\n\t\t\t\t\t<div class=\"elementor-column elementor-col-100 elementor-top-column elementor-element elementor-element-46fcd12\" data-id=\"46fcd12\" data-element_type=\"column\">\n\t\t\t<div class=\"elementor-widget-wrap elementor-element-populated\">\n\t\t\t\t\t\t<div class=\"elementor-element elementor-element-d2ea382 elementor-widget elementor-widget-heading\" data-id=\"d2ea382\" data-element_type=\"widget\" data-widget_type=\"heading.default\">\n\t\t\t\t<div class=\"elementor-widget-container\">\n\t\t\t<h2 class=\"elementor-heading-title elementor-size-default\">Mit Thumbnail wird OpenText eDOCS DM zum Bilderarchiv<\/h2>\t\t<\/div>\n\t\t\t\t<\/div>\n\t\t\t\t\t<\/div>\n\t\t<\/div>\n\t\t\t\t\t<\/div>\n\t\t<\/section>\n\t\t\t\t<section class=\"elementor-section elementor-top-section elementor-element elementor-element-8af0eec elementor-section-boxed elementor-section-height-default elementor-section-height-default\" data-id=\"8af0eec\" data-element_type=\"section\">\n\t\t\t\t\t\t<div class=\"elementor-container elementor-column-gap-default\">\n\t\t\t\t\t<div class=\"elementor-column elementor-col-100 elementor-top-column elementor-element elementor-element-9e49cfb\" data-id=\"9e49cfb\" data-element_type=\"column\">\n\t\t\t<div class=\"elementor-widget-wrap elementor-element-populated\">\n\t\t\t\t\t\t<div class=\"elementor-element elementor-element-471798c imgw_text_content elementor-widget elementor-widget-text-editor\" data-id=\"471798c\" data-element_type=\"widget\" data-widget_type=\"text-editor.default\">\n\t\t\t\t<div class=\"elementor-widget-container\">\n\t\t\t\t\t\t\t<p>Vorschaubilder zu beliebigen Dokumenten in eDOCS werden im Hintergrund automatisch generiert und zur Verf\u00fcgung gestellt. Die Thumbnailswerden als eine zus\u00e4tzliche Komponente zu einem Dokument im DM abgelegt und stehen f\u00fcr den Gebrauch zur Verf\u00fcgung. F\u00fcr jedes Format k\u00f6nnen die Vorschaubilder individuell generiert werden.<\/p>\n\t\t\t\t\t\t<\/div>\n\t\t\t\t<\/div>\n\t\t\t\t\t<\/div>\n\t\t<\/div>\n\t\t\t\t\t<\/div>\n\t\t<\/section>\n\t\t\t\t<section class=\"elementor-section elementor-top-section elementor-element elementor-element-0414771 elementor-section-boxed elementor-section-height-default elementor-section-height-default\" data-id=\"0414771\" data-element_type=\"section\">\n\t\t\t\t\t\t<div class=\"elementor-container elementor-column-gap-default\">\n\t\t\t\t\t<div class=\"elementor-column elementor-col-100 elementor-top-column elementor-element elementor-element-c4ccabe\" data-id=\"c4ccabe\" data-element_type=\"column\">\n\t\t\t<div class=\"elementor-widget-wrap elementor-element-populated\">\n\t\t\t\t\t\t<div class=\"elementor-element elementor-element-b99234d elementor-widget elementor-widget-heading\" data-id=\"b99234d\" data-element_type=\"widget\" data-widget_type=\"heading.default\">\n\t\t\t\t<div class=\"elementor-widget-container\">\n\t\t\t<h3 class=\"elementor-heading-title elementor-size-default\">Funktionen im \u00dcberblick<\/h3>\t\t<\/div>\n\t\t\t\t<\/div>\n\t\t\t\t\t<\/div>\n\t\t<\/div>\n\t\t\t\t\t<\/div>\n\t\t<\/section>\n\t\t\t\t<section class=\"elementor-section elementor-top-section elementor-element elementor-element-e2bbcf8 elementor-section-boxed elementor-section-height-default elementor-section-height-default\" data-id=\"e2bbcf8\" data-element_type=\"section\">\n\t\t\t\t\t\t<div class=\"elementor-container elementor-column-gap-default\">\n\t\t\t\t\t<div class=\"elementor-column elementor-col-50 elementor-top-column elementor-element elementor-element-36874c6\" data-id=\"36874c6\" data-element_type=\"column\">\n\t\t\t<div class=\"elementor-widget-wrap elementor-element-populated\">\n\t\t\t\t\t\t<div class=\"elementor-element elementor-element-38096f8 imgw_text_content elementor-widget elementor-widget-text-editor\" data-id=\"38096f8\" data-element_type=\"widget\" data-widget_type=\"text-editor.default\">\n\t\t\t\t<div class=\"elementor-widget-container\">\n\t\t\t\t\t\t\t<ul><li>\u00a0Generieren von Vorschaubildern f\u00fcr MS Office Dokumente bzw. Dateien (Word, Excel, PowerPoint usw.) sowie f\u00fcr TXT-und PDF-Dateien\u00a0<\/li><li>Unterst\u00fctzt alle g\u00e4ngigen Dokument-und Bildformate (z.B. JPG, GIF, TIF)<\/li><li>Darstellung von HTML-Seiten als Thumbnails\u00a0<\/li><li>Thumbnail retrieve\u00a0<ul><li>Integration der von Windows bereitgestellten Vorschaubilder\u00a0<\/li><\/ul><\/li><li>Thumbnail Generierung\u00a0<ul><li>performante und formatunabh\u00e4ngige Generierung im Hintergrund\u00a0<\/li><li>Konvertierung ohne Office-Anwendungen<\/li><\/ul><\/li><\/ul>\t\t\t\t\t\t<\/div>\n\t\t\t\t<\/div>\n\t\t\t\t\t<\/div>\n\t\t<\/div>\n\t\t\t\t<div class=\"elementor-column elementor-col-50 elementor-top-column elementor-element elementor-element-3c550aa\" data-id=\"3c550aa\" data-element_type=\"column\">\n\t\t\t<div class=\"elementor-widget-wrap elementor-element-populated\">\n\t\t\t\t\t\t<div class=\"elementor-element elementor-element-0dcd27e elementor-widget elementor-widget-image\" data-id=\"0dcd27e\" data-element_type=\"widget\" data-widget_type=\"image.default\">\n\t\t\t\t<div class=\"elementor-widget-container\">\n\t\t\t\t\t\t\t\t\t\t\t\t\t<img fetchpriority=\"high\" decoding=\"async\" width=\"300\" height=\"259\" src=\"https:\/\/imageware.ch\/wp-content\/uploads\/2023\/06\/thumbnail-300x259.png\" class=\"attachment-medium size-medium wp-image-6026\" alt=\"IW-Doc Import\" srcset=\"https:\/\/imageware.ch\/wp-content\/uploads\/2023\/06\/thumbnail-300x259.png 300w, https:\/\/imageware.ch\/wp-content\/uploads\/2023\/06\/thumbnail.png 466w\" sizes=\"(max-width: 300px) 100vw, 300px\" \/>\t\t\t\t\t\t\t\t\t\t\t\t\t<\/div>\n\t\t\t\t<\/div>\n\t\t\t\t\t<\/div>\n\t\t<\/div>\n\t\t\t\t\t<\/div>\n\t\t<\/section>\n\t\t\t\t<section class=\"elementor-section elementor-top-section elementor-element elementor-element-fb82fd0 elementor-section-boxed elementor-section-height-default elementor-section-height-default\" data-id=\"fb82fd0\" data-element_type=\"section\">\n\t\t\t\t\t\t<div class=\"elementor-container elementor-column-gap-default\">\n\t\t\t\t\t<div class=\"elementor-column elementor-col-100 elementor-top-column elementor-element elementor-element-d059f78\" data-id=\"d059f78\" data-element_type=\"column\">\n\t\t\t<div class=\"elementor-widget-wrap elementor-element-populated\">\n\t\t\t\t\t\t<div class=\"elementor-element elementor-element-819efd5 elementor-widget elementor-widget-heading\" data-id=\"819efd5\" data-element_type=\"widget\" data-widget_type=\"heading.default\">\n\t\t\t\t<div class=\"elementor-widget-container\">\n\t\t\t<h3 class=\"elementor-heading-title elementor-size-default\">Vorteile dieser L\u00f6sung<\/h3>\t\t<\/div>\n\t\t\t\t<\/div>\n\t\t\t\t\t<\/div>\n\t\t<\/div>\n\t\t\t\t\t<\/div>\n\t\t<\/section>\n\t\t\t\t<section class=\"elementor-section elementor-top-section elementor-element elementor-element-d9618e4 elementor-section-boxed elementor-section-height-default elementor-section-height-default\" data-id=\"d9618e4\" data-element_type=\"section\">\n\t\t\t\t\t\t<div class=\"elementor-container elementor-column-gap-default\">\n\t\t\t\t\t<div class=\"elementor-column elementor-col-100 elementor-top-column elementor-element elementor-element-a08f56f\" data-id=\"a08f56f\" data-element_type=\"column\">\n\t\t\t<div class=\"elementor-widget-wrap elementor-element-populated\">\n\t\t\t\t\t\t<div class=\"elementor-element elementor-element-5fcea2d imgw_text_content elementor-widget elementor-widget-text-editor\" data-id=\"5fcea2d\" data-element_type=\"widget\" data-widget_type=\"text-editor.default\">\n\t\t\t\t<div class=\"elementor-widget-container\">\n\t\t\t\t\t\t\t<ul><li>Benutzerfreundliche und einfache Bedienung\u00a0<\/li><li>Vielf\u00e4ltige Einstellungsm\u00f6glichkeiten<\/li><li>Erweitert die Vorschaum\u00f6glichkeit des OpenText eDOCS DM\u00a0<\/li><li>Beliebige Formate in verschiedenen Gr\u00f6ssen generierbar<\/li><\/ul>\t\t\t\t\t\t<\/div>\n\t\t\t\t<\/div>\n\t\t\t\t\t<\/div>\n\t\t<\/div>\n\t\t\t\t\t<\/div>\n\t\t<\/section>\n\t\t\t\t<\/div>\n\t\t","protected":false},"excerpt":{"rendered":"<p>THUMBNAIL GENERATOR Mit Thumbnail wird OpenText eDOCS DM zum Bilderarchiv Vorschaubilder zu beliebigen Dokumenten in eDOCS werden im Hintergrund automatisch generiert und zur Verf\u00fcgung gestellt. Die Thumbnailswerden als eine zus\u00e4tzliche Komponente zu einem Dokument im DM abgelegt und stehen f\u00fcr den Gebrauch zur Verf\u00fcgung. F\u00fcr jedes Format k\u00f6nnen die Vorschaubilder individuell generiert werden. Funktionen im [&hellip;]<\/p>\n","protected":false},"author":1,"featured_media":0,"parent":0,"menu_order":0,"comment_status":"closed","ping_status":"closed","template":"","meta":{"footnotes":""},"class_list":["post-18583","page","type-page","status-publish","hentry"],"yoast_head":"<!-- This site is optimized with the Yoast SEO plugin v27.4 - https:\/\/yoast.com\/product\/yoast-seo-wordpress\/ -->\n<title>Thumbnail Generator-DE - Imageware AG<\/title>\n<meta name=\"robots\" content=\"index, follow, max-snippet:-1, max-image-preview:large, max-video-preview:-1\" \/>\n<link rel=\"canonical\" href=\"https:\/\/imageware.ch\/de\/thumbnail-generator-de\/\" \/>\n<meta property=\"og:locale\" content=\"de_DE\" \/>\n<meta property=\"og:type\" content=\"article\" \/>\n<meta property=\"og:title\" content=\"Thumbnail Generator-DE - Imageware AG\" \/>\n<meta property=\"og:description\" content=\"THUMBNAIL GENERATOR Mit Thumbnail wird OpenText eDOCS DM zum Bilderarchiv Vorschaubilder zu beliebigen Dokumenten in eDOCS werden im Hintergrund automatisch generiert und zur Verf\u00fcgung gestellt. Die Thumbnailswerden als eine zus\u00e4tzliche Komponente zu einem Dokument im DM abgelegt und stehen f\u00fcr den Gebrauch zur Verf\u00fcgung. F\u00fcr jedes Format k\u00f6nnen die Vorschaubilder individuell generiert werden. Funktionen im [&hellip;]\" \/>\n<meta property=\"og:url\" content=\"https:\/\/imageware.ch\/de\/thumbnail-generator-de\/\" \/>\n<meta property=\"og:site_name\" content=\"Imageware AG\" \/>\n<meta property=\"article:modified_time\" content=\"2024-02-14T13:19:58+00:00\" \/>\n<meta property=\"og:image\" content=\"https:\/\/imageware.ch\/wp-content\/uploads\/2023\/06\/thumbnail-300x259.png\" \/>\n<meta name=\"twitter:card\" content=\"summary_large_image\" \/>\n<meta name=\"twitter:label1\" content=\"Gesch\u00e4tzte Lesezeit\" \/>\n\t<meta name=\"twitter:data1\" content=\"1\u00a0Minute\" \/>\n<script type=\"application\/ld+json\" class=\"yoast-schema-graph\">{\"@context\":\"https:\\\/\\\/schema.org\",\"@graph\":[{\"@type\":\"WebPage\",\"@id\":\"https:\\\/\\\/imageware.ch\\\/de\\\/thumbnail-generator-de\\\/\",\"url\":\"https:\\\/\\\/imageware.ch\\\/de\\\/thumbnail-generator-de\\\/\",\"name\":\"Thumbnail Generator-DE - Imageware AG\",\"isPartOf\":{\"@id\":\"https:\\\/\\\/imageware.ch\\\/de\\\/#website\"},\"primaryImageOfPage\":{\"@id\":\"https:\\\/\\\/imageware.ch\\\/de\\\/thumbnail-generator-de\\\/#primaryimage\"},\"image\":{\"@id\":\"https:\\\/\\\/imageware.ch\\\/de\\\/thumbnail-generator-de\\\/#primaryimage\"},\"thumbnailUrl\":\"https:\\\/\\\/imageware.ch\\\/wp-content\\\/uploads\\\/2023\\\/06\\\/thumbnail-300x259.png\",\"datePublished\":\"2023-10-02T09:29:03+00:00\",\"dateModified\":\"2024-02-14T13:19:58+00:00\",\"breadcrumb\":{\"@id\":\"https:\\\/\\\/imageware.ch\\\/de\\\/thumbnail-generator-de\\\/#breadcrumb\"},\"inLanguage\":\"de\",\"potentialAction\":[{\"@type\":\"ReadAction\",\"target\":[\"https:\\\/\\\/imageware.ch\\\/de\\\/thumbnail-generator-de\\\/\"]}]},{\"@type\":\"ImageObject\",\"inLanguage\":\"de\",\"@id\":\"https:\\\/\\\/imageware.ch\\\/de\\\/thumbnail-generator-de\\\/#primaryimage\",\"url\":\"https:\\\/\\\/imageware.ch\\\/wp-content\\\/uploads\\\/2023\\\/06\\\/thumbnail-300x259.png\",\"contentUrl\":\"https:\\\/\\\/imageware.ch\\\/wp-content\\\/uploads\\\/2023\\\/06\\\/thumbnail-300x259.png\"},{\"@type\":\"BreadcrumbList\",\"@id\":\"https:\\\/\\\/imageware.ch\\\/de\\\/thumbnail-generator-de\\\/#breadcrumb\",\"itemListElement\":[{\"@type\":\"ListItem\",\"position\":1,\"name\":\"Home\",\"item\":\"https:\\\/\\\/imageware.ch\\\/de\\\/\"},{\"@type\":\"ListItem\",\"position\":2,\"name\":\"Thumbnail Generator-DE\"}]},{\"@type\":\"WebSite\",\"@id\":\"https:\\\/\\\/imageware.ch\\\/de\\\/#website\",\"url\":\"https:\\\/\\\/imageware.ch\\\/de\\\/\",\"name\":\"Imageware AG - Intelligent Information Management Solutions\",\"description\":\"We turn information into knowledge!\",\"publisher\":{\"@id\":\"https:\\\/\\\/imageware.ch\\\/de\\\/#organization\"},\"potentialAction\":[{\"@type\":\"SearchAction\",\"target\":{\"@type\":\"EntryPoint\",\"urlTemplate\":\"https:\\\/\\\/imageware.ch\\\/de\\\/?s={search_term_string}\"},\"query-input\":{\"@type\":\"PropertyValueSpecification\",\"valueRequired\":true,\"valueName\":\"search_term_string\"}}],\"inLanguage\":\"de\"},{\"@type\":\"Organization\",\"@id\":\"https:\\\/\\\/imageware.ch\\\/de\\\/#organization\",\"name\":\"Imageware AG - Intelligent Information Management Solutions\",\"url\":\"https:\\\/\\\/imageware.ch\\\/de\\\/\",\"logo\":{\"@type\":\"ImageObject\",\"inLanguage\":\"de\",\"@id\":\"https:\\\/\\\/imageware.ch\\\/de\\\/#\\\/schema\\\/logo\\\/image\\\/\",\"url\":\"https:\\\/\\\/imageware.ch\\\/wp-content\\\/uploads\\\/2023\\\/02\\\/logo1.png\",\"contentUrl\":\"https:\\\/\\\/imageware.ch\\\/wp-content\\\/uploads\\\/2023\\\/02\\\/logo1.png\",\"width\":384,\"height\":110,\"caption\":\"Imageware AG - Intelligent Information Management Solutions\"},\"image\":{\"@id\":\"https:\\\/\\\/imageware.ch\\\/de\\\/#\\\/schema\\\/logo\\\/image\\\/\"}}]}<\/script>\n<!-- \/ Yoast SEO plugin. -->","yoast_head_json":{"title":"Thumbnail Generator-DE - Imageware AG","robots":{"index":"index","follow":"follow","max-snippet":"max-snippet:-1","max-image-preview":"max-image-preview:large","max-video-preview":"max-video-preview:-1"},"canonical":"https:\/\/imageware.ch\/de\/thumbnail-generator-de\/","og_locale":"de_DE","og_type":"article","og_title":"Thumbnail Generator-DE - Imageware AG","og_description":"THUMBNAIL GENERATOR Mit Thumbnail wird OpenText eDOCS DM zum Bilderarchiv Vorschaubilder zu beliebigen Dokumenten in eDOCS werden im Hintergrund automatisch generiert und zur Verf\u00fcgung gestellt. Die Thumbnailswerden als eine zus\u00e4tzliche Komponente zu einem Dokument im DM abgelegt und stehen f\u00fcr den Gebrauch zur Verf\u00fcgung. F\u00fcr jedes Format k\u00f6nnen die Vorschaubilder individuell generiert werden. Funktionen im [&hellip;]","og_url":"https:\/\/imageware.ch\/de\/thumbnail-generator-de\/","og_site_name":"Imageware AG","article_modified_time":"2024-02-14T13:19:58+00:00","og_image":[{"url":"https:\/\/imageware.ch\/wp-content\/uploads\/2023\/06\/thumbnail-300x259.png","type":"","width":"","height":""}],"twitter_card":"summary_large_image","twitter_misc":{"Gesch\u00e4tzte Lesezeit":"1\u00a0Minute"},"schema":{"@context":"https:\/\/schema.org","@graph":[{"@type":"WebPage","@id":"https:\/\/imageware.ch\/de\/thumbnail-generator-de\/","url":"https:\/\/imageware.ch\/de\/thumbnail-generator-de\/","name":"Thumbnail Generator-DE - Imageware AG","isPartOf":{"@id":"https:\/\/imageware.ch\/de\/#website"},"primaryImageOfPage":{"@id":"https:\/\/imageware.ch\/de\/thumbnail-generator-de\/#primaryimage"},"image":{"@id":"https:\/\/imageware.ch\/de\/thumbnail-generator-de\/#primaryimage"},"thumbnailUrl":"https:\/\/imageware.ch\/wp-content\/uploads\/2023\/06\/thumbnail-300x259.png","datePublished":"2023-10-02T09:29:03+00:00","dateModified":"2024-02-14T13:19:58+00:00","breadcrumb":{"@id":"https:\/\/imageware.ch\/de\/thumbnail-generator-de\/#breadcrumb"},"inLanguage":"de","potentialAction":[{"@type":"ReadAction","target":["https:\/\/imageware.ch\/de\/thumbnail-generator-de\/"]}]},{"@type":"ImageObject","inLanguage":"de","@id":"https:\/\/imageware.ch\/de\/thumbnail-generator-de\/#primaryimage","url":"https:\/\/imageware.ch\/wp-content\/uploads\/2023\/06\/thumbnail-300x259.png","contentUrl":"https:\/\/imageware.ch\/wp-content\/uploads\/2023\/06\/thumbnail-300x259.png"},{"@type":"BreadcrumbList","@id":"https:\/\/imageware.ch\/de\/thumbnail-generator-de\/#breadcrumb","itemListElement":[{"@type":"ListItem","position":1,"name":"Home","item":"https:\/\/imageware.ch\/de\/"},{"@type":"ListItem","position":2,"name":"Thumbnail Generator-DE"}]},{"@type":"WebSite","@id":"https:\/\/imageware.ch\/de\/#website","url":"https:\/\/imageware.ch\/de\/","name":"Imageware AG - Intelligent Information Management Solutions","description":"We turn information into knowledge!","publisher":{"@id":"https:\/\/imageware.ch\/de\/#organization"},"potentialAction":[{"@type":"SearchAction","target":{"@type":"EntryPoint","urlTemplate":"https:\/\/imageware.ch\/de\/?s={search_term_string}"},"query-input":{"@type":"PropertyValueSpecification","valueRequired":true,"valueName":"search_term_string"}}],"inLanguage":"de"},{"@type":"Organization","@id":"https:\/\/imageware.ch\/de\/#organization","name":"Imageware AG - Intelligent Information Management Solutions","url":"https:\/\/imageware.ch\/de\/","logo":{"@type":"ImageObject","inLanguage":"de","@id":"https:\/\/imageware.ch\/de\/#\/schema\/logo\/image\/","url":"https:\/\/imageware.ch\/wp-content\/uploads\/2023\/02\/logo1.png","contentUrl":"https:\/\/imageware.ch\/wp-content\/uploads\/2023\/02\/logo1.png","width":384,"height":110,"caption":"Imageware AG - Intelligent Information Management Solutions"},"image":{"@id":"https:\/\/imageware.ch\/de\/#\/schema\/logo\/image\/"}}]}},"_links":{"self":[{"href":"https:\/\/imageware.ch\/de\/wp-json\/wp\/v2\/pages\/18583","targetHints":{"allow":["GET"]}}],"collection":[{"href":"https:\/\/imageware.ch\/de\/wp-json\/wp\/v2\/pages"}],"about":[{"href":"https:\/\/imageware.ch\/de\/wp-json\/wp\/v2\/types\/page"}],"author":[{"embeddable":true,"href":"https:\/\/imageware.ch\/de\/wp-json\/wp\/v2\/users\/1"}],"replies":[{"embeddable":true,"href":"https:\/\/imageware.ch\/de\/wp-json\/wp\/v2\/comments?post=18583"}],"version-history":[{"count":27,"href":"https:\/\/imageware.ch\/de\/wp-json\/wp\/v2\/pages\/18583\/revisions"}],"predecessor-version":[{"id":24720,"href":"https:\/\/imageware.ch\/de\/wp-json\/wp\/v2\/pages\/18583\/revisions\/24720"}],"wp:attachment":[{"href":"https:\/\/imageware.ch\/de\/wp-json\/wp\/v2\/media?parent=18583"}],"curies":[{"name":"wp","href":"https:\/\/api.w.org\/{rel}","templated":true}]}}