{"id":18571,"date":"2023-09-29T13:23:10","date_gmt":"2023-09-29T12:23:10","guid":{"rendered":"https:\/\/imgw.designbees.ch\/managementkonsole-de\/"},"modified":"2024-02-14T14:16:44","modified_gmt":"2024-02-14T13:16:44","slug":"managementkonsole-de","status":"publish","type":"page","link":"https:\/\/imageware.ch\/de\/managementkonsole-de\/","title":{"rendered":"Managementkonsole &#8211; DE"},"content":{"rendered":"\t\t<div data-elementor-type=\"wp-page\" data-elementor-id=\"18571\" class=\"elementor elementor-18571 elementor-15281\">\n\t\t\t\t\t\t<section class=\"elementor-section elementor-top-section elementor-element elementor-element-e4f6e4f elementor-section-items-stretch elementor-section-content-top elementor-section-height-min-height imgw_header elementor-section-boxed elementor-section-height-default\" data-id=\"e4f6e4f\" data-element_type=\"section\" data-settings=\"{&quot;background_background&quot;:&quot;classic&quot;}\">\n\t\t\t\t\t\t<div class=\"elementor-container elementor-column-gap-default\">\n\t\t\t\t\t<div class=\"elementor-column elementor-col-100 elementor-top-column elementor-element elementor-element-9719df0\" data-id=\"9719df0\" data-element_type=\"column\">\n\t\t\t<div class=\"elementor-widget-wrap elementor-element-populated\">\n\t\t\t\t\t\t<div class=\"elementor-element elementor-element-21b1bcc elementor-widget elementor-widget-heading\" data-id=\"21b1bcc\" data-element_type=\"widget\" data-widget_type=\"heading.default\">\n\t\t\t\t<div class=\"elementor-widget-container\">\n\t\t\t<h1 class=\"elementor-heading-title elementor-size-default\">MANAGEMENTKONSOLE<\/h1>\t\t<\/div>\n\t\t\t\t<\/div>\n\t\t\t\t\t<\/div>\n\t\t<\/div>\n\t\t\t\t\t<\/div>\n\t\t<\/section>\n\t\t\t\t<section class=\"elementor-section elementor-top-section elementor-element elementor-element-792d81f imgw_sticky_header elementor-section-boxed elementor-section-height-default elementor-section-height-default\" data-id=\"792d81f\" data-element_type=\"section\">\n\t\t\t\t\t\t<div class=\"elementor-container elementor-column-gap-default\">\n\t\t\t\t\t<div class=\"elementor-column elementor-col-100 elementor-top-column elementor-element elementor-element-1d88ea5\" data-id=\"1d88ea5\" data-element_type=\"column\">\n\t\t\t<div class=\"elementor-widget-wrap elementor-element-populated\">\n\t\t\t\t\t\t<div class=\"elementor-element elementor-element-fd0dd73 elementor-widget elementor-widget-spacer\" data-id=\"fd0dd73\" data-element_type=\"widget\" data-widget_type=\"spacer.default\">\n\t\t\t\t<div class=\"elementor-widget-container\">\n\t\t\t\t\t<div class=\"elementor-spacer\">\n\t\t\t<div class=\"elementor-spacer-inner\"><\/div>\n\t\t<\/div>\n\t\t\t\t<\/div>\n\t\t\t\t<\/div>\n\t\t\t\t<div class=\"elementor-element elementor-element-1b4de34 elementor-widget elementor-widget-ucaddon_back_button\" data-id=\"1b4de34\" data-element_type=\"widget\" data-widget_type=\"ucaddon_back_button.default\">\n\t\t\t\t<div class=\"elementor-widget-container\">\n\t\t\t\n<!-- start back-button -->\n<style>\/* widget: back-button *\/\n\n.back-button  i {\n    color: #990001 !important;\n    font-size: 1.5em; \n}\n\n.back-button{\n  border: 0px;\n  outline: 0px;\n  position: absolute;\n  right: -50px;\n}\n\n.imgw_sticky_header\n{\n\tpadding: 0;\n\tcursor: pointer;\n    position: -webkit-sticky !important;\n  \tposition: sticky !important;\n  \ttop: 94vh;\n    z-index: 1000\n}\n\n.is-pinned{\n\tbackground: red !important\n}\n\n\/*Media tablet - landscape*\/\n@media (min-width: 768px) and (max-width: 1024px) {\n  .back-button{\n    border: 0px;\n    outline: 0px;\n    margin-left: 0px;\n    background: #fff;\n  }\n}\n\n.back-button:hover, .back-button:active, .back-button:focus{\n  background:none;\n}\n\n<\/style>\n\n<button type=\"button\" class=\"back-button\"><i aria-hidden=\"true\" class=\"fas fa-arrow-circle-up\"><\/i><\/button>\n<!-- end back-button -->\t\t<\/div>\n\t\t\t\t<\/div>\n\t\t\t\t\t<\/div>\n\t\t<\/div>\n\t\t\t\t\t<\/div>\n\t\t<\/section>\n\t\t\t\t<section class=\"elementor-section elementor-top-section elementor-element elementor-element-df5930f elementor-section-height-min-height elementor-section-items-top elementor-section-boxed elementor-section-height-default\" data-id=\"df5930f\" data-element_type=\"section\">\n\t\t\t\t\t\t<div class=\"elementor-container elementor-column-gap-default\">\n\t\t\t\t\t<div class=\"elementor-column elementor-col-100 elementor-top-column elementor-element elementor-element-0b0df7d\" data-id=\"0b0df7d\" data-element_type=\"column\">\n\t\t\t<div class=\"elementor-widget-wrap elementor-element-populated\">\n\t\t\t\t\t\t<div class=\"elementor-element elementor-element-bd4cf17 elementor-widget elementor-widget-heading\" data-id=\"bd4cf17\" data-element_type=\"widget\" data-widget_type=\"heading.default\">\n\t\t\t\t<div class=\"elementor-widget-container\">\n\t\t\t<h2 class=\"elementor-heading-title elementor-size-default\">Einheitliche Verwaltungskonsole f\u00fcr Ihre L\u00f6sungskomponenten<\/h2>\t\t<\/div>\n\t\t\t\t<\/div>\n\t\t\t\t\t<\/div>\n\t\t<\/div>\n\t\t\t\t\t<\/div>\n\t\t<\/section>\n\t\t\t\t<section class=\"elementor-section elementor-top-section elementor-element elementor-element-aa3921a elementor-section-boxed elementor-section-height-default elementor-section-height-default\" data-id=\"aa3921a\" data-element_type=\"section\">\n\t\t\t\t\t\t<div class=\"elementor-container elementor-column-gap-default\">\n\t\t\t\t\t<div class=\"elementor-column elementor-col-100 elementor-top-column elementor-element elementor-element-bea5bd4\" data-id=\"bea5bd4\" data-element_type=\"column\">\n\t\t\t<div class=\"elementor-widget-wrap elementor-element-populated\">\n\t\t\t\t\t\t<div class=\"elementor-element elementor-element-94f64c1 imgw_text_content elementor-widget elementor-widget-text-editor\" data-id=\"94f64c1\" data-element_type=\"widget\" data-widget_type=\"text-editor.default\">\n\t\t\t\t<div class=\"elementor-widget-container\">\n\t\t\t\t\t\t\t<p>In der Managementkonsole k\u00f6nnen verschiedene ImageWare-Produkte verwaltet und konfiguriert werden. Von jedem Produkt k\u00f6nnen mehrere Instanzen erstellt werden. F\u00fcr jede Instanz werden die Einstellungen separat vorgenommen und gespeichert. Pro Instanz wird ein eigener Windowsdienst installiert und gestartet.<\/p>\n\t\t\t\t\t\t<\/div>\n\t\t\t\t<\/div>\n\t\t\t\t\t<\/div>\n\t\t<\/div>\n\t\t\t\t\t<\/div>\n\t\t<\/section>\n\t\t\t\t<section class=\"elementor-section elementor-top-section elementor-element elementor-element-56f2c59 elementor-section-boxed elementor-section-height-default elementor-section-height-default\" data-id=\"56f2c59\" data-element_type=\"section\">\n\t\t\t\t\t\t<div class=\"elementor-container elementor-column-gap-default\">\n\t\t\t\t\t<div class=\"elementor-column elementor-col-100 elementor-top-column elementor-element elementor-element-42ba94e\" data-id=\"42ba94e\" data-element_type=\"column\">\n\t\t\t<div class=\"elementor-widget-wrap elementor-element-populated\">\n\t\t\t\t\t\t<div class=\"elementor-element elementor-element-daecf26 elementor-widget elementor-widget-heading\" data-id=\"daecf26\" data-element_type=\"widget\" data-widget_type=\"heading.default\">\n\t\t\t\t<div class=\"elementor-widget-container\">\n\t\t\t<h3 class=\"elementor-heading-title elementor-size-default\">Funktionen im \u00dcberblick<\/h3>\t\t<\/div>\n\t\t\t\t<\/div>\n\t\t\t\t\t<\/div>\n\t\t<\/div>\n\t\t\t\t\t<\/div>\n\t\t<\/section>\n\t\t\t\t<section class=\"elementor-section elementor-top-section elementor-element elementor-element-5bef5f1 elementor-section-boxed elementor-section-height-default elementor-section-height-default\" data-id=\"5bef5f1\" data-element_type=\"section\">\n\t\t\t\t\t\t<div class=\"elementor-container elementor-column-gap-default\">\n\t\t\t\t\t<div class=\"elementor-column elementor-col-50 elementor-top-column elementor-element elementor-element-0b7582e\" data-id=\"0b7582e\" data-element_type=\"column\">\n\t\t\t<div class=\"elementor-widget-wrap elementor-element-populated\">\n\t\t\t\t\t\t<div class=\"elementor-element elementor-element-65c2ced imgw_text_content elementor-widget elementor-widget-text-editor\" data-id=\"65c2ced\" data-element_type=\"widget\" data-widget_type=\"text-editor.default\">\n\t\t\t\t<div class=\"elementor-widget-container\">\n\t\t\t\t\t\t\t<ul><li>Einmalige Produktinstallation\u00a0<\/li><li>mehrere Instanzen eines Produktes erstellen\u00a0<\/li><li>Instanz-Einstellungen kopieren und f\u00fcr eine neue Konfiguration einsetzen\u00a0<\/li><li>Einheitliche bzw. gemeinsame Dienstschnittstellen wie\u00a0<ul><li>Mehrsprachigkeit\u00a0<\/li><li>Protokollierung\u00a0<\/li><li>Benachrichtigung\u00a0<\/li><li>Dienstadministration\u00a0<\/li><li>Lizenzierung<\/li><\/ul><\/li><\/ul>\t\t\t\t\t\t<\/div>\n\t\t\t\t<\/div>\n\t\t\t\t\t<\/div>\n\t\t<\/div>\n\t\t\t\t<div class=\"elementor-column elementor-col-50 elementor-top-column elementor-element elementor-element-cf067aa\" data-id=\"cf067aa\" data-element_type=\"column\">\n\t\t\t<div class=\"elementor-widget-wrap elementor-element-populated\">\n\t\t\t\t\t\t<div class=\"elementor-element elementor-element-6a5e515 elementor-widget elementor-widget-image\" data-id=\"6a5e515\" data-element_type=\"widget\" data-widget_type=\"image.default\">\n\t\t\t\t<div class=\"elementor-widget-container\">\n\t\t\t\t\t\t\t\t\t\t\t\t\t<img decoding=\"async\" width=\"238\" height=\"206\" src=\"https:\/\/imageware.ch\/wp-content\/uploads\/2024\/01\/4F186CF7-A772-4022-8DAC-1EB28CBE3176_4_5005_c.jpeg\" class=\"attachment-medium size-medium wp-image-24341\" alt=\"Software Development\" \/>\t\t\t\t\t\t\t\t\t\t\t\t\t<\/div>\n\t\t\t\t<\/div>\n\t\t\t\t\t<\/div>\n\t\t<\/div>\n\t\t\t\t\t<\/div>\n\t\t<\/section>\n\t\t\t\t<section class=\"elementor-section elementor-top-section elementor-element elementor-element-3c0be56 elementor-section-boxed elementor-section-height-default elementor-section-height-default\" data-id=\"3c0be56\" data-element_type=\"section\">\n\t\t\t\t\t\t<div class=\"elementor-container elementor-column-gap-default\">\n\t\t\t\t\t<div class=\"elementor-column elementor-col-100 elementor-top-column elementor-element elementor-element-481e481\" data-id=\"481e481\" data-element_type=\"column\">\n\t\t\t<div class=\"elementor-widget-wrap elementor-element-populated\">\n\t\t\t\t\t\t<div class=\"elementor-element elementor-element-a0581fa elementor-widget elementor-widget-heading\" data-id=\"a0581fa\" data-element_type=\"widget\" data-widget_type=\"heading.default\">\n\t\t\t\t<div class=\"elementor-widget-container\">\n\t\t\t<h3 class=\"elementor-heading-title elementor-size-default\">Vorteile dieser L\u00f6sung\n<\/h3>\t\t<\/div>\n\t\t\t\t<\/div>\n\t\t\t\t\t<\/div>\n\t\t<\/div>\n\t\t\t\t\t<\/div>\n\t\t<\/section>\n\t\t\t\t<section class=\"elementor-section elementor-top-section elementor-element elementor-element-a15194e elementor-section-boxed elementor-section-height-default elementor-section-height-default\" data-id=\"a15194e\" data-element_type=\"section\">\n\t\t\t\t\t\t<div class=\"elementor-container elementor-column-gap-default\">\n\t\t\t\t\t<div class=\"elementor-column elementor-col-100 elementor-top-column elementor-element elementor-element-6801036\" data-id=\"6801036\" data-element_type=\"column\">\n\t\t\t<div class=\"elementor-widget-wrap elementor-element-populated\">\n\t\t\t\t\t\t<div class=\"elementor-element elementor-element-aeee40d imgw_text_content elementor-widget elementor-widget-text-editor\" data-id=\"aeee40d\" data-element_type=\"widget\" data-widget_type=\"text-editor.default\">\n\t\t\t\t<div class=\"elementor-widget-container\">\n\t\t\t\t\t\t\t<ul><li>zentrale, einheitliche Verwaltungskonsole<\/li><li>Single Point ofAccess\u00a0<\/li><li>einfache Installation, Konfiguration und Publikation mehrerer Instanzen mit unterschiedlichen Einstellungen\u00a0<\/li><li>Schnelle Entwicklungszeiten und effiziente Umsetzung f\u00fcr individuelle L\u00f6sungskomponenten\u00a0<\/li><li>geringe Entwicklungskosten und niedrige Verwaltungskosten<\/li><\/ul>\t\t\t\t\t\t<\/div>\n\t\t\t\t<\/div>\n\t\t\t\t\t<\/div>\n\t\t<\/div>\n\t\t\t\t\t<\/div>\n\t\t<\/section>\n\t\t\t\t<\/div>\n\t\t","protected":false},"excerpt":{"rendered":"<p>MANAGEMENTKONSOLE Einheitliche Verwaltungskonsole f\u00fcr Ihre L\u00f6sungskomponenten In der Managementkonsole k\u00f6nnen verschiedene ImageWare-Produkte verwaltet und konfiguriert werden. Von jedem Produkt k\u00f6nnen mehrere Instanzen erstellt werden. F\u00fcr jede Instanz werden die Einstellungen separat vorgenommen und gespeichert. Pro Instanz wird ein eigener Windowsdienst installiert und gestartet. Funktionen im \u00dcberblick Einmalige Produktinstallation\u00a0 mehrere Instanzen eines Produktes erstellen\u00a0 Instanz-Einstellungen kopieren [&hellip;]<\/p>\n","protected":false},"author":1,"featured_media":0,"parent":0,"menu_order":0,"comment_status":"closed","ping_status":"closed","template":"","meta":{"footnotes":""},"class_list":["post-18571","page","type-page","status-publish","hentry"],"yoast_head":"<!-- This site is optimized with the Yoast SEO plugin v27.4 - https:\/\/yoast.com\/product\/yoast-seo-wordpress\/ -->\n<title>Managementkonsole - DE - Imageware AG<\/title>\n<meta name=\"robots\" content=\"index, follow, max-snippet:-1, max-image-preview:large, max-video-preview:-1\" \/>\n<link rel=\"canonical\" href=\"https:\/\/imageware.ch\/de\/managementkonsole-de\/\" \/>\n<meta property=\"og:locale\" content=\"de_DE\" \/>\n<meta property=\"og:type\" content=\"article\" \/>\n<meta property=\"og:title\" content=\"Managementkonsole - DE - Imageware AG\" \/>\n<meta property=\"og:description\" content=\"MANAGEMENTKONSOLE Einheitliche Verwaltungskonsole f\u00fcr Ihre L\u00f6sungskomponenten In der Managementkonsole k\u00f6nnen verschiedene ImageWare-Produkte verwaltet und konfiguriert werden. Von jedem Produkt k\u00f6nnen mehrere Instanzen erstellt werden. F\u00fcr jede Instanz werden die Einstellungen separat vorgenommen und gespeichert. Pro Instanz wird ein eigener Windowsdienst installiert und gestartet. Funktionen im \u00dcberblick Einmalige Produktinstallation\u00a0 mehrere Instanzen eines Produktes erstellen\u00a0 Instanz-Einstellungen kopieren [&hellip;]\" \/>\n<meta property=\"og:url\" content=\"https:\/\/imageware.ch\/de\/managementkonsole-de\/\" \/>\n<meta property=\"og:site_name\" content=\"Imageware AG\" \/>\n<meta property=\"article:modified_time\" content=\"2024-02-14T13:16:44+00:00\" \/>\n<meta property=\"og:image\" content=\"https:\/\/imageware.ch\/wp-content\/uploads\/2024\/01\/4F186CF7-A772-4022-8DAC-1EB28CBE3176_4_5005_c.jpeg\" \/>\n<meta name=\"twitter:card\" content=\"summary_large_image\" \/>\n<meta name=\"twitter:label1\" content=\"Gesch\u00e4tzte Lesezeit\" \/>\n\t<meta name=\"twitter:data1\" content=\"1\u00a0Minute\" \/>\n<script type=\"application\/ld+json\" class=\"yoast-schema-graph\">{\"@context\":\"https:\\\/\\\/schema.org\",\"@graph\":[{\"@type\":\"WebPage\",\"@id\":\"https:\\\/\\\/imageware.ch\\\/de\\\/managementkonsole-de\\\/\",\"url\":\"https:\\\/\\\/imageware.ch\\\/de\\\/managementkonsole-de\\\/\",\"name\":\"Managementkonsole - DE - Imageware AG\",\"isPartOf\":{\"@id\":\"https:\\\/\\\/imageware.ch\\\/de\\\/#website\"},\"primaryImageOfPage\":{\"@id\":\"https:\\\/\\\/imageware.ch\\\/de\\\/managementkonsole-de\\\/#primaryimage\"},\"image\":{\"@id\":\"https:\\\/\\\/imageware.ch\\\/de\\\/managementkonsole-de\\\/#primaryimage\"},\"thumbnailUrl\":\"https:\\\/\\\/imageware.ch\\\/wp-content\\\/uploads\\\/2024\\\/01\\\/4F186CF7-A772-4022-8DAC-1EB28CBE3176_4_5005_c.jpeg\",\"datePublished\":\"2023-09-29T12:23:10+00:00\",\"dateModified\":\"2024-02-14T13:16:44+00:00\",\"breadcrumb\":{\"@id\":\"https:\\\/\\\/imageware.ch\\\/de\\\/managementkonsole-de\\\/#breadcrumb\"},\"inLanguage\":\"de\",\"potentialAction\":[{\"@type\":\"ReadAction\",\"target\":[\"https:\\\/\\\/imageware.ch\\\/de\\\/managementkonsole-de\\\/\"]}]},{\"@type\":\"ImageObject\",\"inLanguage\":\"de\",\"@id\":\"https:\\\/\\\/imageware.ch\\\/de\\\/managementkonsole-de\\\/#primaryimage\",\"url\":\"https:\\\/\\\/imageware.ch\\\/wp-content\\\/uploads\\\/2024\\\/01\\\/4F186CF7-A772-4022-8DAC-1EB28CBE3176_4_5005_c.jpeg\",\"contentUrl\":\"https:\\\/\\\/imageware.ch\\\/wp-content\\\/uploads\\\/2024\\\/01\\\/4F186CF7-A772-4022-8DAC-1EB28CBE3176_4_5005_c.jpeg\"},{\"@type\":\"BreadcrumbList\",\"@id\":\"https:\\\/\\\/imageware.ch\\\/de\\\/managementkonsole-de\\\/#breadcrumb\",\"itemListElement\":[{\"@type\":\"ListItem\",\"position\":1,\"name\":\"Home\",\"item\":\"https:\\\/\\\/imageware.ch\\\/de\\\/\"},{\"@type\":\"ListItem\",\"position\":2,\"name\":\"Managementkonsole &#8211; DE\"}]},{\"@type\":\"WebSite\",\"@id\":\"https:\\\/\\\/imageware.ch\\\/de\\\/#website\",\"url\":\"https:\\\/\\\/imageware.ch\\\/de\\\/\",\"name\":\"Imageware AG - Intelligent Information Management Solutions\",\"description\":\"We turn information into knowledge!\",\"publisher\":{\"@id\":\"https:\\\/\\\/imageware.ch\\\/de\\\/#organization\"},\"potentialAction\":[{\"@type\":\"SearchAction\",\"target\":{\"@type\":\"EntryPoint\",\"urlTemplate\":\"https:\\\/\\\/imageware.ch\\\/de\\\/?s={search_term_string}\"},\"query-input\":{\"@type\":\"PropertyValueSpecification\",\"valueRequired\":true,\"valueName\":\"search_term_string\"}}],\"inLanguage\":\"de\"},{\"@type\":\"Organization\",\"@id\":\"https:\\\/\\\/imageware.ch\\\/de\\\/#organization\",\"name\":\"Imageware AG - Intelligent Information Management Solutions\",\"url\":\"https:\\\/\\\/imageware.ch\\\/de\\\/\",\"logo\":{\"@type\":\"ImageObject\",\"inLanguage\":\"de\",\"@id\":\"https:\\\/\\\/imageware.ch\\\/de\\\/#\\\/schema\\\/logo\\\/image\\\/\",\"url\":\"https:\\\/\\\/imageware.ch\\\/wp-content\\\/uploads\\\/2023\\\/02\\\/logo1.png\",\"contentUrl\":\"https:\\\/\\\/imageware.ch\\\/wp-content\\\/uploads\\\/2023\\\/02\\\/logo1.png\",\"width\":384,\"height\":110,\"caption\":\"Imageware AG - Intelligent Information Management Solutions\"},\"image\":{\"@id\":\"https:\\\/\\\/imageware.ch\\\/de\\\/#\\\/schema\\\/logo\\\/image\\\/\"}}]}<\/script>\n<!-- \/ Yoast SEO plugin. -->","yoast_head_json":{"title":"Managementkonsole - DE - Imageware AG","robots":{"index":"index","follow":"follow","max-snippet":"max-snippet:-1","max-image-preview":"max-image-preview:large","max-video-preview":"max-video-preview:-1"},"canonical":"https:\/\/imageware.ch\/de\/managementkonsole-de\/","og_locale":"de_DE","og_type":"article","og_title":"Managementkonsole - DE - Imageware AG","og_description":"MANAGEMENTKONSOLE Einheitliche Verwaltungskonsole f\u00fcr Ihre L\u00f6sungskomponenten In der Managementkonsole k\u00f6nnen verschiedene ImageWare-Produkte verwaltet und konfiguriert werden. Von jedem Produkt k\u00f6nnen mehrere Instanzen erstellt werden. F\u00fcr jede Instanz werden die Einstellungen separat vorgenommen und gespeichert. Pro Instanz wird ein eigener Windowsdienst installiert und gestartet. Funktionen im \u00dcberblick Einmalige Produktinstallation\u00a0 mehrere Instanzen eines Produktes erstellen\u00a0 Instanz-Einstellungen kopieren [&hellip;]","og_url":"https:\/\/imageware.ch\/de\/managementkonsole-de\/","og_site_name":"Imageware AG","article_modified_time":"2024-02-14T13:16:44+00:00","og_image":[{"url":"https:\/\/imageware.ch\/wp-content\/uploads\/2024\/01\/4F186CF7-A772-4022-8DAC-1EB28CBE3176_4_5005_c.jpeg","type":"","width":"","height":""}],"twitter_card":"summary_large_image","twitter_misc":{"Gesch\u00e4tzte Lesezeit":"1\u00a0Minute"},"schema":{"@context":"https:\/\/schema.org","@graph":[{"@type":"WebPage","@id":"https:\/\/imageware.ch\/de\/managementkonsole-de\/","url":"https:\/\/imageware.ch\/de\/managementkonsole-de\/","name":"Managementkonsole - DE - Imageware AG","isPartOf":{"@id":"https:\/\/imageware.ch\/de\/#website"},"primaryImageOfPage":{"@id":"https:\/\/imageware.ch\/de\/managementkonsole-de\/#primaryimage"},"image":{"@id":"https:\/\/imageware.ch\/de\/managementkonsole-de\/#primaryimage"},"thumbnailUrl":"https:\/\/imageware.ch\/wp-content\/uploads\/2024\/01\/4F186CF7-A772-4022-8DAC-1EB28CBE3176_4_5005_c.jpeg","datePublished":"2023-09-29T12:23:10+00:00","dateModified":"2024-02-14T13:16:44+00:00","breadcrumb":{"@id":"https:\/\/imageware.ch\/de\/managementkonsole-de\/#breadcrumb"},"inLanguage":"de","potentialAction":[{"@type":"ReadAction","target":["https:\/\/imageware.ch\/de\/managementkonsole-de\/"]}]},{"@type":"ImageObject","inLanguage":"de","@id":"https:\/\/imageware.ch\/de\/managementkonsole-de\/#primaryimage","url":"https:\/\/imageware.ch\/wp-content\/uploads\/2024\/01\/4F186CF7-A772-4022-8DAC-1EB28CBE3176_4_5005_c.jpeg","contentUrl":"https:\/\/imageware.ch\/wp-content\/uploads\/2024\/01\/4F186CF7-A772-4022-8DAC-1EB28CBE3176_4_5005_c.jpeg"},{"@type":"BreadcrumbList","@id":"https:\/\/imageware.ch\/de\/managementkonsole-de\/#breadcrumb","itemListElement":[{"@type":"ListItem","position":1,"name":"Home","item":"https:\/\/imageware.ch\/de\/"},{"@type":"ListItem","position":2,"name":"Managementkonsole &#8211; DE"}]},{"@type":"WebSite","@id":"https:\/\/imageware.ch\/de\/#website","url":"https:\/\/imageware.ch\/de\/","name":"Imageware AG - Intelligent Information Management Solutions","description":"We turn information into knowledge!","publisher":{"@id":"https:\/\/imageware.ch\/de\/#organization"},"potentialAction":[{"@type":"SearchAction","target":{"@type":"EntryPoint","urlTemplate":"https:\/\/imageware.ch\/de\/?s={search_term_string}"},"query-input":{"@type":"PropertyValueSpecification","valueRequired":true,"valueName":"search_term_string"}}],"inLanguage":"de"},{"@type":"Organization","@id":"https:\/\/imageware.ch\/de\/#organization","name":"Imageware AG - Intelligent Information Management Solutions","url":"https:\/\/imageware.ch\/de\/","logo":{"@type":"ImageObject","inLanguage":"de","@id":"https:\/\/imageware.ch\/de\/#\/schema\/logo\/image\/","url":"https:\/\/imageware.ch\/wp-content\/uploads\/2023\/02\/logo1.png","contentUrl":"https:\/\/imageware.ch\/wp-content\/uploads\/2023\/02\/logo1.png","width":384,"height":110,"caption":"Imageware AG - Intelligent Information Management Solutions"},"image":{"@id":"https:\/\/imageware.ch\/de\/#\/schema\/logo\/image\/"}}]}},"_links":{"self":[{"href":"https:\/\/imageware.ch\/de\/wp-json\/wp\/v2\/pages\/18571","targetHints":{"allow":["GET"]}}],"collection":[{"href":"https:\/\/imageware.ch\/de\/wp-json\/wp\/v2\/pages"}],"about":[{"href":"https:\/\/imageware.ch\/de\/wp-json\/wp\/v2\/types\/page"}],"author":[{"embeddable":true,"href":"https:\/\/imageware.ch\/de\/wp-json\/wp\/v2\/users\/1"}],"replies":[{"embeddable":true,"href":"https:\/\/imageware.ch\/de\/wp-json\/wp\/v2\/comments?post=18571"}],"version-history":[{"count":21,"href":"https:\/\/imageware.ch\/de\/wp-json\/wp\/v2\/pages\/18571\/revisions"}],"predecessor-version":[{"id":24711,"href":"https:\/\/imageware.ch\/de\/wp-json\/wp\/v2\/pages\/18571\/revisions\/24711"}],"wp:attachment":[{"href":"https:\/\/imageware.ch\/de\/wp-json\/wp\/v2\/media?parent=18571"}],"curies":[{"name":"wp","href":"https:\/\/api.w.org\/{rel}","templated":true}]}}