{"id":18546,"date":"2023-09-28T08:25:38","date_gmt":"2023-09-28T07:25:38","guid":{"rendered":"https:\/\/imgw.designbees.ch\/edam-de\/"},"modified":"2024-02-14T14:08:19","modified_gmt":"2024-02-14T13:08:19","slug":"edam-de","status":"publish","type":"page","link":"https:\/\/imageware.ch\/de\/edam-de\/","title":{"rendered":"eDAM-DE"},"content":{"rendered":"\t\t<div data-elementor-type=\"wp-page\" data-elementor-id=\"18546\" class=\"elementor elementor-18546 elementor-14963\">\n\t\t\t\t\t\t<section class=\"elementor-section elementor-top-section elementor-element elementor-element-c57ef92 elementor-section-items-stretch elementor-section-content-top elementor-section-height-min-height imgw_header elementor-section-boxed elementor-section-height-default\" data-id=\"c57ef92\" data-element_type=\"section\" data-settings=\"{&quot;background_background&quot;:&quot;classic&quot;}\">\n\t\t\t\t\t\t<div class=\"elementor-container elementor-column-gap-default\">\n\t\t\t\t\t<div class=\"elementor-column elementor-col-100 elementor-top-column elementor-element elementor-element-21e9b7f\" data-id=\"21e9b7f\" data-element_type=\"column\">\n\t\t\t<div class=\"elementor-widget-wrap elementor-element-populated\">\n\t\t\t\t\t\t<div class=\"elementor-element elementor-element-639d922 elementor-widget elementor-widget-heading\" data-id=\"639d922\" data-element_type=\"widget\" data-widget_type=\"heading.default\">\n\t\t\t\t<div class=\"elementor-widget-container\">\n\t\t\t<h1 class=\"elementor-heading-title elementor-size-default\">eDAM<\/h1>\t\t<\/div>\n\t\t\t\t<\/div>\n\t\t\t\t\t<\/div>\n\t\t<\/div>\n\t\t\t\t\t<\/div>\n\t\t<\/section>\n\t\t\t\t<section class=\"elementor-section elementor-top-section elementor-element elementor-element-aac78cc imgw_sticky_header elementor-section-boxed elementor-section-height-default elementor-section-height-default\" data-id=\"aac78cc\" data-element_type=\"section\">\n\t\t\t\t\t\t<div class=\"elementor-container elementor-column-gap-default\">\n\t\t\t\t\t<div class=\"elementor-column elementor-col-100 elementor-top-column elementor-element elementor-element-b289c1a\" data-id=\"b289c1a\" data-element_type=\"column\">\n\t\t\t<div class=\"elementor-widget-wrap elementor-element-populated\">\n\t\t\t\t\t\t<div class=\"elementor-element elementor-element-68ff24e elementor-widget elementor-widget-spacer\" data-id=\"68ff24e\" data-element_type=\"widget\" data-widget_type=\"spacer.default\">\n\t\t\t\t<div class=\"elementor-widget-container\">\n\t\t\t\t\t<div class=\"elementor-spacer\">\n\t\t\t<div class=\"elementor-spacer-inner\"><\/div>\n\t\t<\/div>\n\t\t\t\t<\/div>\n\t\t\t\t<\/div>\n\t\t\t\t<div class=\"elementor-element elementor-element-ec7e27c back-button elementor-widget elementor-widget-ucaddon_back_button\" data-id=\"ec7e27c\" data-element_type=\"widget\" data-widget_type=\"ucaddon_back_button.default\">\n\t\t\t\t<div class=\"elementor-widget-container\">\n\t\t\t\n<!-- start back-button -->\n<style>\/* widget: back-button *\/\n\n.back-button  i {\n    color: #990001 !important;\n    font-size: 1.5em; \n}\n\n.back-button{\n  border: 0px;\n  outline: 0px;\n  position: absolute;\n  right: -50px;\n}\n\n.imgw_sticky_header\n{\n\tpadding: 0;\n\tcursor: pointer;\n    position: -webkit-sticky !important;\n  \tposition: sticky !important;\n  \ttop: 94vh;\n    z-index: 1000\n}\n\n.is-pinned{\n\tbackground: red !important\n}\n\n\/*Media tablet - landscape*\/\n@media (min-width: 768px) and (max-width: 1024px) {\n  .back-button{\n    border: 0px;\n    outline: 0px;\n    margin-left: 0px;\n    background: #fff;\n  }\n}\n\n.back-button:hover, .back-button:active, .back-button:focus{\n  background:none;\n}\n\n<\/style>\n\n<button type=\"button\" class=\"back-button\"><i aria-hidden=\"true\" class=\"fas fa-arrow-circle-up\"><\/i><\/button>\n<!-- end back-button -->\t\t<\/div>\n\t\t\t\t<\/div>\n\t\t\t\t\t<\/div>\n\t\t<\/div>\n\t\t\t\t\t<\/div>\n\t\t<\/section>\n\t\t\t\t<section class=\"elementor-section elementor-top-section elementor-element elementor-element-0e79019 elementor-section-height-min-height elementor-section-items-top elementor-section-boxed elementor-section-height-default\" data-id=\"0e79019\" data-element_type=\"section\">\n\t\t\t\t\t\t<div class=\"elementor-container elementor-column-gap-default\">\n\t\t\t\t\t<div class=\"elementor-column elementor-col-100 elementor-top-column elementor-element elementor-element-f023c37\" data-id=\"f023c37\" data-element_type=\"column\">\n\t\t\t<div class=\"elementor-widget-wrap elementor-element-populated\">\n\t\t\t\t\t\t<div class=\"elementor-element elementor-element-03a212c elementor-widget elementor-widget-heading\" data-id=\"03a212c\" data-element_type=\"widget\" data-widget_type=\"heading.default\">\n\t\t\t\t<div class=\"elementor-widget-container\">\n\t\t\t<h2 class=\"elementor-heading-title elementor-size-default\">Erstellen von Zugriffsberechtigungen f\u00fcr eDOCS Dokumente mit vordefinierten Regeln<\/h2>\t\t<\/div>\n\t\t\t\t<\/div>\n\t\t\t\t\t<\/div>\n\t\t<\/div>\n\t\t\t\t\t<\/div>\n\t\t<\/section>\n\t\t\t\t<section class=\"elementor-section elementor-top-section elementor-element elementor-element-0df5599 elementor-section-boxed elementor-section-height-default elementor-section-height-default\" data-id=\"0df5599\" data-element_type=\"section\">\n\t\t\t\t\t\t<div class=\"elementor-container elementor-column-gap-default\">\n\t\t\t\t\t<div class=\"elementor-column elementor-col-100 elementor-top-column elementor-element elementor-element-b9f7f79\" data-id=\"b9f7f79\" data-element_type=\"column\">\n\t\t\t<div class=\"elementor-widget-wrap elementor-element-populated\">\n\t\t\t\t\t\t<div class=\"elementor-element elementor-element-fa9a196 imgw_text_content elementor-widget elementor-widget-text-editor\" data-id=\"fa9a196\" data-element_type=\"widget\" data-widget_type=\"text-editor.default\">\n\t\t\t\t<div class=\"elementor-widget-container\">\n\t\t\t\t\t\t\t<p>Ihre Sicherheit ist unser Job. Mit eDAM \u2013eDOCS Document Access Management von ImageWare k\u00f6nnen Sie Ihre Dokumente sch\u00fctzen und \u00fcberwachen \u2013genau nach Ihren Bed\u00fcrfnissen.<br \/>Es kommt immer wieder vor, dass die Sicherheitseinstellung zum Dokumentenzugriffangepasst werden muss. Unsere regelorientierte L\u00f6sung \u00fcberwacht die Ereignisse und passt die Berechtigungen der vordefinierten Gruppen und Benutzer auf dem Dokument an.<\/p>\n\t\t\t\t\t\t<\/div>\n\t\t\t\t<\/div>\n\t\t\t\t\t<\/div>\n\t\t<\/div>\n\t\t\t\t\t<\/div>\n\t\t<\/section>\n\t\t\t\t<section class=\"elementor-section elementor-top-section elementor-element elementor-element-559e6f2 elementor-section-boxed elementor-section-height-default elementor-section-height-default\" data-id=\"559e6f2\" data-element_type=\"section\">\n\t\t\t\t\t\t<div class=\"elementor-container elementor-column-gap-default\">\n\t\t\t\t\t<div class=\"elementor-column elementor-col-100 elementor-top-column elementor-element elementor-element-0a590c9\" data-id=\"0a590c9\" data-element_type=\"column\">\n\t\t\t<div class=\"elementor-widget-wrap elementor-element-populated\">\n\t\t\t\t\t\t<div class=\"elementor-element elementor-element-787f682 elementor-widget elementor-widget-heading\" data-id=\"787f682\" data-element_type=\"widget\" data-widget_type=\"heading.default\">\n\t\t\t\t<div class=\"elementor-widget-container\">\n\t\t\t<h3 class=\"elementor-heading-title elementor-size-default\">Funktionen im \u00dcberblick<\/h3>\t\t<\/div>\n\t\t\t\t<\/div>\n\t\t\t\t\t<\/div>\n\t\t<\/div>\n\t\t\t\t\t<\/div>\n\t\t<\/section>\n\t\t\t\t<section class=\"elementor-section elementor-top-section elementor-element elementor-element-5365e36 elementor-section-boxed elementor-section-height-default elementor-section-height-default\" data-id=\"5365e36\" data-element_type=\"section\">\n\t\t\t\t\t\t<div class=\"elementor-container elementor-column-gap-default\">\n\t\t\t\t\t<div class=\"elementor-column elementor-col-50 elementor-top-column elementor-element elementor-element-7cd99db\" data-id=\"7cd99db\" data-element_type=\"column\">\n\t\t\t<div class=\"elementor-widget-wrap elementor-element-populated\">\n\t\t\t\t\t\t<div class=\"elementor-element elementor-element-76e3cdb imgw_text_content elementor-widget elementor-widget-text-editor\" data-id=\"76e3cdb\" data-element_type=\"widget\" data-widget_type=\"text-editor.default\">\n\t\t\t\t<div class=\"elementor-widget-container\">\n\t\t\t\t\t\t\t<ul><li>Beliebig viele Regeln pro Bibliothek<\/li><li>Regel k\u00f6nnen aktiviert bzw. deaktiviert und in einer bestimmten Reihenfolge ausgef\u00fchrt werden<\/li><li>Regel k\u00f6nnen auf alle existierenden oder auf die zuk\u00fcnftigen Dokumente angewandt werden<\/li><li>Das Berechtigungsschema kann vor der Aktivierung versioniert, validiert und simuliert werden\u00a0<\/li><li>Protokollierung der Ereignisse\u00a0<\/li><li>Benachrichtigung der Administratoren bei Fehlverhalten<\/li><li>Erweiterte Definitionsm\u00f6glichkeiten der Regel<\/li><\/ul>\t\t\t\t\t\t<\/div>\n\t\t\t\t<\/div>\n\t\t\t\t\t<\/div>\n\t\t<\/div>\n\t\t\t\t<div class=\"elementor-column elementor-col-50 elementor-top-column elementor-element elementor-element-fc2158f\" data-id=\"fc2158f\" data-element_type=\"column\">\n\t\t\t<div class=\"elementor-widget-wrap elementor-element-populated\">\n\t\t\t\t\t\t<div class=\"elementor-element elementor-element-065cf68 elementor-widget elementor-widget-image\" data-id=\"065cf68\" data-element_type=\"widget\" data-widget_type=\"image.default\">\n\t\t\t\t<div class=\"elementor-widget-container\">\n\t\t\t\t\t\t\t\t\t\t\t\t\t<img fetchpriority=\"high\" decoding=\"async\" width=\"300\" height=\"261\" src=\"https:\/\/imageware.ch\/wp-content\/uploads\/2024\/01\/4A4D624B-C9D8-46B5-9AF7-2D19E7BB017E_4_5005_c-300x261.jpeg\" class=\"attachment-medium size-medium wp-image-24345\" alt=\"Software Development\" srcset=\"https:\/\/imageware.ch\/wp-content\/uploads\/2024\/01\/4A4D624B-C9D8-46B5-9AF7-2D19E7BB017E_4_5005_c-300x261.jpeg 300w, https:\/\/imageware.ch\/wp-content\/uploads\/2024\/01\/4A4D624B-C9D8-46B5-9AF7-2D19E7BB017E_4_5005_c.jpeg 382w\" sizes=\"(max-width: 300px) 100vw, 300px\" \/>\t\t\t\t\t\t\t\t\t\t\t\t\t<\/div>\n\t\t\t\t<\/div>\n\t\t\t\t\t<\/div>\n\t\t<\/div>\n\t\t\t\t\t<\/div>\n\t\t<\/section>\n\t\t\t\t<section class=\"elementor-section elementor-top-section elementor-element elementor-element-a80d086 elementor-section-boxed elementor-section-height-default elementor-section-height-default\" data-id=\"a80d086\" data-element_type=\"section\">\n\t\t\t\t\t\t<div class=\"elementor-container elementor-column-gap-default\">\n\t\t\t\t\t<div class=\"elementor-column elementor-col-100 elementor-top-column elementor-element elementor-element-e36f413\" data-id=\"e36f413\" data-element_type=\"column\">\n\t\t\t<div class=\"elementor-widget-wrap elementor-element-populated\">\n\t\t\t\t\t\t<div class=\"elementor-element elementor-element-db3d3a5 elementor-widget elementor-widget-heading\" data-id=\"db3d3a5\" data-element_type=\"widget\" data-widget_type=\"heading.default\">\n\t\t\t\t<div class=\"elementor-widget-container\">\n\t\t\t<h3 class=\"elementor-heading-title elementor-size-default\">Vorteile dieser L\u00f6sung<\/h3>\t\t<\/div>\n\t\t\t\t<\/div>\n\t\t\t\t<div class=\"elementor-element elementor-element-81c2c1d imgw_text_content elementor-widget elementor-widget-text-editor\" data-id=\"81c2c1d\" data-element_type=\"widget\" data-widget_type=\"text-editor.default\">\n\t\t\t\t<div class=\"elementor-widget-container\">\n\t\t\t\t\t\t\t<ul><li>Zur Definition der Sicherheitsregel k\u00f6nnen beliebige Metadaten eingesetzt werden<\/li><li>Ereignisorientierte Regulierung der Berechtigungen\u00a0<\/li><li>Dynamisches Verhalten der OpenText eDOCS DM (z.B. automatische Rechte aufgrund vordefinierter Regeln)<\/li><\/ul>\t\t\t\t\t\t<\/div>\n\t\t\t\t<\/div>\n\t\t\t\t\t<\/div>\n\t\t<\/div>\n\t\t\t\t\t<\/div>\n\t\t<\/section>\n\t\t\t\t<section class=\"elementor-section elementor-top-section elementor-element elementor-element-e910f9c elementor-section-boxed elementor-section-height-default elementor-section-height-default\" data-id=\"e910f9c\" data-element_type=\"section\">\n\t\t\t\t\t\t<div class=\"elementor-container elementor-column-gap-default\">\n\t\t\t\t\t<div class=\"elementor-column elementor-col-100 elementor-top-column elementor-element elementor-element-ee495d3\" data-id=\"ee495d3\" data-element_type=\"column\">\n\t\t\t<div class=\"elementor-widget-wrap elementor-element-populated\">\n\t\t\t\t\t\t<div class=\"elementor-element elementor-element-0537f60 elementor-widget elementor-widget-heading\" data-id=\"0537f60\" data-element_type=\"widget\" data-widget_type=\"heading.default\">\n\t\t\t\t<div class=\"elementor-widget-container\">\n\t\t\t<h3 class=\"elementor-heading-title elementor-size-default\">Vielf\u00e4ltige Einsatzm\u00f6glichkeiten<\/h3>\t\t<\/div>\n\t\t\t\t<\/div>\n\t\t\t\t\t<\/div>\n\t\t<\/div>\n\t\t\t\t\t<\/div>\n\t\t<\/section>\n\t\t\t\t<section class=\"elementor-section elementor-top-section elementor-element elementor-element-131a375 elementor-section-boxed elementor-section-height-default elementor-section-height-default\" data-id=\"131a375\" data-element_type=\"section\">\n\t\t\t\t\t\t<div class=\"elementor-container elementor-column-gap-default\">\n\t\t\t\t\t<div class=\"elementor-column elementor-col-100 elementor-top-column elementor-element elementor-element-fbb1824\" data-id=\"fbb1824\" data-element_type=\"column\">\n\t\t\t<div class=\"elementor-widget-wrap elementor-element-populated\">\n\t\t\t\t\t\t<div class=\"elementor-element elementor-element-dc2531f imgw_text_content elementor-widget elementor-widget-text-editor\" data-id=\"dc2531f\" data-element_type=\"widget\" data-widget_type=\"text-editor.default\">\n\t\t\t\t<div class=\"elementor-widget-container\">\n\t\t\t\t\t\t\t<p>Nach Abschluss eines Projektes k\u00f6nnen alle Dokumente, die das Projekt betreffen, gesch\u00fctzt werden, so dass diese nicht mehr ver\u00e4nderbar sind. Wird ein Dokument zum L\u00f6schen markiert, werden dem Dokument alle Berechtigungenentzogen. Nur der Administrator oder der Archivar hat noch Rechte, um das Dokument z.B. nach gesetzlichen Vorgaben zu vernichten.<\/p>\n\t\t\t\t\t\t<\/div>\n\t\t\t\t<\/div>\n\t\t\t\t\t<\/div>\n\t\t<\/div>\n\t\t\t\t\t<\/div>\n\t\t<\/section>\n\t\t\t\t<\/div>\n\t\t","protected":false},"excerpt":{"rendered":"<p>eDAM Erstellen von Zugriffsberechtigungen f\u00fcr eDOCS Dokumente mit vordefinierten Regeln Ihre Sicherheit ist unser Job. Mit eDAM \u2013eDOCS Document Access Management von ImageWare k\u00f6nnen Sie Ihre Dokumente sch\u00fctzen und \u00fcberwachen \u2013genau nach Ihren Bed\u00fcrfnissen.Es kommt immer wieder vor, dass die Sicherheitseinstellung zum Dokumentenzugriffangepasst werden muss. Unsere regelorientierte L\u00f6sung \u00fcberwacht die Ereignisse und passt die Berechtigungen [&hellip;]<\/p>\n","protected":false},"author":1,"featured_media":0,"parent":0,"menu_order":0,"comment_status":"closed","ping_status":"closed","template":"","meta":{"footnotes":""},"class_list":["post-18546","page","type-page","status-publish","hentry"],"yoast_head":"<!-- This site is optimized with the Yoast SEO plugin v27.4 - https:\/\/yoast.com\/product\/yoast-seo-wordpress\/ -->\n<title>eDAM-DE - Imageware AG<\/title>\n<meta name=\"robots\" content=\"index, follow, max-snippet:-1, max-image-preview:large, max-video-preview:-1\" \/>\n<link rel=\"canonical\" href=\"https:\/\/imageware.ch\/de\/edam-de\/\" \/>\n<meta property=\"og:locale\" content=\"de_DE\" \/>\n<meta property=\"og:type\" content=\"article\" \/>\n<meta property=\"og:title\" content=\"eDAM-DE - Imageware AG\" \/>\n<meta property=\"og:description\" content=\"eDAM Erstellen von Zugriffsberechtigungen f\u00fcr eDOCS Dokumente mit vordefinierten Regeln Ihre Sicherheit ist unser Job. Mit eDAM \u2013eDOCS Document Access Management von ImageWare k\u00f6nnen Sie Ihre Dokumente sch\u00fctzen und \u00fcberwachen \u2013genau nach Ihren Bed\u00fcrfnissen.Es kommt immer wieder vor, dass die Sicherheitseinstellung zum Dokumentenzugriffangepasst werden muss. Unsere regelorientierte L\u00f6sung \u00fcberwacht die Ereignisse und passt die Berechtigungen [&hellip;]\" \/>\n<meta property=\"og:url\" content=\"https:\/\/imageware.ch\/de\/edam-de\/\" \/>\n<meta property=\"og:site_name\" content=\"Imageware AG\" \/>\n<meta property=\"article:modified_time\" content=\"2024-02-14T13:08:19+00:00\" \/>\n<meta property=\"og:image\" content=\"https:\/\/imageware.ch\/wp-content\/uploads\/2024\/01\/4A4D624B-C9D8-46B5-9AF7-2D19E7BB017E_4_5005_c-300x261.jpeg\" \/>\n<meta name=\"twitter:card\" content=\"summary_large_image\" \/>\n<meta name=\"twitter:label1\" content=\"Gesch\u00e4tzte Lesezeit\" \/>\n\t<meta name=\"twitter:data1\" content=\"2\u00a0Minuten\" \/>\n<script type=\"application\/ld+json\" class=\"yoast-schema-graph\">{\"@context\":\"https:\\\/\\\/schema.org\",\"@graph\":[{\"@type\":\"WebPage\",\"@id\":\"https:\\\/\\\/imageware.ch\\\/de\\\/edam-de\\\/\",\"url\":\"https:\\\/\\\/imageware.ch\\\/de\\\/edam-de\\\/\",\"name\":\"eDAM-DE - Imageware AG\",\"isPartOf\":{\"@id\":\"https:\\\/\\\/imageware.ch\\\/de\\\/#website\"},\"primaryImageOfPage\":{\"@id\":\"https:\\\/\\\/imageware.ch\\\/de\\\/edam-de\\\/#primaryimage\"},\"image\":{\"@id\":\"https:\\\/\\\/imageware.ch\\\/de\\\/edam-de\\\/#primaryimage\"},\"thumbnailUrl\":\"https:\\\/\\\/imageware.ch\\\/wp-content\\\/uploads\\\/2024\\\/01\\\/4A4D624B-C9D8-46B5-9AF7-2D19E7BB017E_4_5005_c-300x261.jpeg\",\"datePublished\":\"2023-09-28T07:25:38+00:00\",\"dateModified\":\"2024-02-14T13:08:19+00:00\",\"breadcrumb\":{\"@id\":\"https:\\\/\\\/imageware.ch\\\/de\\\/edam-de\\\/#breadcrumb\"},\"inLanguage\":\"de\",\"potentialAction\":[{\"@type\":\"ReadAction\",\"target\":[\"https:\\\/\\\/imageware.ch\\\/de\\\/edam-de\\\/\"]}]},{\"@type\":\"ImageObject\",\"inLanguage\":\"de\",\"@id\":\"https:\\\/\\\/imageware.ch\\\/de\\\/edam-de\\\/#primaryimage\",\"url\":\"https:\\\/\\\/imageware.ch\\\/wp-content\\\/uploads\\\/2024\\\/01\\\/4A4D624B-C9D8-46B5-9AF7-2D19E7BB017E_4_5005_c-300x261.jpeg\",\"contentUrl\":\"https:\\\/\\\/imageware.ch\\\/wp-content\\\/uploads\\\/2024\\\/01\\\/4A4D624B-C9D8-46B5-9AF7-2D19E7BB017E_4_5005_c-300x261.jpeg\"},{\"@type\":\"BreadcrumbList\",\"@id\":\"https:\\\/\\\/imageware.ch\\\/de\\\/edam-de\\\/#breadcrumb\",\"itemListElement\":[{\"@type\":\"ListItem\",\"position\":1,\"name\":\"Home\",\"item\":\"https:\\\/\\\/imageware.ch\\\/de\\\/\"},{\"@type\":\"ListItem\",\"position\":2,\"name\":\"eDAM-DE\"}]},{\"@type\":\"WebSite\",\"@id\":\"https:\\\/\\\/imageware.ch\\\/de\\\/#website\",\"url\":\"https:\\\/\\\/imageware.ch\\\/de\\\/\",\"name\":\"Imageware AG - Intelligent Information Management Solutions\",\"description\":\"We turn information into knowledge!\",\"publisher\":{\"@id\":\"https:\\\/\\\/imageware.ch\\\/de\\\/#organization\"},\"potentialAction\":[{\"@type\":\"SearchAction\",\"target\":{\"@type\":\"EntryPoint\",\"urlTemplate\":\"https:\\\/\\\/imageware.ch\\\/de\\\/?s={search_term_string}\"},\"query-input\":{\"@type\":\"PropertyValueSpecification\",\"valueRequired\":true,\"valueName\":\"search_term_string\"}}],\"inLanguage\":\"de\"},{\"@type\":\"Organization\",\"@id\":\"https:\\\/\\\/imageware.ch\\\/de\\\/#organization\",\"name\":\"Imageware AG - Intelligent Information Management Solutions\",\"url\":\"https:\\\/\\\/imageware.ch\\\/de\\\/\",\"logo\":{\"@type\":\"ImageObject\",\"inLanguage\":\"de\",\"@id\":\"https:\\\/\\\/imageware.ch\\\/de\\\/#\\\/schema\\\/logo\\\/image\\\/\",\"url\":\"https:\\\/\\\/imageware.ch\\\/wp-content\\\/uploads\\\/2023\\\/02\\\/logo1.png\",\"contentUrl\":\"https:\\\/\\\/imageware.ch\\\/wp-content\\\/uploads\\\/2023\\\/02\\\/logo1.png\",\"width\":384,\"height\":110,\"caption\":\"Imageware AG - Intelligent Information Management Solutions\"},\"image\":{\"@id\":\"https:\\\/\\\/imageware.ch\\\/de\\\/#\\\/schema\\\/logo\\\/image\\\/\"}}]}<\/script>\n<!-- \/ Yoast SEO plugin. -->","yoast_head_json":{"title":"eDAM-DE - Imageware AG","robots":{"index":"index","follow":"follow","max-snippet":"max-snippet:-1","max-image-preview":"max-image-preview:large","max-video-preview":"max-video-preview:-1"},"canonical":"https:\/\/imageware.ch\/de\/edam-de\/","og_locale":"de_DE","og_type":"article","og_title":"eDAM-DE - Imageware AG","og_description":"eDAM Erstellen von Zugriffsberechtigungen f\u00fcr eDOCS Dokumente mit vordefinierten Regeln Ihre Sicherheit ist unser Job. Mit eDAM \u2013eDOCS Document Access Management von ImageWare k\u00f6nnen Sie Ihre Dokumente sch\u00fctzen und \u00fcberwachen \u2013genau nach Ihren Bed\u00fcrfnissen.Es kommt immer wieder vor, dass die Sicherheitseinstellung zum Dokumentenzugriffangepasst werden muss. Unsere regelorientierte L\u00f6sung \u00fcberwacht die Ereignisse und passt die Berechtigungen [&hellip;]","og_url":"https:\/\/imageware.ch\/de\/edam-de\/","og_site_name":"Imageware AG","article_modified_time":"2024-02-14T13:08:19+00:00","og_image":[{"url":"https:\/\/imageware.ch\/wp-content\/uploads\/2024\/01\/4A4D624B-C9D8-46B5-9AF7-2D19E7BB017E_4_5005_c-300x261.jpeg","type":"","width":"","height":""}],"twitter_card":"summary_large_image","twitter_misc":{"Gesch\u00e4tzte Lesezeit":"2\u00a0Minuten"},"schema":{"@context":"https:\/\/schema.org","@graph":[{"@type":"WebPage","@id":"https:\/\/imageware.ch\/de\/edam-de\/","url":"https:\/\/imageware.ch\/de\/edam-de\/","name":"eDAM-DE - Imageware AG","isPartOf":{"@id":"https:\/\/imageware.ch\/de\/#website"},"primaryImageOfPage":{"@id":"https:\/\/imageware.ch\/de\/edam-de\/#primaryimage"},"image":{"@id":"https:\/\/imageware.ch\/de\/edam-de\/#primaryimage"},"thumbnailUrl":"https:\/\/imageware.ch\/wp-content\/uploads\/2024\/01\/4A4D624B-C9D8-46B5-9AF7-2D19E7BB017E_4_5005_c-300x261.jpeg","datePublished":"2023-09-28T07:25:38+00:00","dateModified":"2024-02-14T13:08:19+00:00","breadcrumb":{"@id":"https:\/\/imageware.ch\/de\/edam-de\/#breadcrumb"},"inLanguage":"de","potentialAction":[{"@type":"ReadAction","target":["https:\/\/imageware.ch\/de\/edam-de\/"]}]},{"@type":"ImageObject","inLanguage":"de","@id":"https:\/\/imageware.ch\/de\/edam-de\/#primaryimage","url":"https:\/\/imageware.ch\/wp-content\/uploads\/2024\/01\/4A4D624B-C9D8-46B5-9AF7-2D19E7BB017E_4_5005_c-300x261.jpeg","contentUrl":"https:\/\/imageware.ch\/wp-content\/uploads\/2024\/01\/4A4D624B-C9D8-46B5-9AF7-2D19E7BB017E_4_5005_c-300x261.jpeg"},{"@type":"BreadcrumbList","@id":"https:\/\/imageware.ch\/de\/edam-de\/#breadcrumb","itemListElement":[{"@type":"ListItem","position":1,"name":"Home","item":"https:\/\/imageware.ch\/de\/"},{"@type":"ListItem","position":2,"name":"eDAM-DE"}]},{"@type":"WebSite","@id":"https:\/\/imageware.ch\/de\/#website","url":"https:\/\/imageware.ch\/de\/","name":"Imageware AG - Intelligent Information Management Solutions","description":"We turn information into knowledge!","publisher":{"@id":"https:\/\/imageware.ch\/de\/#organization"},"potentialAction":[{"@type":"SearchAction","target":{"@type":"EntryPoint","urlTemplate":"https:\/\/imageware.ch\/de\/?s={search_term_string}"},"query-input":{"@type":"PropertyValueSpecification","valueRequired":true,"valueName":"search_term_string"}}],"inLanguage":"de"},{"@type":"Organization","@id":"https:\/\/imageware.ch\/de\/#organization","name":"Imageware AG - Intelligent Information Management Solutions","url":"https:\/\/imageware.ch\/de\/","logo":{"@type":"ImageObject","inLanguage":"de","@id":"https:\/\/imageware.ch\/de\/#\/schema\/logo\/image\/","url":"https:\/\/imageware.ch\/wp-content\/uploads\/2023\/02\/logo1.png","contentUrl":"https:\/\/imageware.ch\/wp-content\/uploads\/2023\/02\/logo1.png","width":384,"height":110,"caption":"Imageware AG - Intelligent Information Management Solutions"},"image":{"@id":"https:\/\/imageware.ch\/de\/#\/schema\/logo\/image\/"}}]}},"_links":{"self":[{"href":"https:\/\/imageware.ch\/de\/wp-json\/wp\/v2\/pages\/18546","targetHints":{"allow":["GET"]}}],"collection":[{"href":"https:\/\/imageware.ch\/de\/wp-json\/wp\/v2\/pages"}],"about":[{"href":"https:\/\/imageware.ch\/de\/wp-json\/wp\/v2\/types\/page"}],"author":[{"embeddable":true,"href":"https:\/\/imageware.ch\/de\/wp-json\/wp\/v2\/users\/1"}],"replies":[{"embeddable":true,"href":"https:\/\/imageware.ch\/de\/wp-json\/wp\/v2\/comments?post=18546"}],"version-history":[{"count":24,"href":"https:\/\/imageware.ch\/de\/wp-json\/wp\/v2\/pages\/18546\/revisions"}],"predecessor-version":[{"id":24687,"href":"https:\/\/imageware.ch\/de\/wp-json\/wp\/v2\/pages\/18546\/revisions\/24687"}],"wp:attachment":[{"href":"https:\/\/imageware.ch\/de\/wp-json\/wp\/v2\/media?parent=18546"}],"curies":[{"name":"wp","href":"https:\/\/api.w.org\/{rel}","templated":true}]}}