{"id":18542,"date":"2023-09-28T07:07:56","date_gmt":"2023-09-28T06:07:56","guid":{"rendered":"https:\/\/imgw.designbees.ch\/docexport-de\/"},"modified":"2024-02-14T14:03:53","modified_gmt":"2024-02-14T13:03:53","slug":"docexport-de","status":"publish","type":"page","link":"https:\/\/imageware.ch\/de\/docexport-de\/","title":{"rendered":"DocExport-DE"},"content":{"rendered":"\t\t<div data-elementor-type=\"wp-page\" data-elementor-id=\"18542\" class=\"elementor elementor-18542 elementor-14891\">\n\t\t\t\t\t\t<section class=\"elementor-section elementor-top-section elementor-element elementor-element-c57ef92 elementor-section-items-stretch elementor-section-content-top elementor-section-height-min-height imgw_header elementor-section-boxed elementor-section-height-default\" data-id=\"c57ef92\" data-element_type=\"section\" data-settings=\"{&quot;background_background&quot;:&quot;classic&quot;}\">\n\t\t\t\t\t\t<div class=\"elementor-container elementor-column-gap-default\">\n\t\t\t\t\t<div class=\"elementor-column elementor-col-100 elementor-top-column elementor-element elementor-element-21e9b7f\" data-id=\"21e9b7f\" data-element_type=\"column\">\n\t\t\t<div class=\"elementor-widget-wrap elementor-element-populated\">\n\t\t\t\t\t\t<div class=\"elementor-element elementor-element-639d922 elementor-widget elementor-widget-heading\" data-id=\"639d922\" data-element_type=\"widget\" data-widget_type=\"heading.default\">\n\t\t\t\t<div class=\"elementor-widget-container\">\n\t\t\t<h1 class=\"elementor-heading-title elementor-size-default\">DOCEXPORT<\/h1>\t\t<\/div>\n\t\t\t\t<\/div>\n\t\t\t\t\t<\/div>\n\t\t<\/div>\n\t\t\t\t\t<\/div>\n\t\t<\/section>\n\t\t\t\t<section class=\"elementor-section elementor-top-section elementor-element elementor-element-aac78cc imgw_sticky_header elementor-section-boxed elementor-section-height-default elementor-section-height-default\" data-id=\"aac78cc\" data-element_type=\"section\">\n\t\t\t\t\t\t<div class=\"elementor-container elementor-column-gap-default\">\n\t\t\t\t\t<div class=\"elementor-column elementor-col-100 elementor-top-column elementor-element elementor-element-b289c1a\" data-id=\"b289c1a\" data-element_type=\"column\">\n\t\t\t<div class=\"elementor-widget-wrap elementor-element-populated\">\n\t\t\t\t\t\t<div class=\"elementor-element elementor-element-68ff24e elementor-widget elementor-widget-spacer\" data-id=\"68ff24e\" data-element_type=\"widget\" data-widget_type=\"spacer.default\">\n\t\t\t\t<div class=\"elementor-widget-container\">\n\t\t\t\t\t<div class=\"elementor-spacer\">\n\t\t\t<div class=\"elementor-spacer-inner\"><\/div>\n\t\t<\/div>\n\t\t\t\t<\/div>\n\t\t\t\t<\/div>\n\t\t\t\t<div class=\"elementor-element elementor-element-ec7e27c elementor-widget elementor-widget-ucaddon_back_button\" data-id=\"ec7e27c\" data-element_type=\"widget\" data-widget_type=\"ucaddon_back_button.default\">\n\t\t\t\t<div class=\"elementor-widget-container\">\n\t\t\t\n<!-- start back-button -->\n<style>\/* widget: back-button *\/\n\n.back-button  i {\n    color: #990001 !important;\n    font-size: 1.5em; \n}\n\n.back-button{\n  border: 0px;\n  outline: 0px;\n  position: absolute;\n  right: -50px;\n}\n\n.imgw_sticky_header\n{\n\tpadding: 0;\n\tcursor: pointer;\n    position: -webkit-sticky !important;\n  \tposition: sticky !important;\n  \ttop: 94vh;\n    z-index: 1000\n}\n\n.is-pinned{\n\tbackground: red !important\n}\n\n\/*Media tablet - landscape*\/\n@media (min-width: 768px) and (max-width: 1024px) {\n  .back-button{\n    border: 0px;\n    outline: 0px;\n    margin-left: 0px;\n    background: #fff;\n  }\n}\n\n.back-button:hover, .back-button:active, .back-button:focus{\n  background:none;\n}\n\n<\/style>\n\n<button type=\"button\" class=\"back-button\"><i aria-hidden=\"true\" class=\"fas fa-arrow-circle-up\"><\/i><\/button>\n<!-- end back-button -->\t\t<\/div>\n\t\t\t\t<\/div>\n\t\t\t\t\t<\/div>\n\t\t<\/div>\n\t\t\t\t\t<\/div>\n\t\t<\/section>\n\t\t\t\t<section class=\"elementor-section elementor-top-section elementor-element elementor-element-0e79019 elementor-section-height-min-height elementor-section-items-top elementor-section-boxed elementor-section-height-default\" data-id=\"0e79019\" data-element_type=\"section\">\n\t\t\t\t\t\t<div class=\"elementor-container elementor-column-gap-default\">\n\t\t\t\t\t<div class=\"elementor-column elementor-col-100 elementor-top-column elementor-element elementor-element-f023c37\" data-id=\"f023c37\" data-element_type=\"column\">\n\t\t\t<div class=\"elementor-widget-wrap elementor-element-populated\">\n\t\t\t\t\t\t<div class=\"elementor-element elementor-element-03a212c imgw_text_content elementor-widget elementor-widget-heading\" data-id=\"03a212c\" data-element_type=\"widget\" data-widget_type=\"heading.default\">\n\t\t\t\t<div class=\"elementor-widget-container\">\n\t\t\t<h2 class=\"elementor-heading-title elementor-size-default\">Aufbereiten der Dokumente f\u00fcr weitere Gesch\u00e4ftsabl\u00e4ufe<\/h2>\t\t<\/div>\n\t\t\t\t<\/div>\n\t\t\t\t\t<\/div>\n\t\t<\/div>\n\t\t\t\t\t<\/div>\n\t\t<\/section>\n\t\t\t\t<section class=\"elementor-section elementor-top-section elementor-element elementor-element-b6d5989 elementor-section-boxed elementor-section-height-default elementor-section-height-default\" data-id=\"b6d5989\" data-element_type=\"section\">\n\t\t\t\t\t\t<div class=\"elementor-container elementor-column-gap-default\">\n\t\t\t\t\t<div class=\"elementor-column elementor-col-100 elementor-top-column elementor-element elementor-element-5bdcbcc\" data-id=\"5bdcbcc\" data-element_type=\"column\">\n\t\t\t<div class=\"elementor-widget-wrap elementor-element-populated\">\n\t\t\t\t\t\t<div class=\"elementor-element elementor-element-9bd2663 imgw_text_content elementor-widget elementor-widget-text-editor\" data-id=\"9bd2663\" data-element_type=\"widget\" data-widget_type=\"text-editor.default\">\n\t\t\t\t<div class=\"elementor-widget-container\">\n\t\t\t\t\t\t\t<p>M\u00fcssen Dokumente gezielt aus eDOCS exportiert und einer anderen Organisation zur Verf\u00fcgung gestellt werden, so decken Standardanwendungen diese Anforderung unzureichend ab. Mit der L\u00f6sungskomponente DocExport k\u00f6nnen die zu exportierenden Dokumente durch verschiedene Arten ausgew\u00e4hlt und physikalisch strukturiert auf dem Fileshare abgelegt werden.<\/p>\n\t\t\t\t\t\t<\/div>\n\t\t\t\t<\/div>\n\t\t\t\t\t<\/div>\n\t\t<\/div>\n\t\t\t\t\t<\/div>\n\t\t<\/section>\n\t\t\t\t<section class=\"elementor-section elementor-top-section elementor-element elementor-element-559e6f2 elementor-section-boxed elementor-section-height-default elementor-section-height-default\" data-id=\"559e6f2\" data-element_type=\"section\">\n\t\t\t\t\t\t<div class=\"elementor-container elementor-column-gap-default\">\n\t\t\t\t\t<div class=\"elementor-column elementor-col-100 elementor-top-column elementor-element elementor-element-0a590c9\" data-id=\"0a590c9\" data-element_type=\"column\">\n\t\t\t<div class=\"elementor-widget-wrap elementor-element-populated\">\n\t\t\t\t\t\t<div class=\"elementor-element elementor-element-787f682 elementor-widget elementor-widget-heading\" data-id=\"787f682\" data-element_type=\"widget\" data-widget_type=\"heading.default\">\n\t\t\t\t<div class=\"elementor-widget-container\">\n\t\t\t<h3 class=\"elementor-heading-title elementor-size-default\">Funktionen im \u00dcberblick<\/h3>\t\t<\/div>\n\t\t\t\t<\/div>\n\t\t\t\t\t<\/div>\n\t\t<\/div>\n\t\t\t\t\t<\/div>\n\t\t<\/section>\n\t\t\t\t<section class=\"elementor-section elementor-top-section elementor-element elementor-element-5365e36 elementor-section-boxed elementor-section-height-default elementor-section-height-default\" data-id=\"5365e36\" data-element_type=\"section\">\n\t\t\t\t\t\t<div class=\"elementor-container elementor-column-gap-default\">\n\t\t\t\t\t<div class=\"elementor-column elementor-col-50 elementor-top-column elementor-element elementor-element-7cd99db\" data-id=\"7cd99db\" data-element_type=\"column\">\n\t\t\t<div class=\"elementor-widget-wrap elementor-element-populated\">\n\t\t\t\t\t\t<div class=\"elementor-element elementor-element-49203bc imgw_text_content elementor-widget elementor-widget-text-editor\" data-id=\"49203bc\" data-element_type=\"widget\" data-widget_type=\"text-editor.default\">\n\t\t\t\t<div class=\"elementor-widget-container\">\n\t\t\t\t\t\t\t<ul><li>verschiedene M\u00f6glichkeiten der Dokumentenauswahl\u00a0<ul><li>Eingabedatei mit Metadaten<\/li><li>Bereich Erstellungsdatum\u00a0<\/li><li>Bereich Dokumentennummer\u00a0<\/li><li>SQL-Abfrage\u00a0<\/li><li>\u00d6ffentliche Ordner<\/li><li>Folder Monitoring\u00a0<\/li><\/ul><\/li><li>Exporteinstellungen\u00a0<ul><li>Verzeichnisstrukturierung nach Metadaten<\/li><li>Dynamische Benennung von Verzeichnissen und Dokumenten\u00a0<\/li><li>Auswahl der zu exportierenden Version\u00a0<\/li><li>Export von Metadaten<\/li><li>Validierung der Dokumente vor dem Exportieren nach L\u00e4nge und Sonderzeichen\u00a0<\/li><li>Vermerk im Verlauf des exportierten Dokuments\u00a0<\/li><li>Erweiterte Protokollierungsm\u00f6glichkeiten<\/li><li>PDF-Konvertierung und Signierung w\u00e4hrend dem Export<\/li><\/ul><\/li><\/ul>\t\t\t\t\t\t<\/div>\n\t\t\t\t<\/div>\n\t\t\t\t\t<\/div>\n\t\t<\/div>\n\t\t\t\t<div class=\"elementor-column elementor-col-50 elementor-top-column elementor-element elementor-element-14f493c\" data-id=\"14f493c\" data-element_type=\"column\">\n\t\t\t<div class=\"elementor-widget-wrap elementor-element-populated\">\n\t\t\t\t\t\t<div class=\"elementor-element elementor-element-05d9ab6 elementor-widget elementor-widget-image\" data-id=\"05d9ab6\" data-element_type=\"widget\" data-widget_type=\"image.default\">\n\t\t\t\t<div class=\"elementor-widget-container\">\n\t\t\t\t\t\t\t\t\t\t\t\t\t<img fetchpriority=\"high\" decoding=\"async\" width=\"300\" height=\"263\" src=\"https:\/\/imageware.ch\/wp-content\/uploads\/2023\/09\/Screenshot-2023-09-27-at-11.16.02-300x263.png\" class=\"attachment-medium size-medium wp-image-14878\" alt=\"System Engineering\" srcset=\"https:\/\/imageware.ch\/wp-content\/uploads\/2023\/09\/Screenshot-2023-09-27-at-11.16.02-300x263.png 300w, https:\/\/imageware.ch\/wp-content\/uploads\/2023\/09\/Screenshot-2023-09-27-at-11.16.02.png 378w\" sizes=\"(max-width: 300px) 100vw, 300px\" \/>\t\t\t\t\t\t\t\t\t\t\t\t\t<\/div>\n\t\t\t\t<\/div>\n\t\t\t\t\t<\/div>\n\t\t<\/div>\n\t\t\t\t\t<\/div>\n\t\t<\/section>\n\t\t\t\t<section class=\"elementor-section elementor-top-section elementor-element elementor-element-a80d086 elementor-section-boxed elementor-section-height-default elementor-section-height-default\" data-id=\"a80d086\" data-element_type=\"section\">\n\t\t\t\t\t\t<div class=\"elementor-container elementor-column-gap-default\">\n\t\t\t\t\t<div class=\"elementor-column elementor-col-100 elementor-top-column elementor-element elementor-element-e36f413\" data-id=\"e36f413\" data-element_type=\"column\">\n\t\t\t<div class=\"elementor-widget-wrap elementor-element-populated\">\n\t\t\t\t\t\t<div class=\"elementor-element elementor-element-db3d3a5 elementor-widget elementor-widget-heading\" data-id=\"db3d3a5\" data-element_type=\"widget\" data-widget_type=\"heading.default\">\n\t\t\t\t<div class=\"elementor-widget-container\">\n\t\t\t<h3 class=\"elementor-heading-title elementor-size-default\">Vorteile dieser L\u00f6sung<\/h3>\t\t<\/div>\n\t\t\t\t<\/div>\n\t\t\t\t<div class=\"elementor-element elementor-element-258f28b imgw_text_content elementor-widget elementor-widget-text-editor\" data-id=\"258f28b\" data-element_type=\"widget\" data-widget_type=\"text-editor.default\">\n\t\t\t\t<div class=\"elementor-widget-container\">\n\t\t\t\t\t\t\t<ul><li>Vollautomatisierter Exportprozess\u00a0<\/li><li>Benutzerfreundliche und einfache Bedienung<\/li><li>Vielf\u00e4ltige Einstellungsm\u00f6glichkeiten\u00a0<\/li><li>Nachvollziehbarkeit mittels Audits und Protokollierung<\/li><\/ul>\t\t\t\t\t\t<\/div>\n\t\t\t\t<\/div>\n\t\t\t\t\t<\/div>\n\t\t<\/div>\n\t\t\t\t\t<\/div>\n\t\t<\/section>\n\t\t\t\t<section class=\"elementor-section elementor-top-section elementor-element elementor-element-e910f9c elementor-section-boxed elementor-section-height-default elementor-section-height-default\" data-id=\"e910f9c\" data-element_type=\"section\">\n\t\t\t\t\t\t<div class=\"elementor-container elementor-column-gap-default\">\n\t\t\t\t\t<div class=\"elementor-column elementor-col-100 elementor-top-column elementor-element elementor-element-ee495d3\" data-id=\"ee495d3\" data-element_type=\"column\">\n\t\t\t<div class=\"elementor-widget-wrap elementor-element-populated\">\n\t\t\t\t\t\t<div class=\"elementor-element elementor-element-0537f60 elementor-widget elementor-widget-heading\" data-id=\"0537f60\" data-element_type=\"widget\" data-widget_type=\"heading.default\">\n\t\t\t\t<div class=\"elementor-widget-container\">\n\t\t\t<h3 class=\"elementor-heading-title elementor-size-default\">Vielf\u00e4ltige Einsatzm\u00f6glichkeiten<\/h3>\t\t<\/div>\n\t\t\t\t<\/div>\n\t\t\t\t<div class=\"elementor-element elementor-element-ca50ead imgw_text_content elementor-widget elementor-widget-text-editor\" data-id=\"ca50ead\" data-element_type=\"widget\" data-widget_type=\"text-editor.default\">\n\t\t\t\t<div class=\"elementor-widget-container\">\n\t\t\t\t\t\t\t<ul><li>Bereitstellen f\u00fcr die Archivierung\u00a0<\/li><li>Bereitstellen f\u00fcr die PDF-Konvertierung\u00a0<\/li><li>Automatisierung der regelm\u00e4ssigen Exportauftr\u00e4ge<\/li><\/ul>\t\t\t\t\t\t<\/div>\n\t\t\t\t<\/div>\n\t\t\t\t\t<\/div>\n\t\t<\/div>\n\t\t\t\t\t<\/div>\n\t\t<\/section>\n\t\t\t\t<\/div>\n\t\t","protected":false},"excerpt":{"rendered":"<p>DOCEXPORT Aufbereiten der Dokumente f\u00fcr weitere Gesch\u00e4ftsabl\u00e4ufe M\u00fcssen Dokumente gezielt aus eDOCS exportiert und einer anderen Organisation zur Verf\u00fcgung gestellt werden, so decken Standardanwendungen diese Anforderung unzureichend ab. Mit der L\u00f6sungskomponente DocExport k\u00f6nnen die zu exportierenden Dokumente durch verschiedene Arten ausgew\u00e4hlt und physikalisch strukturiert auf dem Fileshare abgelegt werden. Funktionen im \u00dcberblick verschiedene M\u00f6glichkeiten der [&hellip;]<\/p>\n","protected":false},"author":1,"featured_media":0,"parent":0,"menu_order":0,"comment_status":"closed","ping_status":"closed","template":"","meta":{"footnotes":""},"class_list":["post-18542","page","type-page","status-publish","hentry"],"yoast_head":"<!-- This site is optimized with the Yoast SEO plugin v27.4 - https:\/\/yoast.com\/product\/yoast-seo-wordpress\/ -->\n<title>DocExport-DE - Imageware AG<\/title>\n<meta name=\"robots\" content=\"index, follow, max-snippet:-1, max-image-preview:large, max-video-preview:-1\" \/>\n<link rel=\"canonical\" href=\"https:\/\/imageware.ch\/de\/docexport-de\/\" \/>\n<meta property=\"og:locale\" content=\"de_DE\" \/>\n<meta property=\"og:type\" content=\"article\" \/>\n<meta property=\"og:title\" content=\"DocExport-DE - Imageware AG\" \/>\n<meta property=\"og:description\" content=\"DOCEXPORT Aufbereiten der Dokumente f\u00fcr weitere Gesch\u00e4ftsabl\u00e4ufe M\u00fcssen Dokumente gezielt aus eDOCS exportiert und einer anderen Organisation zur Verf\u00fcgung gestellt werden, so decken Standardanwendungen diese Anforderung unzureichend ab. Mit der L\u00f6sungskomponente DocExport k\u00f6nnen die zu exportierenden Dokumente durch verschiedene Arten ausgew\u00e4hlt und physikalisch strukturiert auf dem Fileshare abgelegt werden. Funktionen im \u00dcberblick verschiedene M\u00f6glichkeiten der [&hellip;]\" \/>\n<meta property=\"og:url\" content=\"https:\/\/imageware.ch\/de\/docexport-de\/\" \/>\n<meta property=\"og:site_name\" content=\"Imageware AG\" \/>\n<meta property=\"article:modified_time\" content=\"2024-02-14T13:03:53+00:00\" \/>\n<meta property=\"og:image\" content=\"https:\/\/imageware.ch\/wp-content\/uploads\/2023\/09\/Screenshot-2023-09-27-at-11.16.02-300x263.png\" \/>\n<meta name=\"twitter:card\" content=\"summary_large_image\" \/>\n<meta name=\"twitter:label1\" content=\"Gesch\u00e4tzte Lesezeit\" \/>\n\t<meta name=\"twitter:data1\" content=\"1\u00a0Minute\" \/>\n<script type=\"application\/ld+json\" class=\"yoast-schema-graph\">{\"@context\":\"https:\\\/\\\/schema.org\",\"@graph\":[{\"@type\":\"WebPage\",\"@id\":\"https:\\\/\\\/imageware.ch\\\/de\\\/docexport-de\\\/\",\"url\":\"https:\\\/\\\/imageware.ch\\\/de\\\/docexport-de\\\/\",\"name\":\"DocExport-DE - Imageware AG\",\"isPartOf\":{\"@id\":\"https:\\\/\\\/imageware.ch\\\/de\\\/#website\"},\"primaryImageOfPage\":{\"@id\":\"https:\\\/\\\/imageware.ch\\\/de\\\/docexport-de\\\/#primaryimage\"},\"image\":{\"@id\":\"https:\\\/\\\/imageware.ch\\\/de\\\/docexport-de\\\/#primaryimage\"},\"thumbnailUrl\":\"https:\\\/\\\/imageware.ch\\\/wp-content\\\/uploads\\\/2023\\\/09\\\/Screenshot-2023-09-27-at-11.16.02-300x263.png\",\"datePublished\":\"2023-09-28T06:07:56+00:00\",\"dateModified\":\"2024-02-14T13:03:53+00:00\",\"breadcrumb\":{\"@id\":\"https:\\\/\\\/imageware.ch\\\/de\\\/docexport-de\\\/#breadcrumb\"},\"inLanguage\":\"de\",\"potentialAction\":[{\"@type\":\"ReadAction\",\"target\":[\"https:\\\/\\\/imageware.ch\\\/de\\\/docexport-de\\\/\"]}]},{\"@type\":\"ImageObject\",\"inLanguage\":\"de\",\"@id\":\"https:\\\/\\\/imageware.ch\\\/de\\\/docexport-de\\\/#primaryimage\",\"url\":\"https:\\\/\\\/imageware.ch\\\/wp-content\\\/uploads\\\/2023\\\/09\\\/Screenshot-2023-09-27-at-11.16.02-300x263.png\",\"contentUrl\":\"https:\\\/\\\/imageware.ch\\\/wp-content\\\/uploads\\\/2023\\\/09\\\/Screenshot-2023-09-27-at-11.16.02-300x263.png\"},{\"@type\":\"BreadcrumbList\",\"@id\":\"https:\\\/\\\/imageware.ch\\\/de\\\/docexport-de\\\/#breadcrumb\",\"itemListElement\":[{\"@type\":\"ListItem\",\"position\":1,\"name\":\"Home\",\"item\":\"https:\\\/\\\/imageware.ch\\\/de\\\/\"},{\"@type\":\"ListItem\",\"position\":2,\"name\":\"DocExport-DE\"}]},{\"@type\":\"WebSite\",\"@id\":\"https:\\\/\\\/imageware.ch\\\/de\\\/#website\",\"url\":\"https:\\\/\\\/imageware.ch\\\/de\\\/\",\"name\":\"Imageware AG - Intelligent Information Management Solutions\",\"description\":\"We turn information into knowledge!\",\"publisher\":{\"@id\":\"https:\\\/\\\/imageware.ch\\\/de\\\/#organization\"},\"potentialAction\":[{\"@type\":\"SearchAction\",\"target\":{\"@type\":\"EntryPoint\",\"urlTemplate\":\"https:\\\/\\\/imageware.ch\\\/de\\\/?s={search_term_string}\"},\"query-input\":{\"@type\":\"PropertyValueSpecification\",\"valueRequired\":true,\"valueName\":\"search_term_string\"}}],\"inLanguage\":\"de\"},{\"@type\":\"Organization\",\"@id\":\"https:\\\/\\\/imageware.ch\\\/de\\\/#organization\",\"name\":\"Imageware AG - Intelligent Information Management Solutions\",\"url\":\"https:\\\/\\\/imageware.ch\\\/de\\\/\",\"logo\":{\"@type\":\"ImageObject\",\"inLanguage\":\"de\",\"@id\":\"https:\\\/\\\/imageware.ch\\\/de\\\/#\\\/schema\\\/logo\\\/image\\\/\",\"url\":\"https:\\\/\\\/imageware.ch\\\/wp-content\\\/uploads\\\/2023\\\/02\\\/logo1.png\",\"contentUrl\":\"https:\\\/\\\/imageware.ch\\\/wp-content\\\/uploads\\\/2023\\\/02\\\/logo1.png\",\"width\":384,\"height\":110,\"caption\":\"Imageware AG - Intelligent Information Management Solutions\"},\"image\":{\"@id\":\"https:\\\/\\\/imageware.ch\\\/de\\\/#\\\/schema\\\/logo\\\/image\\\/\"}}]}<\/script>\n<!-- \/ Yoast SEO plugin. -->","yoast_head_json":{"title":"DocExport-DE - Imageware AG","robots":{"index":"index","follow":"follow","max-snippet":"max-snippet:-1","max-image-preview":"max-image-preview:large","max-video-preview":"max-video-preview:-1"},"canonical":"https:\/\/imageware.ch\/de\/docexport-de\/","og_locale":"de_DE","og_type":"article","og_title":"DocExport-DE - Imageware AG","og_description":"DOCEXPORT Aufbereiten der Dokumente f\u00fcr weitere Gesch\u00e4ftsabl\u00e4ufe M\u00fcssen Dokumente gezielt aus eDOCS exportiert und einer anderen Organisation zur Verf\u00fcgung gestellt werden, so decken Standardanwendungen diese Anforderung unzureichend ab. Mit der L\u00f6sungskomponente DocExport k\u00f6nnen die zu exportierenden Dokumente durch verschiedene Arten ausgew\u00e4hlt und physikalisch strukturiert auf dem Fileshare abgelegt werden. Funktionen im \u00dcberblick verschiedene M\u00f6glichkeiten der [&hellip;]","og_url":"https:\/\/imageware.ch\/de\/docexport-de\/","og_site_name":"Imageware AG","article_modified_time":"2024-02-14T13:03:53+00:00","og_image":[{"url":"https:\/\/imageware.ch\/wp-content\/uploads\/2023\/09\/Screenshot-2023-09-27-at-11.16.02-300x263.png","type":"","width":"","height":""}],"twitter_card":"summary_large_image","twitter_misc":{"Gesch\u00e4tzte Lesezeit":"1\u00a0Minute"},"schema":{"@context":"https:\/\/schema.org","@graph":[{"@type":"WebPage","@id":"https:\/\/imageware.ch\/de\/docexport-de\/","url":"https:\/\/imageware.ch\/de\/docexport-de\/","name":"DocExport-DE - Imageware AG","isPartOf":{"@id":"https:\/\/imageware.ch\/de\/#website"},"primaryImageOfPage":{"@id":"https:\/\/imageware.ch\/de\/docexport-de\/#primaryimage"},"image":{"@id":"https:\/\/imageware.ch\/de\/docexport-de\/#primaryimage"},"thumbnailUrl":"https:\/\/imageware.ch\/wp-content\/uploads\/2023\/09\/Screenshot-2023-09-27-at-11.16.02-300x263.png","datePublished":"2023-09-28T06:07:56+00:00","dateModified":"2024-02-14T13:03:53+00:00","breadcrumb":{"@id":"https:\/\/imageware.ch\/de\/docexport-de\/#breadcrumb"},"inLanguage":"de","potentialAction":[{"@type":"ReadAction","target":["https:\/\/imageware.ch\/de\/docexport-de\/"]}]},{"@type":"ImageObject","inLanguage":"de","@id":"https:\/\/imageware.ch\/de\/docexport-de\/#primaryimage","url":"https:\/\/imageware.ch\/wp-content\/uploads\/2023\/09\/Screenshot-2023-09-27-at-11.16.02-300x263.png","contentUrl":"https:\/\/imageware.ch\/wp-content\/uploads\/2023\/09\/Screenshot-2023-09-27-at-11.16.02-300x263.png"},{"@type":"BreadcrumbList","@id":"https:\/\/imageware.ch\/de\/docexport-de\/#breadcrumb","itemListElement":[{"@type":"ListItem","position":1,"name":"Home","item":"https:\/\/imageware.ch\/de\/"},{"@type":"ListItem","position":2,"name":"DocExport-DE"}]},{"@type":"WebSite","@id":"https:\/\/imageware.ch\/de\/#website","url":"https:\/\/imageware.ch\/de\/","name":"Imageware AG - Intelligent Information Management Solutions","description":"We turn information into knowledge!","publisher":{"@id":"https:\/\/imageware.ch\/de\/#organization"},"potentialAction":[{"@type":"SearchAction","target":{"@type":"EntryPoint","urlTemplate":"https:\/\/imageware.ch\/de\/?s={search_term_string}"},"query-input":{"@type":"PropertyValueSpecification","valueRequired":true,"valueName":"search_term_string"}}],"inLanguage":"de"},{"@type":"Organization","@id":"https:\/\/imageware.ch\/de\/#organization","name":"Imageware AG - Intelligent Information Management Solutions","url":"https:\/\/imageware.ch\/de\/","logo":{"@type":"ImageObject","inLanguage":"de","@id":"https:\/\/imageware.ch\/de\/#\/schema\/logo\/image\/","url":"https:\/\/imageware.ch\/wp-content\/uploads\/2023\/02\/logo1.png","contentUrl":"https:\/\/imageware.ch\/wp-content\/uploads\/2023\/02\/logo1.png","width":384,"height":110,"caption":"Imageware AG - Intelligent Information Management Solutions"},"image":{"@id":"https:\/\/imageware.ch\/de\/#\/schema\/logo\/image\/"}}]}},"_links":{"self":[{"href":"https:\/\/imageware.ch\/de\/wp-json\/wp\/v2\/pages\/18542","targetHints":{"allow":["GET"]}}],"collection":[{"href":"https:\/\/imageware.ch\/de\/wp-json\/wp\/v2\/pages"}],"about":[{"href":"https:\/\/imageware.ch\/de\/wp-json\/wp\/v2\/types\/page"}],"author":[{"embeddable":true,"href":"https:\/\/imageware.ch\/de\/wp-json\/wp\/v2\/users\/1"}],"replies":[{"embeddable":true,"href":"https:\/\/imageware.ch\/de\/wp-json\/wp\/v2\/comments?post=18542"}],"version-history":[{"count":22,"href":"https:\/\/imageware.ch\/de\/wp-json\/wp\/v2\/pages\/18542\/revisions"}],"predecessor-version":[{"id":24678,"href":"https:\/\/imageware.ch\/de\/wp-json\/wp\/v2\/pages\/18542\/revisions\/24678"}],"wp:attachment":[{"href":"https:\/\/imageware.ch\/de\/wp-json\/wp\/v2\/media?parent=18542"}],"curies":[{"name":"wp","href":"https:\/\/api.w.org\/{rel}","templated":true}]}}