{"id":18538,"date":"2023-09-27T08:55:37","date_gmt":"2023-09-27T07:55:37","guid":{"rendered":"https:\/\/imgw.designbees.ch\/dmcmd-de\/"},"modified":"2024-02-14T13:41:00","modified_gmt":"2024-02-14T12:41:00","slug":"dmcmd-de","status":"publish","type":"page","link":"https:\/\/imageware.ch\/de\/dmcmd-de\/","title":{"rendered":"DMCMD-DE"},"content":{"rendered":"\t\t<div data-elementor-type=\"wp-page\" data-elementor-id=\"18538\" class=\"elementor elementor-18538 elementor-14866\">\n\t\t\t\t\t\t<section class=\"elementor-section elementor-top-section elementor-element elementor-element-c57ef92 elementor-section-items-stretch elementor-section-content-top elementor-section-height-min-height imgw_header elementor-section-boxed elementor-section-height-default\" data-id=\"c57ef92\" data-element_type=\"section\" data-settings=\"{&quot;background_background&quot;:&quot;classic&quot;}\">\n\t\t\t\t\t\t<div class=\"elementor-container elementor-column-gap-default\">\n\t\t\t\t\t<div class=\"elementor-column elementor-col-100 elementor-top-column elementor-element elementor-element-21e9b7f\" data-id=\"21e9b7f\" data-element_type=\"column\">\n\t\t\t<div class=\"elementor-widget-wrap elementor-element-populated\">\n\t\t\t\t\t\t<div class=\"elementor-element elementor-element-639d922 elementor-widget elementor-widget-heading\" data-id=\"639d922\" data-element_type=\"widget\" data-widget_type=\"heading.default\">\n\t\t\t\t<div class=\"elementor-widget-container\">\n\t\t\t<h1 class=\"elementor-heading-title elementor-size-default\">DMCMD<\/h1>\t\t<\/div>\n\t\t\t\t<\/div>\n\t\t\t\t\t<\/div>\n\t\t<\/div>\n\t\t\t\t\t<\/div>\n\t\t<\/section>\n\t\t\t\t<section class=\"elementor-section elementor-top-section elementor-element elementor-element-aac78cc imgw_sticky_header elementor-section-boxed elementor-section-height-default elementor-section-height-default\" data-id=\"aac78cc\" data-element_type=\"section\">\n\t\t\t\t\t\t<div class=\"elementor-container elementor-column-gap-default\">\n\t\t\t\t\t<div class=\"elementor-column elementor-col-100 elementor-top-column elementor-element elementor-element-b289c1a\" data-id=\"b289c1a\" data-element_type=\"column\">\n\t\t\t<div class=\"elementor-widget-wrap elementor-element-populated\">\n\t\t\t\t\t\t<div class=\"elementor-element elementor-element-68ff24e elementor-widget elementor-widget-spacer\" data-id=\"68ff24e\" data-element_type=\"widget\" data-widget_type=\"spacer.default\">\n\t\t\t\t<div class=\"elementor-widget-container\">\n\t\t\t\t\t<div class=\"elementor-spacer\">\n\t\t\t<div class=\"elementor-spacer-inner\"><\/div>\n\t\t<\/div>\n\t\t\t\t<\/div>\n\t\t\t\t<\/div>\n\t\t\t\t<div class=\"elementor-element elementor-element-ec7e27c back-button elementor-widget elementor-widget-ucaddon_back_button\" data-id=\"ec7e27c\" data-element_type=\"widget\" data-widget_type=\"ucaddon_back_button.default\">\n\t\t\t\t<div class=\"elementor-widget-container\">\n\t\t\t\n<!-- start back-button -->\n<style>\/* widget: back-button *\/\n\n.back-button  i {\n    color: #990001 !important;\n    font-size: 1.5em; \n}\n\n.back-button{\n  border: 0px;\n  outline: 0px;\n  position: absolute;\n  right: -50px;\n}\n\n.imgw_sticky_header\n{\n\tpadding: 0;\n\tcursor: pointer;\n    position: -webkit-sticky !important;\n  \tposition: sticky !important;\n  \ttop: 94vh;\n    z-index: 1000\n}\n\n.is-pinned{\n\tbackground: red !important\n}\n\n\/*Media tablet - landscape*\/\n@media (min-width: 768px) and (max-width: 1024px) {\n  .back-button{\n    border: 0px;\n    outline: 0px;\n    margin-left: 0px;\n    background: #fff;\n  }\n}\n\n.back-button:hover, .back-button:active, .back-button:focus{\n  background:none;\n}\n\n<\/style>\n\n<button type=\"button\" class=\"back-button\"><i aria-hidden=\"true\" class=\"fas fa-arrow-circle-up\"><\/i><\/button>\n<!-- end back-button -->\t\t<\/div>\n\t\t\t\t<\/div>\n\t\t\t\t\t<\/div>\n\t\t<\/div>\n\t\t\t\t\t<\/div>\n\t\t<\/section>\n\t\t\t\t<section class=\"elementor-section elementor-top-section elementor-element elementor-element-0e79019 elementor-section-height-min-height elementor-section-items-top elementor-section-boxed elementor-section-height-default\" data-id=\"0e79019\" data-element_type=\"section\">\n\t\t\t\t\t\t<div class=\"elementor-container elementor-column-gap-default\">\n\t\t\t\t\t<div class=\"elementor-column elementor-col-100 elementor-top-column elementor-element elementor-element-f023c37\" data-id=\"f023c37\" data-element_type=\"column\">\n\t\t\t<div class=\"elementor-widget-wrap elementor-element-populated\">\n\t\t\t\t\t\t<div class=\"elementor-element elementor-element-03a212c elementor-widget elementor-widget-heading\" data-id=\"03a212c\" data-element_type=\"widget\" data-widget_type=\"heading.default\">\n\t\t\t\t<div class=\"elementor-widget-container\">\n\t\t\t<h2 class=\"elementor-heading-title elementor-size-default\">Einfache Befehlszeilen-Integration mit DM-Extension<\/h2>\t\t<\/div>\n\t\t\t\t<\/div>\n\t\t\t\t\t<\/div>\n\t\t<\/div>\n\t\t\t\t\t<\/div>\n\t\t<\/section>\n\t\t\t\t<section class=\"elementor-section elementor-top-section elementor-element elementor-element-0b03f47 elementor-section-boxed elementor-section-height-default elementor-section-height-default\" data-id=\"0b03f47\" data-element_type=\"section\">\n\t\t\t\t\t\t<div class=\"elementor-container elementor-column-gap-default\">\n\t\t\t\t\t<div class=\"elementor-column elementor-col-100 elementor-top-column elementor-element elementor-element-8716efa\" data-id=\"8716efa\" data-element_type=\"column\">\n\t\t\t<div class=\"elementor-widget-wrap elementor-element-populated\">\n\t\t\t\t\t\t<div class=\"elementor-element elementor-element-e826d61 imgw_text_content elementor-widget elementor-widget-text-editor\" data-id=\"e826d61\" data-element_type=\"widget\" data-widget_type=\"text-editor.default\">\n\t\t\t\t<div class=\"elementor-widget-container\">\n\t\t\t\t\t\t\t<p>Mittels DMCMD k\u00f6nnen Fachapplikationen mit eDOCS DM auf einfachste Art ohne Programmieraufwand integriert werden. DMCMD setzt als Schnittstelle die DM Extension API ein und f\u00fchrt eine definierte parametrisierbare Suche aus. Die Interaktionen mit Dokumenten werden vollumf\u00e4nglich durch den DM-Client \u00fcbernommen. Zus\u00e4tzlich k\u00f6nnen Dokumente mittels DMCMD gespeichert werden.<\/p>\n\t\t\t\t\t\t<\/div>\n\t\t\t\t<\/div>\n\t\t\t\t\t<\/div>\n\t\t<\/div>\n\t\t\t\t\t<\/div>\n\t\t<\/section>\n\t\t\t\t<section class=\"elementor-section elementor-top-section elementor-element elementor-element-5365e36 elementor-section-boxed elementor-section-height-default elementor-section-height-default\" data-id=\"5365e36\" data-element_type=\"section\">\n\t\t\t\t\t\t<div class=\"elementor-container elementor-column-gap-default\">\n\t\t\t\t\t<div class=\"elementor-column elementor-col-50 elementor-top-column elementor-element elementor-element-7cd99db\" data-id=\"7cd99db\" data-element_type=\"column\">\n\t\t\t<div class=\"elementor-widget-wrap elementor-element-populated\">\n\t\t\t\t\t\t<div class=\"elementor-element elementor-element-787f682 elementor-widget elementor-widget-heading\" data-id=\"787f682\" data-element_type=\"widget\" data-widget_type=\"heading.default\">\n\t\t\t\t<div class=\"elementor-widget-container\">\n\t\t\t<h3 class=\"elementor-heading-title elementor-size-default\">Funktionen im \u00dcberblick<\/h3>\t\t<\/div>\n\t\t\t\t<\/div>\n\t\t\t\t<div class=\"elementor-element elementor-element-20c66a8 imgw_text_content elementor-widget elementor-widget-text-editor\" data-id=\"20c66a8\" data-element_type=\"widget\" data-widget_type=\"text-editor.default\">\n\t\t\t\t<div class=\"elementor-widget-container\">\n\t\t\t\t\t\t\t<ul><li>Parametrisierbarer Aufruf\u00a0<\/li><li>Aufruf \u00fcber Command Line, URI, Webbrowser, Scripting\u00a0<\/li><li>Aufruf \u00fcber URI (einheitlicher Bezeichner f\u00fcr Ressourcen)\u00a0<\/li><li>Speicherung von Dokumenten mittels DMCMD<\/li><\/ul>\t\t\t\t\t\t<\/div>\n\t\t\t\t<\/div>\n\t\t\t\t\t<\/div>\n\t\t<\/div>\n\t\t\t\t<div class=\"elementor-column elementor-col-50 elementor-top-column elementor-element elementor-element-6e367de\" data-id=\"6e367de\" data-element_type=\"column\">\n\t\t\t<div class=\"elementor-widget-wrap elementor-element-populated\">\n\t\t\t\t\t\t<div class=\"elementor-element elementor-element-72c9a8f elementor-widget elementor-widget-image\" data-id=\"72c9a8f\" data-element_type=\"widget\" data-widget_type=\"image.default\">\n\t\t\t\t<div class=\"elementor-widget-container\">\n\t\t\t\t\t\t\t\t\t\t\t\t\t<img fetchpriority=\"high\" decoding=\"async\" width=\"300\" height=\"252\" src=\"https:\/\/imageware.ch\/wp-content\/uploads\/2024\/01\/019E80A0-066E-4CD3-A214-1057DF2839A9_4_5005_c-300x252.jpeg\" class=\"attachment-medium size-medium wp-image-24347\" alt=\"Software Development\" srcset=\"https:\/\/imageware.ch\/wp-content\/uploads\/2024\/01\/019E80A0-066E-4CD3-A214-1057DF2839A9_4_5005_c-300x252.jpeg 300w, https:\/\/imageware.ch\/wp-content\/uploads\/2024\/01\/019E80A0-066E-4CD3-A214-1057DF2839A9_4_5005_c.jpeg 396w\" sizes=\"(max-width: 300px) 100vw, 300px\" \/>\t\t\t\t\t\t\t\t\t\t\t\t\t<\/div>\n\t\t\t\t<\/div>\n\t\t\t\t\t<\/div>\n\t\t<\/div>\n\t\t\t\t\t<\/div>\n\t\t<\/section>\n\t\t\t\t<section class=\"elementor-section elementor-top-section elementor-element elementor-element-a80d086 elementor-section-boxed elementor-section-height-default elementor-section-height-default\" data-id=\"a80d086\" data-element_type=\"section\">\n\t\t\t\t\t\t<div class=\"elementor-container elementor-column-gap-default\">\n\t\t\t\t\t<div class=\"elementor-column elementor-col-100 elementor-top-column elementor-element elementor-element-e36f413\" data-id=\"e36f413\" data-element_type=\"column\">\n\t\t\t<div class=\"elementor-widget-wrap elementor-element-populated\">\n\t\t\t\t\t\t<div class=\"elementor-element elementor-element-db3d3a5 elementor-widget elementor-widget-heading\" data-id=\"db3d3a5\" data-element_type=\"widget\" data-widget_type=\"heading.default\">\n\t\t\t\t<div class=\"elementor-widget-container\">\n\t\t\t<h3 class=\"elementor-heading-title elementor-size-default\">Vorteile dieser L\u00f6sung<\/h3>\t\t<\/div>\n\t\t\t\t<\/div>\n\t\t\t\t<div class=\"elementor-element elementor-element-fdbbe33 imgw_text_content elementor-widget elementor-widget-text-editor\" data-id=\"fdbbe33\" data-element_type=\"widget\" data-widget_type=\"text-editor.default\">\n\t\t\t\t<div class=\"elementor-widget-container\">\n\t\t\t\t\t\t\t<ul><li>Bearbeitung der Dokumente in bekannter DM-Umgebung<\/li><li>Alle DM-Funktionen stehen zur Verf\u00fcgung<\/li><li>Einfache Integration<\/li><li>Verschiedene Aufrufe und Aktionen m\u00f6glich<\/li><li>Lose Integration ohne Implementierung von zus\u00e4tzlichen clientseitigen Anwendungen<\/li><\/ul>\t\t\t\t\t\t<\/div>\n\t\t\t\t<\/div>\n\t\t\t\t\t<\/div>\n\t\t<\/div>\n\t\t\t\t\t<\/div>\n\t\t<\/section>\n\t\t\t\t<section class=\"elementor-section elementor-top-section elementor-element elementor-element-f287aee elementor-section-boxed elementor-section-height-default elementor-section-height-default\" data-id=\"f287aee\" data-element_type=\"section\">\n\t\t\t\t\t\t<div class=\"elementor-container elementor-column-gap-default\">\n\t\t\t\t\t<div class=\"elementor-column elementor-col-100 elementor-top-column elementor-element elementor-element-f92f9f6\" data-id=\"f92f9f6\" data-element_type=\"column\">\n\t\t\t<div class=\"elementor-widget-wrap elementor-element-populated\">\n\t\t\t\t\t\t<div class=\"elementor-element elementor-element-b743617 elementor-widget elementor-widget-heading\" data-id=\"b743617\" data-element_type=\"widget\" data-widget_type=\"heading.default\">\n\t\t\t\t<div class=\"elementor-widget-container\">\n\t\t\t<h3 class=\"elementor-heading-title elementor-size-default\">Vielf\u00e4ltige Einsatzm\u00f6glichkeiten<\/h3>\t\t<\/div>\n\t\t\t\t<\/div>\n\t\t\t\t<div class=\"elementor-element elementor-element-a6c08cd imgw_text_content elementor-widget elementor-widget-text-editor\" data-id=\"a6c08cd\" data-element_type=\"widget\" data-widget_type=\"text-editor.default\">\n\t\t\t\t<div class=\"elementor-widget-container\">\n\t\t\t\t\t\t\t<ul><li>Anbindung an beliebige L\u00f6sungen und Technologien:<ul><li>CRM und ERP-L\u00f6sungen\u00a0<\/li><li>Webapplikation, Website<\/li><li>Desktopapplikationen<\/li><\/ul><\/li><\/ul>\t\t\t\t\t\t<\/div>\n\t\t\t\t<\/div>\n\t\t\t\t\t<\/div>\n\t\t<\/div>\n\t\t\t\t\t<\/div>\n\t\t<\/section>\n\t\t\t\t<\/div>\n\t\t","protected":false},"excerpt":{"rendered":"<p>DMCMD Einfache Befehlszeilen-Integration mit DM-Extension Mittels DMCMD k\u00f6nnen Fachapplikationen mit eDOCS DM auf einfachste Art ohne Programmieraufwand integriert werden. DMCMD setzt als Schnittstelle die DM Extension API ein und f\u00fchrt eine definierte parametrisierbare Suche aus. Die Interaktionen mit Dokumenten werden vollumf\u00e4nglich durch den DM-Client \u00fcbernommen. Zus\u00e4tzlich k\u00f6nnen Dokumente mittels DMCMD gespeichert werden. Funktionen im \u00dcberblick [&hellip;]<\/p>\n","protected":false},"author":1,"featured_media":0,"parent":0,"menu_order":0,"comment_status":"closed","ping_status":"closed","template":"","meta":{"footnotes":""},"class_list":["post-18538","page","type-page","status-publish","hentry"],"yoast_head":"<!-- This site is optimized with the Yoast SEO plugin v27.4 - https:\/\/yoast.com\/product\/yoast-seo-wordpress\/ -->\n<title>DMCMD-DE - Imageware AG<\/title>\n<meta name=\"robots\" content=\"index, follow, max-snippet:-1, max-image-preview:large, max-video-preview:-1\" \/>\n<link rel=\"canonical\" href=\"https:\/\/imageware.ch\/de\/dmcmd-de\/\" \/>\n<meta property=\"og:locale\" content=\"de_DE\" \/>\n<meta property=\"og:type\" content=\"article\" \/>\n<meta property=\"og:title\" content=\"DMCMD-DE - Imageware AG\" \/>\n<meta property=\"og:description\" content=\"DMCMD Einfache Befehlszeilen-Integration mit DM-Extension Mittels DMCMD k\u00f6nnen Fachapplikationen mit eDOCS DM auf einfachste Art ohne Programmieraufwand integriert werden. DMCMD setzt als Schnittstelle die DM Extension API ein und f\u00fchrt eine definierte parametrisierbare Suche aus. Die Interaktionen mit Dokumenten werden vollumf\u00e4nglich durch den DM-Client \u00fcbernommen. Zus\u00e4tzlich k\u00f6nnen Dokumente mittels DMCMD gespeichert werden. Funktionen im \u00dcberblick [&hellip;]\" \/>\n<meta property=\"og:url\" content=\"https:\/\/imageware.ch\/de\/dmcmd-de\/\" \/>\n<meta property=\"og:site_name\" content=\"Imageware AG\" \/>\n<meta property=\"article:modified_time\" content=\"2024-02-14T12:41:00+00:00\" \/>\n<meta property=\"og:image\" content=\"https:\/\/imageware.ch\/wp-content\/uploads\/2024\/01\/019E80A0-066E-4CD3-A214-1057DF2839A9_4_5005_c-300x252.jpeg\" \/>\n<meta name=\"twitter:card\" content=\"summary_large_image\" \/>\n<meta name=\"twitter:label1\" content=\"Gesch\u00e4tzte Lesezeit\" \/>\n\t<meta name=\"twitter:data1\" content=\"1\u00a0Minute\" \/>\n<script type=\"application\/ld+json\" class=\"yoast-schema-graph\">{\"@context\":\"https:\\\/\\\/schema.org\",\"@graph\":[{\"@type\":\"WebPage\",\"@id\":\"https:\\\/\\\/imageware.ch\\\/de\\\/dmcmd-de\\\/\",\"url\":\"https:\\\/\\\/imageware.ch\\\/de\\\/dmcmd-de\\\/\",\"name\":\"DMCMD-DE - Imageware AG\",\"isPartOf\":{\"@id\":\"https:\\\/\\\/imageware.ch\\\/de\\\/#website\"},\"primaryImageOfPage\":{\"@id\":\"https:\\\/\\\/imageware.ch\\\/de\\\/dmcmd-de\\\/#primaryimage\"},\"image\":{\"@id\":\"https:\\\/\\\/imageware.ch\\\/de\\\/dmcmd-de\\\/#primaryimage\"},\"thumbnailUrl\":\"https:\\\/\\\/imageware.ch\\\/wp-content\\\/uploads\\\/2024\\\/01\\\/019E80A0-066E-4CD3-A214-1057DF2839A9_4_5005_c-300x252.jpeg\",\"datePublished\":\"2023-09-27T07:55:37+00:00\",\"dateModified\":\"2024-02-14T12:41:00+00:00\",\"breadcrumb\":{\"@id\":\"https:\\\/\\\/imageware.ch\\\/de\\\/dmcmd-de\\\/#breadcrumb\"},\"inLanguage\":\"de\",\"potentialAction\":[{\"@type\":\"ReadAction\",\"target\":[\"https:\\\/\\\/imageware.ch\\\/de\\\/dmcmd-de\\\/\"]}]},{\"@type\":\"ImageObject\",\"inLanguage\":\"de\",\"@id\":\"https:\\\/\\\/imageware.ch\\\/de\\\/dmcmd-de\\\/#primaryimage\",\"url\":\"https:\\\/\\\/imageware.ch\\\/wp-content\\\/uploads\\\/2024\\\/01\\\/019E80A0-066E-4CD3-A214-1057DF2839A9_4_5005_c-300x252.jpeg\",\"contentUrl\":\"https:\\\/\\\/imageware.ch\\\/wp-content\\\/uploads\\\/2024\\\/01\\\/019E80A0-066E-4CD3-A214-1057DF2839A9_4_5005_c-300x252.jpeg\"},{\"@type\":\"BreadcrumbList\",\"@id\":\"https:\\\/\\\/imageware.ch\\\/de\\\/dmcmd-de\\\/#breadcrumb\",\"itemListElement\":[{\"@type\":\"ListItem\",\"position\":1,\"name\":\"Home\",\"item\":\"https:\\\/\\\/imageware.ch\\\/de\\\/\"},{\"@type\":\"ListItem\",\"position\":2,\"name\":\"DMCMD-DE\"}]},{\"@type\":\"WebSite\",\"@id\":\"https:\\\/\\\/imageware.ch\\\/de\\\/#website\",\"url\":\"https:\\\/\\\/imageware.ch\\\/de\\\/\",\"name\":\"Imageware AG - Intelligent Information Management Solutions\",\"description\":\"We turn information into knowledge!\",\"publisher\":{\"@id\":\"https:\\\/\\\/imageware.ch\\\/de\\\/#organization\"},\"potentialAction\":[{\"@type\":\"SearchAction\",\"target\":{\"@type\":\"EntryPoint\",\"urlTemplate\":\"https:\\\/\\\/imageware.ch\\\/de\\\/?s={search_term_string}\"},\"query-input\":{\"@type\":\"PropertyValueSpecification\",\"valueRequired\":true,\"valueName\":\"search_term_string\"}}],\"inLanguage\":\"de\"},{\"@type\":\"Organization\",\"@id\":\"https:\\\/\\\/imageware.ch\\\/de\\\/#organization\",\"name\":\"Imageware AG - Intelligent Information Management Solutions\",\"url\":\"https:\\\/\\\/imageware.ch\\\/de\\\/\",\"logo\":{\"@type\":\"ImageObject\",\"inLanguage\":\"de\",\"@id\":\"https:\\\/\\\/imageware.ch\\\/de\\\/#\\\/schema\\\/logo\\\/image\\\/\",\"url\":\"https:\\\/\\\/imageware.ch\\\/wp-content\\\/uploads\\\/2023\\\/02\\\/logo1.png\",\"contentUrl\":\"https:\\\/\\\/imageware.ch\\\/wp-content\\\/uploads\\\/2023\\\/02\\\/logo1.png\",\"width\":384,\"height\":110,\"caption\":\"Imageware AG - Intelligent Information Management Solutions\"},\"image\":{\"@id\":\"https:\\\/\\\/imageware.ch\\\/de\\\/#\\\/schema\\\/logo\\\/image\\\/\"}}]}<\/script>\n<!-- \/ Yoast SEO plugin. -->","yoast_head_json":{"title":"DMCMD-DE - Imageware AG","robots":{"index":"index","follow":"follow","max-snippet":"max-snippet:-1","max-image-preview":"max-image-preview:large","max-video-preview":"max-video-preview:-1"},"canonical":"https:\/\/imageware.ch\/de\/dmcmd-de\/","og_locale":"de_DE","og_type":"article","og_title":"DMCMD-DE - Imageware AG","og_description":"DMCMD Einfache Befehlszeilen-Integration mit DM-Extension Mittels DMCMD k\u00f6nnen Fachapplikationen mit eDOCS DM auf einfachste Art ohne Programmieraufwand integriert werden. DMCMD setzt als Schnittstelle die DM Extension API ein und f\u00fchrt eine definierte parametrisierbare Suche aus. Die Interaktionen mit Dokumenten werden vollumf\u00e4nglich durch den DM-Client \u00fcbernommen. Zus\u00e4tzlich k\u00f6nnen Dokumente mittels DMCMD gespeichert werden. Funktionen im \u00dcberblick [&hellip;]","og_url":"https:\/\/imageware.ch\/de\/dmcmd-de\/","og_site_name":"Imageware AG","article_modified_time":"2024-02-14T12:41:00+00:00","og_image":[{"url":"https:\/\/imageware.ch\/wp-content\/uploads\/2024\/01\/019E80A0-066E-4CD3-A214-1057DF2839A9_4_5005_c-300x252.jpeg","type":"","width":"","height":""}],"twitter_card":"summary_large_image","twitter_misc":{"Gesch\u00e4tzte Lesezeit":"1\u00a0Minute"},"schema":{"@context":"https:\/\/schema.org","@graph":[{"@type":"WebPage","@id":"https:\/\/imageware.ch\/de\/dmcmd-de\/","url":"https:\/\/imageware.ch\/de\/dmcmd-de\/","name":"DMCMD-DE - Imageware AG","isPartOf":{"@id":"https:\/\/imageware.ch\/de\/#website"},"primaryImageOfPage":{"@id":"https:\/\/imageware.ch\/de\/dmcmd-de\/#primaryimage"},"image":{"@id":"https:\/\/imageware.ch\/de\/dmcmd-de\/#primaryimage"},"thumbnailUrl":"https:\/\/imageware.ch\/wp-content\/uploads\/2024\/01\/019E80A0-066E-4CD3-A214-1057DF2839A9_4_5005_c-300x252.jpeg","datePublished":"2023-09-27T07:55:37+00:00","dateModified":"2024-02-14T12:41:00+00:00","breadcrumb":{"@id":"https:\/\/imageware.ch\/de\/dmcmd-de\/#breadcrumb"},"inLanguage":"de","potentialAction":[{"@type":"ReadAction","target":["https:\/\/imageware.ch\/de\/dmcmd-de\/"]}]},{"@type":"ImageObject","inLanguage":"de","@id":"https:\/\/imageware.ch\/de\/dmcmd-de\/#primaryimage","url":"https:\/\/imageware.ch\/wp-content\/uploads\/2024\/01\/019E80A0-066E-4CD3-A214-1057DF2839A9_4_5005_c-300x252.jpeg","contentUrl":"https:\/\/imageware.ch\/wp-content\/uploads\/2024\/01\/019E80A0-066E-4CD3-A214-1057DF2839A9_4_5005_c-300x252.jpeg"},{"@type":"BreadcrumbList","@id":"https:\/\/imageware.ch\/de\/dmcmd-de\/#breadcrumb","itemListElement":[{"@type":"ListItem","position":1,"name":"Home","item":"https:\/\/imageware.ch\/de\/"},{"@type":"ListItem","position":2,"name":"DMCMD-DE"}]},{"@type":"WebSite","@id":"https:\/\/imageware.ch\/de\/#website","url":"https:\/\/imageware.ch\/de\/","name":"Imageware AG - Intelligent Information Management Solutions","description":"We turn information into knowledge!","publisher":{"@id":"https:\/\/imageware.ch\/de\/#organization"},"potentialAction":[{"@type":"SearchAction","target":{"@type":"EntryPoint","urlTemplate":"https:\/\/imageware.ch\/de\/?s={search_term_string}"},"query-input":{"@type":"PropertyValueSpecification","valueRequired":true,"valueName":"search_term_string"}}],"inLanguage":"de"},{"@type":"Organization","@id":"https:\/\/imageware.ch\/de\/#organization","name":"Imageware AG - Intelligent Information Management Solutions","url":"https:\/\/imageware.ch\/de\/","logo":{"@type":"ImageObject","inLanguage":"de","@id":"https:\/\/imageware.ch\/de\/#\/schema\/logo\/image\/","url":"https:\/\/imageware.ch\/wp-content\/uploads\/2023\/02\/logo1.png","contentUrl":"https:\/\/imageware.ch\/wp-content\/uploads\/2023\/02\/logo1.png","width":384,"height":110,"caption":"Imageware AG - Intelligent Information Management Solutions"},"image":{"@id":"https:\/\/imageware.ch\/de\/#\/schema\/logo\/image\/"}}]}},"_links":{"self":[{"href":"https:\/\/imageware.ch\/de\/wp-json\/wp\/v2\/pages\/18538","targetHints":{"allow":["GET"]}}],"collection":[{"href":"https:\/\/imageware.ch\/de\/wp-json\/wp\/v2\/pages"}],"about":[{"href":"https:\/\/imageware.ch\/de\/wp-json\/wp\/v2\/types\/page"}],"author":[{"embeddable":true,"href":"https:\/\/imageware.ch\/de\/wp-json\/wp\/v2\/users\/1"}],"replies":[{"embeddable":true,"href":"https:\/\/imageware.ch\/de\/wp-json\/wp\/v2\/comments?post=18538"}],"version-history":[{"count":27,"href":"https:\/\/imageware.ch\/de\/wp-json\/wp\/v2\/pages\/18538\/revisions"}],"predecessor-version":[{"id":24618,"href":"https:\/\/imageware.ch\/de\/wp-json\/wp\/v2\/pages\/18538\/revisions\/24618"}],"wp:attachment":[{"href":"https:\/\/imageware.ch\/de\/wp-json\/wp\/v2\/media?parent=18538"}],"curies":[{"name":"wp","href":"https:\/\/api.w.org\/{rel}","templated":true}]}}